{"id":17549,"date":"2024-02-02T11:22:20","date_gmt":"2024-02-02T11:22:20","guid":{"rendered":"https:\/\/gentlemenswatch.com\/?post_type=product&#038;p=17549"},"modified":"2024-11-05T14:46:57","modified_gmt":"2024-11-05T14:46:57","slug":"das-oldtimer-buch","status":"publish","type":"product","link":"https:\/\/gentlemenswatch.com\/de\/shop\/autobuch\/das-oldtimer-buch\/","title":{"rendered":"DAS OLDTIMER-BUCH"},"content":{"rendered":"<div id=\"content_description\" class=\"ty-wysiwyg-content content-description\">\n<div><\/div>\n<\/div>\n<h3 id=\"features\" class=\"tab-list-title\">FEATURES<\/h3>\n<div id=\"content_features\" class=\"ty-wysiwyg-content content-features\">\n<div class=\"ty-product-feature\"><span class=\"ty-product-feature__label\">Format:<\/span> <span style=\"font-size: 14px; color: var(--c-contrast-800);\">25 x 32 cm<\/span><\/div>\n<div class=\"ty-product-feature\"><span class=\"ty-product-feature__label\">Anzahl der Fotos:<\/span> <span style=\"font-size: 14px; color: var(--c-contrast-800);\">150 Farbfotos<\/span><\/div>\n<div class=\"ty-product-feature\"><span class=\"ty-product-feature__label\">Umsetzung:<\/span> <span style=\"font-size: 14px; color: var(--c-contrast-800);\">Hardcover<\/span><\/div>\n<div class=\"ty-product-feature\"><span class=\"ty-product-feature__label\">Sprache:<\/span> <span style=\"font-size: 14px; color: var(--c-contrast-800);\">Eng,Dui,Fra,Rus,Chi<\/span><\/div>\n<\/div>","protected":false},"excerpt":{"rendered":"<div id=\"content_description\" class=\"ty-wysiwyg-content content-description\">\n<div>\n<p>Das Classic Cars Buch - Jetzt in kleiner Auflage<\/p>\n<p class=\"p1\"><span class=\"s1\">Ein Concours d\u00c9l\u00e9gance in Buchform - ein Muss f\u00fcr Autoliebhaber und Sammler<\/span><\/p>\n<p class=\"p1\"><span class=\"s1\">Legend\u00e4re Automobilgeschichte, unbezahlbare Einzelst\u00fccke und die beliebtesten Oldtimer, alles im Kleinformat.<\/span><\/p>\n<p class=\"p1\"><span class=\"s1\">Auf den gro\u00dfen Autoshows von Pebble Beach bis Villa dEste sind Oldtimer zu sehen, die zwar keine Bestnoten im Windkanal erreichen, aber einen zeitlosen Stil haben, der die Herzen aller Liebhaber h\u00f6her schlagen l\u00e4sst. Der Fotograf Ansel Adams, der in Pebble Beach Ehrenvater war, bezeichnete sie einmal als: die Art von Fahrzeug, in der ich begraben werden wollen w\u00fcrde. Vom Maserati Ghibli bis hin zum Ford Thunderbird hat Ren\u00e9 Staud Autoklassiker in subtilen bis spektakul\u00e4ren Kulissen abgelichtet. J\u00fcrgen Lewandowski als Mitorganisator und Leiter des Car Selection Committees der Schloss Bensberg Classics liefert die ma\u00dfgeblichen Texte. Das Classic Cars Book zeigt pure Leidenschaft f\u00fcr diese spektakul\u00e4ren Fahrzeuge und spricht sowohl bestehende Fans als auch solche an, die noch nicht in ihren Bann gezogen wurden.<\/span><\/p>\n<\/div>\n<\/div>\n<h3 id=\"features\" class=\"tab-list-title\"><\/h3>","protected":false},"featured_media":17550,"comment_status":"closed","ping_status":"closed","template":"","meta":[],"product_brand":[],"product_cat":[572,690],"product_tag":[750,752,746,751,749,747,748],"class_list":{"0":"post-17549","1":"product","2":"type-product","3":"status-publish","4":"has-post-thumbnail","6":"product_cat-autoboek","7":"product_cat-koffietafelboek","8":"product_tag-astonmartin","9":"product_tag-autoklassiekers","10":"product_tag-classiccars","11":"product_tag-fordthunderbird","12":"product_tag-maserati","13":"product_tag-pebblebeach","14":"product_tag-villadeste","16":"first","17":"outofstock","18":"taxable","19":"shipping-taxable","20":"purchasable","21":"product-type-simple"},"yoast_head":"<!-- This site is optimized with the Yoast SEO plugin v26.5 - https:\/\/yoast.com\/wordpress\/plugins\/seo\/ -->\n<title>THE CLASSIC CARS BOOK - Gentlemen&#039;s Watch<\/title>\n<meta name=\"robots\" content=\"index, follow, max-snippet:-1, max-image-preview:large, max-video-preview:-1\" \/>\n<link rel=\"canonical\" href=\"https:\/\/gentlemenswatch.com\/de\/shop\/autobuch\/das-oldtimer-buch\/\" \/>\n<meta property=\"og:locale\" content=\"de_DE\" \/>\n<meta property=\"og:type\" content=\"article\" \/>\n<meta property=\"og:title\" content=\"THE CLASSIC CARS BOOK - Gentlemen&#039;s Watch\" \/>\n<meta property=\"og:description\" content=\"The Classic Cars Book - \u00a0Nu in een kleine editie Een Concours d\u00c9l\u00e9gance in boekvorm - een must voor autoliefhebbers en verzamelaars Legendarische autogeschiedenis, onbetaalbare one-offs en de populairste klassieke auto&#039;s, allemaal gepresenteerd in een klein formaat. Grote autoshows, van Pebble Beach tot Villa dEste, bevatten klassieke auto&#039;s die, hoewel ze misschien geen toppunten in de windtunnel behalen, een tijdloze stijl hebben die de harten van alle liefhebbers sneller doet kloppen. Fotograaf Ansel Adams, die erevader was op Pebble Beach, stelde ze ooit als volgt vast: het type voertuig waarin ik begraven zou willen worden. Van de Maserati Ghibli tot de Ford Thunderbird heeft Ren\u00e9 Staud autoklassiekers beschoten in instellingen vari\u00ebrend van subtiel tot spectaculair. Als co-organisator en hoofd van het Car Selection Committee voor Schloss Bensberg Classics, levert J\u00fcrgen Lewandowski gezaghebbende teksten. Het Classic Cars Book geeft blijk van pure passie voor deze spectaculaire voertuigen, een beroep op bestaande fans en diegenen die nog in hun ban zullen raken.\" \/>\n<meta property=\"og:url\" content=\"https:\/\/gentlemenswatch.com\/de\/shop\/autobuch\/das-oldtimer-buch\/\" \/>\n<meta property=\"og:site_name\" content=\"Gentlemen&#039;s Watch\" \/>\n<meta property=\"article:publisher\" content=\"https:\/\/www.facebook.com\/GentlemensWATCH\" \/>\n<meta property=\"article:modified_time\" content=\"2024-11-05T14:46:57+00:00\" \/>\n<meta property=\"og:image\" content=\"https:\/\/gentlemenswatch.com\/wp-content\/uploads\/2024\/02\/The_Classic_Cars_Book_73385.jpg\" \/>\n\t<meta property=\"og:image:width\" content=\"426\" \/>\n\t<meta property=\"og:image:height\" content=\"536\" \/>\n\t<meta property=\"og:image:type\" content=\"image\/jpeg\" \/>\n<meta name=\"twitter:card\" content=\"summary_large_image\" \/>\n<meta name=\"twitter:label1\" content=\"Gesch\u00e4tzte Lesezeit\" \/>\n\t<meta name=\"twitter:data1\" content=\"1\u00a0Minute\" \/>\n<script type=\"application\/ld+json\" class=\"yoast-schema-graph\">{\"@context\":\"https:\/\/schema.org\",\"@graph\":[{\"@type\":\"WebPage\",\"@id\":\"https:\/\/gentlemenswatch.com\/shop\/autoboek\/the-classic-cars-book\/\",\"url\":\"https:\/\/gentlemenswatch.com\/shop\/autoboek\/the-classic-cars-book\/\",\"name\":\"THE CLASSIC CARS BOOK - Gentlemen&#039;s Watch\",\"isPartOf\":{\"@id\":\"https:\/\/gentlemenswatch.com\/#website\"},\"primaryImageOfPage\":{\"@id\":\"https:\/\/gentlemenswatch.com\/shop\/autoboek\/the-classic-cars-book\/#primaryimage\"},\"image\":{\"@id\":\"https:\/\/gentlemenswatch.com\/shop\/autoboek\/the-classic-cars-book\/#primaryimage\"},\"thumbnailUrl\":\"https:\/\/gentlemenswatch.com\/wp-content\/uploads\/2024\/02\/The_Classic_Cars_Book_73385.jpg\",\"datePublished\":\"2024-02-02T11:22:20+00:00\",\"dateModified\":\"2024-11-05T14:46:57+00:00\",\"breadcrumb\":{\"@id\":\"https:\/\/gentlemenswatch.com\/shop\/autoboek\/the-classic-cars-book\/#breadcrumb\"},\"inLanguage\":\"de\",\"potentialAction\":[{\"@type\":\"ReadAction\",\"target\":[\"https:\/\/gentlemenswatch.com\/shop\/autoboek\/the-classic-cars-book\/\"]}]},{\"@type\":\"ImageObject\",\"inLanguage\":\"de\",\"@id\":\"https:\/\/gentlemenswatch.com\/shop\/autoboek\/the-classic-cars-book\/#primaryimage\",\"url\":\"https:\/\/gentlemenswatch.com\/wp-content\/uploads\/2024\/02\/The_Classic_Cars_Book_73385.jpg\",\"contentUrl\":\"https:\/\/gentlemenswatch.com\/wp-content\/uploads\/2024\/02\/The_Classic_Cars_Book_73385.jpg\",\"width\":426,\"height\":536},{\"@type\":\"BreadcrumbList\",\"@id\":\"https:\/\/gentlemenswatch.com\/shop\/autoboek\/the-classic-cars-book\/#breadcrumb\",\"itemListElement\":[{\"@type\":\"ListItem\",\"position\":1,\"name\":\"Home\",\"item\":\"https:\/\/gentlemenswatch.com\/\"},{\"@type\":\"ListItem\",\"position\":2,\"name\":\"Winkel\",\"item\":\"https:\/\/gentlemenswatch.com\/winkel\/\"},{\"@type\":\"ListItem\",\"position\":3,\"name\":\"THE CLASSIC CARS BOOK\"}]},{\"@type\":\"WebSite\",\"@id\":\"https:\/\/gentlemenswatch.com\/#website\",\"url\":\"https:\/\/gentlemenswatch.com\/\",\"name\":\"Gentlemen's Watch\",\"description\":\"Serious about style\",\"publisher\":{\"@id\":\"https:\/\/gentlemenswatch.com\/#organization\"},\"potentialAction\":[{\"@type\":\"SearchAction\",\"target\":{\"@type\":\"EntryPoint\",\"urlTemplate\":\"https:\/\/gentlemenswatch.com\/?s={search_term_string}\"},\"query-input\":{\"@type\":\"PropertyValueSpecification\",\"valueRequired\":true,\"valueName\":\"search_term_string\"}}],\"inLanguage\":\"de\"},{\"@type\":\"Organization\",\"@id\":\"https:\/\/gentlemenswatch.com\/#organization\",\"name\":\"Gentlemen's Watch\",\"url\":\"https:\/\/gentlemenswatch.com\/\",\"logo\":{\"@type\":\"ImageObject\",\"inLanguage\":\"de\",\"@id\":\"https:\/\/gentlemenswatch.com\/#\/schema\/logo\/image\/\",\"url\":\"https:\/\/gentlemenswatch.com\/wp-content\/uploads\/2025\/05\/GWlogo.png\",\"contentUrl\":\"https:\/\/gentlemenswatch.com\/wp-content\/uploads\/2025\/05\/GWlogo.png\",\"width\":2956,\"height\":477,\"caption\":\"Gentlemen's Watch\"},\"image\":{\"@id\":\"https:\/\/gentlemenswatch.com\/#\/schema\/logo\/image\/\"},\"sameAs\":[\"https:\/\/www.facebook.com\/GentlemensWATCH\",\"https:\/\/www.instagram.com\/gentlemenswatch\/\"]}]}<\/script>\n<!-- \/ Yoast SEO plugin. -->","yoast_head_json":{"title":"THE CLASSIC CARS BOOK - Gentlemen&#039;s Watch","robots":{"index":"index","follow":"follow","max-snippet":"max-snippet:-1","max-image-preview":"max-image-preview:large","max-video-preview":"max-video-preview:-1"},"canonical":"https:\/\/gentlemenswatch.com\/de\/shop\/autobuch\/das-oldtimer-buch\/","og_locale":"de_DE","og_type":"article","og_title":"THE CLASSIC CARS BOOK - Gentlemen&#039;s Watch","og_description":"The Classic Cars Book - \u00a0Nu in een kleine editie Een Concours d\u00c9l\u00e9gance in boekvorm - een must voor autoliefhebbers en verzamelaars Legendarische autogeschiedenis, onbetaalbare one-offs en de populairste klassieke auto's, allemaal gepresenteerd in een klein formaat. Grote autoshows, van Pebble Beach tot Villa dEste, bevatten klassieke auto's die, hoewel ze misschien geen toppunten in de windtunnel behalen, een tijdloze stijl hebben die de harten van alle liefhebbers sneller doet kloppen. Fotograaf Ansel Adams, die erevader was op Pebble Beach, stelde ze ooit als volgt vast: het type voertuig waarin ik begraven zou willen worden. Van de Maserati Ghibli tot de Ford Thunderbird heeft Ren\u00e9 Staud autoklassiekers beschoten in instellingen vari\u00ebrend van subtiel tot spectaculair. Als co-organisator en hoofd van het Car Selection Committee voor Schloss Bensberg Classics, levert J\u00fcrgen Lewandowski gezaghebbende teksten. Het Classic Cars Book geeft blijk van pure passie voor deze spectaculaire voertuigen, een beroep op bestaande fans en diegenen die nog in hun ban zullen raken.","og_url":"https:\/\/gentlemenswatch.com\/de\/shop\/autobuch\/das-oldtimer-buch\/","og_site_name":"Gentlemen&#039;s Watch","article_publisher":"https:\/\/www.facebook.com\/GentlemensWATCH","article_modified_time":"2024-11-05T14:46:57+00:00","og_image":[{"width":426,"height":536,"url":"https:\/\/gentlemenswatch.com\/wp-content\/uploads\/2024\/02\/The_Classic_Cars_Book_73385.jpg","type":"image\/jpeg"}],"twitter_card":"summary_large_image","twitter_misc":{"Gesch\u00e4tzte Lesezeit":"1\u00a0Minute"},"schema":{"@context":"https:\/\/schema.org","@graph":[{"@type":"WebPage","@id":"https:\/\/gentlemenswatch.com\/shop\/autoboek\/the-classic-cars-book\/","url":"https:\/\/gentlemenswatch.com\/shop\/autoboek\/the-classic-cars-book\/","name":"THE CLASSIC CARS BOOK - Gentlemen&#039;s Watch","isPartOf":{"@id":"https:\/\/gentlemenswatch.com\/#website"},"primaryImageOfPage":{"@id":"https:\/\/gentlemenswatch.com\/shop\/autoboek\/the-classic-cars-book\/#primaryimage"},"image":{"@id":"https:\/\/gentlemenswatch.com\/shop\/autoboek\/the-classic-cars-book\/#primaryimage"},"thumbnailUrl":"https:\/\/gentlemenswatch.com\/wp-content\/uploads\/2024\/02\/The_Classic_Cars_Book_73385.jpg","datePublished":"2024-02-02T11:22:20+00:00","dateModified":"2024-11-05T14:46:57+00:00","breadcrumb":{"@id":"https:\/\/gentlemenswatch.com\/shop\/autoboek\/the-classic-cars-book\/#breadcrumb"},"inLanguage":"de","potentialAction":[{"@type":"ReadAction","target":["https:\/\/gentlemenswatch.com\/shop\/autoboek\/the-classic-cars-book\/"]}]},{"@type":"ImageObject","inLanguage":"de","@id":"https:\/\/gentlemenswatch.com\/shop\/autoboek\/the-classic-cars-book\/#primaryimage","url":"https:\/\/gentlemenswatch.com\/wp-content\/uploads\/2024\/02\/The_Classic_Cars_Book_73385.jpg","contentUrl":"https:\/\/gentlemenswatch.com\/wp-content\/uploads\/2024\/02\/The_Classic_Cars_Book_73385.jpg","width":426,"height":536},{"@type":"BreadcrumbList","@id":"https:\/\/gentlemenswatch.com\/shop\/autoboek\/the-classic-cars-book\/#breadcrumb","itemListElement":[{"@type":"ListItem","position":1,"name":"Home","item":"https:\/\/gentlemenswatch.com\/"},{"@type":"ListItem","position":2,"name":"Winkel","item":"https:\/\/gentlemenswatch.com\/winkel\/"},{"@type":"ListItem","position":3,"name":"THE CLASSIC CARS BOOK"}]},{"@type":"WebSite","@id":"https:\/\/gentlemenswatch.com\/#website","url":"https:\/\/gentlemenswatch.com\/","name":"Gentlemen's Watch","description":"Ernsthaftigkeit im Stil","publisher":{"@id":"https:\/\/gentlemenswatch.com\/#organization"},"potentialAction":[{"@type":"SearchAction","target":{"@type":"EntryPoint","urlTemplate":"https:\/\/gentlemenswatch.com\/?s={search_term_string}"},"query-input":{"@type":"PropertyValueSpecification","valueRequired":true,"valueName":"search_term_string"}}],"inLanguage":"de"},{"@type":"Organization","@id":"https:\/\/gentlemenswatch.com\/#organization","name":"Gentlemen's Watch","url":"https:\/\/gentlemenswatch.com\/","logo":{"@type":"ImageObject","inLanguage":"de","@id":"https:\/\/gentlemenswatch.com\/#\/schema\/logo\/image\/","url":"https:\/\/gentlemenswatch.com\/wp-content\/uploads\/2025\/05\/GWlogo.png","contentUrl":"https:\/\/gentlemenswatch.com\/wp-content\/uploads\/2025\/05\/GWlogo.png","width":2956,"height":477,"caption":"Gentlemen's Watch"},"image":{"@id":"https:\/\/gentlemenswatch.com\/#\/schema\/logo\/image\/"},"sameAs":["https:\/\/www.facebook.com\/GentlemensWATCH","https:\/\/www.instagram.com\/gentlemenswatch\/"]}]}},"_links":{"self":[{"href":"https:\/\/gentlemenswatch.com\/de\/wp-json\/wp\/v2\/product\/17549","targetHints":{"allow":["GET"]}}],"collection":[{"href":"https:\/\/gentlemenswatch.com\/de\/wp-json\/wp\/v2\/product"}],"about":[{"href":"https:\/\/gentlemenswatch.com\/de\/wp-json\/wp\/v2\/types\/product"}],"replies":[{"embeddable":true,"href":"https:\/\/gentlemenswatch.com\/de\/wp-json\/wp\/v2\/comments?post=17549"}],"wp:featuredmedia":[{"embeddable":true,"href":"https:\/\/gentlemenswatch.com\/de\/wp-json\/wp\/v2\/media\/17550"}],"wp:attachment":[{"href":"https:\/\/gentlemenswatch.com\/de\/wp-json\/wp\/v2\/media?parent=17549"}],"wp:term":[{"taxonomy":"product_brand","embeddable":true,"href":"https:\/\/gentlemenswatch.com\/de\/wp-json\/wp\/v2\/product_brand?post=17549"},{"taxonomy":"product_cat","embeddable":true,"href":"https:\/\/gentlemenswatch.com\/de\/wp-json\/wp\/v2\/product_cat?post=17549"},{"taxonomy":"product_tag","embeddable":true,"href":"https:\/\/gentlemenswatch.com\/de\/wp-json\/wp\/v2\/product_tag?post=17549"}],"curies":[{"name":"wp","href":"https:\/\/api.w.org\/{rel}","templated":true}]}}