{"id":17543,"date":"2024-01-31T18:15:42","date_gmt":"2024-01-31T18:15:42","guid":{"rendered":"https:\/\/gentlemenswatch.com\/?post_type=product&#038;p=17543"},"modified":"2024-01-31T18:19:52","modified_gmt":"2024-01-31T18:19:52","slug":"schwarze-schonheiten","status":"publish","type":"product","link":"https:\/\/gentlemenswatch.com\/de\/shop\/autobuch\/schwarze-schonheiten\/","title":{"rendered":"SCHWARZE SCH\u00d6NHEITEN"},"content":{"rendered":"<h4 class=\"tab-list-title\"><em style=\"font-size: 14px; color: var(--c-contrast-800);\"><strong>Schwarze Sch\u00f6nheiten<\/strong><\/em><span style=\"font-size: 14px; color: var(--c-contrast-800);\"> ist viel mehr als ein Autobuch: Es beleuchtet die Bedeutung der Farbe Schwarz - ein h\u00f6chst originelles Werk.<\/span><\/h4>\n<h4 class=\"tab-list-title\">Die sch\u00f6ne Einbandgestaltung macht diesen Bildband zu einem Sammlerst\u00fcck.<\/h4>\n<div id=\"content_description\" class=\"ty-wysiwyg-content content-description\">\n<p>Wenn der Name Ren\u00e9 Staud hinter dem Objektiv steht, k\u00f6nnen Sie Qualit\u00e4t und Stil erwarten.\u00a0<em><strong>Schwarze Sch\u00f6nheiten<\/strong><\/em>\u00a0ist ein Meisterwerk, das \u00fcber Autos hinausgeht - es erforscht die tiefere Bedeutung der Farbe Schwarz und bietet eine einzigartige Sichtweise auf Sch\u00f6nheit und Eleganz. Mit seinem exklusiven Coverdesign ist dieses Buch nicht nur eine Augenweide, sondern auch ein Muss f\u00fcr Sammler und Autoliebhaber. Lassen Sie sich diese Gelegenheit nicht entgehen, ein wertvolles Buch zu erwerben.<\/p>\n<\/div>\n<h3 id=\"features\" class=\"tab-list-title\">FEATURES<\/h3>\n<div id=\"content_features\" class=\"ty-wysiwyg-content content-features\">\n<div class=\"ty-product-feature\"><span class=\"ty-product-feature__label\">Format:<\/span> <span style=\"font-size: 14px; color: var(--c-contrast-800);\">24,5 x 31,4 cm<\/span><\/div>\n<div class=\"ty-product-feature\"><span class=\"ty-product-feature__label\">Anzahl der Seiten:<\/span> <span style=\"font-size: 14px; color: var(--c-contrast-800);\">304<\/span><\/div>\n<div class=\"ty-product-feature\"><span class=\"ty-product-feature__label\">Anzahl der Fotos:<\/span> <span style=\"font-size: 14px; color: var(--c-contrast-800);\">ca. 200 Farbfotos<\/span><\/div>\n<div class=\"ty-product-feature\"><span class=\"ty-product-feature__label\">Umsetzung:<\/span> <span style=\"font-size: 14px; color: var(--c-contrast-800);\">Hardcover<\/span><\/div>\n<div class=\"ty-product-feature\"><span class=\"ty-product-feature__label\">Sprache:<\/span> <span style=\"font-size: 14px; color: var(--c-contrast-800);\">Englisch, Deutsch<\/span><\/div>\n<\/div>","protected":false},"excerpt":{"rendered":"<h4 class=\"tab-list-title\"><em style=\"font-size: 14px; color: var(--c-contrast-800);\"><strong>Schwarze Sch\u00f6nheiten<\/strong><\/em><span style=\"font-size: 14px; color: var(--c-contrast-800);\"> ist viel mehr als ein Autobuch: Es beleuchtet die Bedeutung der Farbe Schwarz - ein h\u00f6chst originelles Werk.<\/span><\/h4>","protected":false},"featured_media":17544,"comment_status":"closed","ping_status":"closed","template":"","meta":[],"product_brand":[],"product_cat":[572,690],"product_tag":[744,728,570,745],"class_list":{"0":"post-17543","1":"product","2":"type-product","3":"status-publish","4":"has-post-thumbnail","6":"product_cat-autoboek","7":"product_cat-koffietafelboek","8":"product_tag-autoboek","9":"product_tag-koffietafelboek","10":"product_tag-sportscar","11":"product_tag-zwarteautos","13":"first","14":"instock","15":"taxable","16":"shipping-taxable","17":"purchasable","18":"product-type-simple"},"yoast_head":"<!-- This site is optimized with the Yoast SEO plugin v26.5 - https:\/\/yoast.com\/wordpress\/plugins\/seo\/ -->\n<title>BLACK BEAUTIES - Gentlemen&#039;s Watch<\/title>\n<meta name=\"robots\" content=\"index, follow, max-snippet:-1, max-image-preview:large, max-video-preview:-1\" \/>\n<link rel=\"canonical\" href=\"https:\/\/gentlemenswatch.com\/de\/shop\/autobuch\/schwarze-schonheiten\/\" \/>\n<meta property=\"og:locale\" content=\"de_DE\" \/>\n<meta property=\"og:type\" content=\"article\" \/>\n<meta property=\"og:title\" content=\"BLACK BEAUTIES - Gentlemen&#039;s Watch\" \/>\n<meta property=\"og:description\" content=\"Black Beauties is veel meer dan een autoboek: het werpt licht op de betekenis van de kleur zwart - een zeer origineel werk.\" \/>\n<meta property=\"og:url\" content=\"https:\/\/gentlemenswatch.com\/de\/shop\/autobuch\/schwarze-schonheiten\/\" \/>\n<meta property=\"og:site_name\" content=\"Gentlemen&#039;s Watch\" \/>\n<meta property=\"article:publisher\" content=\"https:\/\/www.facebook.com\/GentlemensWATCH\" \/>\n<meta property=\"article:modified_time\" content=\"2024-01-31T18:19:52+00:00\" \/>\n<meta property=\"og:image\" content=\"https:\/\/gentlemenswatch.com\/wp-content\/uploads\/2024\/01\/9783961715299.jpg\" \/>\n\t<meta property=\"og:image:width\" content=\"666\" \/>\n\t<meta property=\"og:image:height\" content=\"884\" \/>\n\t<meta property=\"og:image:type\" content=\"image\/jpeg\" \/>\n<meta name=\"twitter:card\" content=\"summary_large_image\" \/>\n<meta name=\"twitter:label1\" content=\"Gesch\u00e4tzte Lesezeit\" \/>\n\t<meta name=\"twitter:data1\" content=\"1\u00a0Minute\" \/>\n<script type=\"application\/ld+json\" class=\"yoast-schema-graph\">{\"@context\":\"https:\/\/schema.org\",\"@graph\":[{\"@type\":\"WebPage\",\"@id\":\"https:\/\/gentlemenswatch.com\/shop\/autoboek\/black-beauties\/\",\"url\":\"https:\/\/gentlemenswatch.com\/shop\/autoboek\/black-beauties\/\",\"name\":\"BLACK BEAUTIES - Gentlemen&#039;s Watch\",\"isPartOf\":{\"@id\":\"https:\/\/gentlemenswatch.com\/#website\"},\"primaryImageOfPage\":{\"@id\":\"https:\/\/gentlemenswatch.com\/shop\/autoboek\/black-beauties\/#primaryimage\"},\"image\":{\"@id\":\"https:\/\/gentlemenswatch.com\/shop\/autoboek\/black-beauties\/#primaryimage\"},\"thumbnailUrl\":\"https:\/\/gentlemenswatch.com\/wp-content\/uploads\/2024\/01\/9783961715299.jpg\",\"datePublished\":\"2024-01-31T18:15:42+00:00\",\"dateModified\":\"2024-01-31T18:19:52+00:00\",\"breadcrumb\":{\"@id\":\"https:\/\/gentlemenswatch.com\/shop\/autoboek\/black-beauties\/#breadcrumb\"},\"inLanguage\":\"de\",\"potentialAction\":[{\"@type\":\"ReadAction\",\"target\":[\"https:\/\/gentlemenswatch.com\/shop\/autoboek\/black-beauties\/\"]}]},{\"@type\":\"ImageObject\",\"inLanguage\":\"de\",\"@id\":\"https:\/\/gentlemenswatch.com\/shop\/autoboek\/black-beauties\/#primaryimage\",\"url\":\"https:\/\/gentlemenswatch.com\/wp-content\/uploads\/2024\/01\/9783961715299.jpg\",\"contentUrl\":\"https:\/\/gentlemenswatch.com\/wp-content\/uploads\/2024\/01\/9783961715299.jpg\",\"width\":666,\"height\":884},{\"@type\":\"BreadcrumbList\",\"@id\":\"https:\/\/gentlemenswatch.com\/shop\/autoboek\/black-beauties\/#breadcrumb\",\"itemListElement\":[{\"@type\":\"ListItem\",\"position\":1,\"name\":\"Home\",\"item\":\"https:\/\/gentlemenswatch.com\/\"},{\"@type\":\"ListItem\",\"position\":2,\"name\":\"Winkel\",\"item\":\"https:\/\/gentlemenswatch.com\/winkel\/\"},{\"@type\":\"ListItem\",\"position\":3,\"name\":\"BLACK BEAUTIES\"}]},{\"@type\":\"WebSite\",\"@id\":\"https:\/\/gentlemenswatch.com\/#website\",\"url\":\"https:\/\/gentlemenswatch.com\/\",\"name\":\"Gentlemen's Watch\",\"description\":\"Serious about style\",\"publisher\":{\"@id\":\"https:\/\/gentlemenswatch.com\/#organization\"},\"potentialAction\":[{\"@type\":\"SearchAction\",\"target\":{\"@type\":\"EntryPoint\",\"urlTemplate\":\"https:\/\/gentlemenswatch.com\/?s={search_term_string}\"},\"query-input\":{\"@type\":\"PropertyValueSpecification\",\"valueRequired\":true,\"valueName\":\"search_term_string\"}}],\"inLanguage\":\"de\"},{\"@type\":\"Organization\",\"@id\":\"https:\/\/gentlemenswatch.com\/#organization\",\"name\":\"Gentlemen's Watch\",\"url\":\"https:\/\/gentlemenswatch.com\/\",\"logo\":{\"@type\":\"ImageObject\",\"inLanguage\":\"de\",\"@id\":\"https:\/\/gentlemenswatch.com\/#\/schema\/logo\/image\/\",\"url\":\"https:\/\/gentlemenswatch.com\/wp-content\/uploads\/2025\/05\/GWlogo.png\",\"contentUrl\":\"https:\/\/gentlemenswatch.com\/wp-content\/uploads\/2025\/05\/GWlogo.png\",\"width\":2956,\"height\":477,\"caption\":\"Gentlemen's Watch\"},\"image\":{\"@id\":\"https:\/\/gentlemenswatch.com\/#\/schema\/logo\/image\/\"},\"sameAs\":[\"https:\/\/www.facebook.com\/GentlemensWATCH\",\"https:\/\/www.instagram.com\/gentlemenswatch\/\"]}]}<\/script>\n<!-- \/ Yoast SEO plugin. -->","yoast_head_json":{"title":"BLACK BEAUTIES - Herren&#039;s Uhr","robots":{"index":"index","follow":"follow","max-snippet":"max-snippet:-1","max-image-preview":"max-image-preview:large","max-video-preview":"max-video-preview:-1"},"canonical":"https:\/\/gentlemenswatch.com\/de\/shop\/autobuch\/schwarze-schonheiten\/","og_locale":"de_DE","og_type":"article","og_title":"BLACK BEAUTIES - Gentlemen&#039;s Watch","og_description":"Black Beauties is veel meer dan een autoboek: het werpt licht op de betekenis van de kleur zwart - een zeer origineel werk.","og_url":"https:\/\/gentlemenswatch.com\/de\/shop\/autobuch\/schwarze-schonheiten\/","og_site_name":"Gentlemen&#039;s Watch","article_publisher":"https:\/\/www.facebook.com\/GentlemensWATCH","article_modified_time":"2024-01-31T18:19:52+00:00","og_image":[{"width":666,"height":884,"url":"https:\/\/gentlemenswatch.com\/wp-content\/uploads\/2024\/01\/9783961715299.jpg","type":"image\/jpeg"}],"twitter_card":"summary_large_image","twitter_misc":{"Gesch\u00e4tzte Lesezeit":"1\u00a0Minute"},"schema":{"@context":"https:\/\/schema.org","@graph":[{"@type":"WebPage","@id":"https:\/\/gentlemenswatch.com\/shop\/autoboek\/black-beauties\/","url":"https:\/\/gentlemenswatch.com\/shop\/autoboek\/black-beauties\/","name":"BLACK BEAUTIES - Herren&#039;s Uhr","isPartOf":{"@id":"https:\/\/gentlemenswatch.com\/#website"},"primaryImageOfPage":{"@id":"https:\/\/gentlemenswatch.com\/shop\/autoboek\/black-beauties\/#primaryimage"},"image":{"@id":"https:\/\/gentlemenswatch.com\/shop\/autoboek\/black-beauties\/#primaryimage"},"thumbnailUrl":"https:\/\/gentlemenswatch.com\/wp-content\/uploads\/2024\/01\/9783961715299.jpg","datePublished":"2024-01-31T18:15:42+00:00","dateModified":"2024-01-31T18:19:52+00:00","breadcrumb":{"@id":"https:\/\/gentlemenswatch.com\/shop\/autoboek\/black-beauties\/#breadcrumb"},"inLanguage":"de","potentialAction":[{"@type":"ReadAction","target":["https:\/\/gentlemenswatch.com\/shop\/autoboek\/black-beauties\/"]}]},{"@type":"ImageObject","inLanguage":"de","@id":"https:\/\/gentlemenswatch.com\/shop\/autoboek\/black-beauties\/#primaryimage","url":"https:\/\/gentlemenswatch.com\/wp-content\/uploads\/2024\/01\/9783961715299.jpg","contentUrl":"https:\/\/gentlemenswatch.com\/wp-content\/uploads\/2024\/01\/9783961715299.jpg","width":666,"height":884},{"@type":"BreadcrumbList","@id":"https:\/\/gentlemenswatch.com\/shop\/autoboek\/black-beauties\/#breadcrumb","itemListElement":[{"@type":"ListItem","position":1,"name":"Home","item":"https:\/\/gentlemenswatch.com\/"},{"@type":"ListItem","position":2,"name":"Winkel","item":"https:\/\/gentlemenswatch.com\/winkel\/"},{"@type":"ListItem","position":3,"name":"BLACK BEAUTIES"}]},{"@type":"WebSite","@id":"https:\/\/gentlemenswatch.com\/#website","url":"https:\/\/gentlemenswatch.com\/","name":"Gentlemen's Watch","description":"Ernsthaftigkeit im Stil","publisher":{"@id":"https:\/\/gentlemenswatch.com\/#organization"},"potentialAction":[{"@type":"SearchAction","target":{"@type":"EntryPoint","urlTemplate":"https:\/\/gentlemenswatch.com\/?s={search_term_string}"},"query-input":{"@type":"PropertyValueSpecification","valueRequired":true,"valueName":"search_term_string"}}],"inLanguage":"de"},{"@type":"Organization","@id":"https:\/\/gentlemenswatch.com\/#organization","name":"Gentlemen's Watch","url":"https:\/\/gentlemenswatch.com\/","logo":{"@type":"ImageObject","inLanguage":"de","@id":"https:\/\/gentlemenswatch.com\/#\/schema\/logo\/image\/","url":"https:\/\/gentlemenswatch.com\/wp-content\/uploads\/2025\/05\/GWlogo.png","contentUrl":"https:\/\/gentlemenswatch.com\/wp-content\/uploads\/2025\/05\/GWlogo.png","width":2956,"height":477,"caption":"Gentlemen's Watch"},"image":{"@id":"https:\/\/gentlemenswatch.com\/#\/schema\/logo\/image\/"},"sameAs":["https:\/\/www.facebook.com\/GentlemensWATCH","https:\/\/www.instagram.com\/gentlemenswatch\/"]}]}},"_links":{"self":[{"href":"https:\/\/gentlemenswatch.com\/de\/wp-json\/wp\/v2\/product\/17543","targetHints":{"allow":["GET"]}}],"collection":[{"href":"https:\/\/gentlemenswatch.com\/de\/wp-json\/wp\/v2\/product"}],"about":[{"href":"https:\/\/gentlemenswatch.com\/de\/wp-json\/wp\/v2\/types\/product"}],"replies":[{"embeddable":true,"href":"https:\/\/gentlemenswatch.com\/de\/wp-json\/wp\/v2\/comments?post=17543"}],"wp:featuredmedia":[{"embeddable":true,"href":"https:\/\/gentlemenswatch.com\/de\/wp-json\/wp\/v2\/media\/17544"}],"wp:attachment":[{"href":"https:\/\/gentlemenswatch.com\/de\/wp-json\/wp\/v2\/media?parent=17543"}],"wp:term":[{"taxonomy":"product_brand","embeddable":true,"href":"https:\/\/gentlemenswatch.com\/de\/wp-json\/wp\/v2\/product_brand?post=17543"},{"taxonomy":"product_cat","embeddable":true,"href":"https:\/\/gentlemenswatch.com\/de\/wp-json\/wp\/v2\/product_cat?post=17543"},{"taxonomy":"product_tag","embeddable":true,"href":"https:\/\/gentlemenswatch.com\/de\/wp-json\/wp\/v2\/product_tag?post=17543"}],"curies":[{"name":"wp","href":"https:\/\/api.w.org\/{rel}","templated":true}]}}