{"id":17413,"date":"2024-01-10T11:59:27","date_gmt":"2024-01-10T11:59:27","guid":{"rendered":"https:\/\/gentlemenswatch.com\/?post_type=product&#038;p=17413"},"modified":"2024-01-10T12:05:39","modified_gmt":"2024-01-10T12:05:39","slug":"porsche-eine-leidenschaft-fur-kraft","status":"publish","type":"product","link":"https:\/\/gentlemenswatch.com\/de\/shop\/autobuch\/porsche-eine-leidenschaft-fur-kraft\/","title":{"rendered":"PORSCHE - EINE LEIDENSCHAFT F\u00dcR KRAFT"},"content":{"rendered":"<h3 id=\"description\" class=\"tab-list-title\">DETAILS<\/h3>\n<div id=\"content_description\" class=\"ty-wysiwyg-content content-description\">\n<div>\n<ul>\n<li>Ein sch\u00f6ner Bildband zum 75-j\u00e4hrigen Jubil\u00e4um der Porsche-Sportwagen.<\/li>\n<li>Der silberne Folieneinband mit seiner gl\u00e4nzenden Optik macht es zu einem eindrucksvollen Geschenk.<\/li>\n<li>Ein neuer Autofotoband des Starfotografen Ren\u00e9 Staud.<\/li>\n<\/ul>\n<p>Ren\u00e9 Staud ist die Koryph\u00e4e der Automobilfotografie. Der Durchbruch gelang ihm 1985 mit der Entwicklung des Magicflash\u00ae, einem speziell f\u00fcr die Studiofotografie konzipierten Beleuchtungssystem. Sein System ist immer noch auf dem neuesten Stand der Technik und Teil des Geheimnisses hinter Stauds unverwechselbarem Stil. Diese innovative Lichttechnik verhalf ihm zu seinem Einstieg in die Autofotografie, und im Laufe der Jahre standen Modelle aller gro\u00dfen Automarken vor seiner Linse. Seine bisherigen Bestseller wie The Mercedes 300 SL Book, The Porsche 911 Book und The Jaguar Book sind bei teNeues erschienen. Nun ist es an der Zeit, das grandiose 75-j\u00e4hrige Jubil\u00e4um von Porsche mit diesem einzigartigen Fotobuch zu feiern, das in der Sammlung von Autoliebhabern nicht fehlen sollte.<\/p>\n<p>Lassen Sie sich diese besondere Gelegenheit nicht entgehen und genie\u00dfen Sie den Glanz und die Kraft von Porsche, die in diesem Meisterwerk verewigt sind.<\/p>\n<\/div>\n<\/div>\n<h3 id=\"features\" class=\"tab-list-title\">FEATURES<\/h3>\n<div id=\"content_features\" class=\"ty-wysiwyg-content content-features\">\n<div class=\"ty-product-feature\">\n<p><span class=\"ty-product-feature__label\">Format:<\/span><\/p>\n<div class=\"ty-product-feature__value\">27,5 x 34 cm<\/div>\n<\/div>\n<div class=\"ty-product-feature\">\n<p><span class=\"ty-product-feature__label\">Anzahl der Seiten:<\/span><\/p>\n<div class=\"ty-product-feature__value\">272<\/div>\n<\/div>\n<div class=\"ty-product-feature\">\n<p><span class=\"ty-product-feature__label\">Anzahl der Fotos:<\/span><\/p>\n<div class=\"ty-product-feature__value\">c. 200 Farb- und Schwarz-Wei\u00df-Fotos<\/div>\n<\/div>\n<div class=\"ty-product-feature\">\n<p><span class=\"ty-product-feature__label\">Umsetzung:<\/span><\/p>\n<div class=\"ty-product-feature__value\">Hardcover<\/div>\n<\/div>\n<div class=\"ty-product-feature\">\n<p><span class=\"ty-product-feature__label\">Sprache:<\/span><\/p>\n<div class=\"ty-product-feature__value\">Englisch, Deutsch<\/div>\n<\/div>\n<\/div>","protected":false},"excerpt":{"rendered":"<p>DETAILS Ein sch\u00f6ner Bildband zum 75-j\u00e4hrigen Jubil\u00e4um der Porsche-Sportwagen. Der silberne Folieneinband mit seiner gl\u00e4nzenden Optik macht ihn zu einem eindrucksvollen Geschenk. Ein neuer Auto-Bildband des Starfotografen Ren\u00e9 Staud. Ren\u00e9 Staud ist die Koryph\u00e4e der Automobilfotografie. Der Durchbruch gelang ihm 1985 mit der Entwicklung des Magicflash\u00ae, eines Beleuchtungssystems<\/p>","protected":false},"featured_media":17414,"comment_status":"closed","ping_status":"closed","template":"","meta":[],"product_brand":[],"product_cat":[572],"product_tag":[564,728,727,570],"class_list":{"0":"post-17413","1":"product","2":"type-product","3":"status-publish","4":"has-post-thumbnail","6":"product_cat-autoboek","7":"product_tag-gentlemenswatch","8":"product_tag-koffietafelboek","9":"product_tag-porsche","10":"product_tag-sportscar","12":"first","13":"instock","14":"taxable","15":"shipping-taxable","16":"purchasable","17":"product-type-simple"},"yoast_head":"<!-- This site is optimized with the Yoast SEO plugin v26.5 - https:\/\/yoast.com\/wordpress\/plugins\/seo\/ -->\n<title>PORSCHE - A PASSION FOR POWER - Gentlemen&#039;s Watch<\/title>\n<meta name=\"robots\" content=\"index, follow, max-snippet:-1, max-image-preview:large, max-video-preview:-1\" \/>\n<link rel=\"canonical\" href=\"https:\/\/gentlemenswatch.com\/de\/shop\/autobuch\/porsche-eine-leidenschaft-fur-kraft\/\" \/>\n<meta property=\"og:locale\" content=\"de_DE\" \/>\n<meta property=\"og:type\" content=\"article\" \/>\n<meta property=\"og:title\" content=\"PORSCHE - A PASSION FOR POWER - Gentlemen&#039;s Watch\" \/>\n<meta property=\"og:description\" content=\"DETAILS Een prachtig koffietafelboek ter ere van het 75-jarig jubileum van Porsche sportauto&#8217;s. De zilverfolie cover met zijn glanzende uitstraling maakt het een indrukwekkend cadeau. Een nieuwe auto fotoboek van sterfotograaf Ren\u00e9 Staud. Ren\u00e9 Staud is de grootheid in de automotive fotografie. Hij brak door in 1985 met de ontwikkeling van de Magicflash\u00ae, een verlichtingssysteem\" \/>\n<meta property=\"og:url\" content=\"https:\/\/gentlemenswatch.com\/de\/shop\/autobuch\/porsche-eine-leidenschaft-fur-kraft\/\" \/>\n<meta property=\"og:site_name\" content=\"Gentlemen&#039;s Watch\" \/>\n<meta property=\"article:publisher\" content=\"https:\/\/www.facebook.com\/GentlemensWATCH\" \/>\n<meta property=\"article:modified_time\" content=\"2024-01-10T12:05:39+00:00\" \/>\n<meta property=\"og:image\" content=\"https:\/\/gentlemenswatch.com\/wp-content\/uploads\/2024\/01\/9783961715220.jpg\" \/>\n\t<meta property=\"og:image:width\" content=\"691\" \/>\n\t<meta property=\"og:image:height\" content=\"848\" \/>\n\t<meta property=\"og:image:type\" content=\"image\/jpeg\" \/>\n<meta name=\"twitter:card\" content=\"summary_large_image\" \/>\n<meta name=\"twitter:label1\" content=\"Gesch\u00e4tzte Lesezeit\" \/>\n\t<meta name=\"twitter:data1\" content=\"2\u00a0Minuten\" \/>\n<script type=\"application\/ld+json\" class=\"yoast-schema-graph\">{\"@context\":\"https:\/\/schema.org\",\"@graph\":[{\"@type\":\"WebPage\",\"@id\":\"https:\/\/gentlemenswatch.com\/en\/shop\/autoboek\/porsche-a-passion-for-power\/\",\"url\":\"https:\/\/gentlemenswatch.com\/en\/shop\/autoboek\/porsche-a-passion-for-power\/\",\"name\":\"PORSCHE - A PASSION FOR POWER - Gentlemen&#039;s Watch\",\"isPartOf\":{\"@id\":\"https:\/\/gentlemenswatch.com\/#website\"},\"primaryImageOfPage\":{\"@id\":\"https:\/\/gentlemenswatch.com\/en\/shop\/autoboek\/porsche-a-passion-for-power\/#primaryimage\"},\"image\":{\"@id\":\"https:\/\/gentlemenswatch.com\/en\/shop\/autoboek\/porsche-a-passion-for-power\/#primaryimage\"},\"thumbnailUrl\":\"https:\/\/gentlemenswatch.com\/wp-content\/uploads\/2024\/01\/9783961715220.jpg\",\"datePublished\":\"2024-01-10T11:59:27+00:00\",\"dateModified\":\"2024-01-10T12:05:39+00:00\",\"breadcrumb\":{\"@id\":\"https:\/\/gentlemenswatch.com\/en\/shop\/autoboek\/porsche-a-passion-for-power\/#breadcrumb\"},\"inLanguage\":\"de\",\"potentialAction\":[{\"@type\":\"ReadAction\",\"target\":[\"https:\/\/gentlemenswatch.com\/en\/shop\/autoboek\/porsche-a-passion-for-power\/\"]}]},{\"@type\":\"ImageObject\",\"inLanguage\":\"de\",\"@id\":\"https:\/\/gentlemenswatch.com\/en\/shop\/autoboek\/porsche-a-passion-for-power\/#primaryimage\",\"url\":\"https:\/\/gentlemenswatch.com\/wp-content\/uploads\/2024\/01\/9783961715220.jpg\",\"contentUrl\":\"https:\/\/gentlemenswatch.com\/wp-content\/uploads\/2024\/01\/9783961715220.jpg\",\"width\":691,\"height\":848},{\"@type\":\"BreadcrumbList\",\"@id\":\"https:\/\/gentlemenswatch.com\/en\/shop\/autoboek\/porsche-a-passion-for-power\/#breadcrumb\",\"itemListElement\":[{\"@type\":\"ListItem\",\"position\":1,\"name\":\"Home\",\"item\":\"https:\/\/gentlemenswatch.com\/\"},{\"@type\":\"ListItem\",\"position\":2,\"name\":\"Winkel\",\"item\":\"https:\/\/gentlemenswatch.com\/winkel\/\"},{\"@type\":\"ListItem\",\"position\":3,\"name\":\"PORSCHE &#8211; A PASSION FOR POWER\"}]},{\"@type\":\"WebSite\",\"@id\":\"https:\/\/gentlemenswatch.com\/#website\",\"url\":\"https:\/\/gentlemenswatch.com\/\",\"name\":\"Gentlemen's Watch\",\"description\":\"Serious about style\",\"publisher\":{\"@id\":\"https:\/\/gentlemenswatch.com\/#organization\"},\"potentialAction\":[{\"@type\":\"SearchAction\",\"target\":{\"@type\":\"EntryPoint\",\"urlTemplate\":\"https:\/\/gentlemenswatch.com\/?s={search_term_string}\"},\"query-input\":{\"@type\":\"PropertyValueSpecification\",\"valueRequired\":true,\"valueName\":\"search_term_string\"}}],\"inLanguage\":\"de\"},{\"@type\":\"Organization\",\"@id\":\"https:\/\/gentlemenswatch.com\/#organization\",\"name\":\"Gentlemen's Watch\",\"url\":\"https:\/\/gentlemenswatch.com\/\",\"logo\":{\"@type\":\"ImageObject\",\"inLanguage\":\"de\",\"@id\":\"https:\/\/gentlemenswatch.com\/#\/schema\/logo\/image\/\",\"url\":\"https:\/\/gentlemenswatch.com\/wp-content\/uploads\/2025\/05\/GWlogo.png\",\"contentUrl\":\"https:\/\/gentlemenswatch.com\/wp-content\/uploads\/2025\/05\/GWlogo.png\",\"width\":2956,\"height\":477,\"caption\":\"Gentlemen's Watch\"},\"image\":{\"@id\":\"https:\/\/gentlemenswatch.com\/#\/schema\/logo\/image\/\"},\"sameAs\":[\"https:\/\/www.facebook.com\/GentlemensWATCH\",\"https:\/\/www.instagram.com\/gentlemenswatch\/\"]}]}<\/script>\n<!-- \/ Yoast SEO plugin. -->","yoast_head_json":{"title":"PORSCHE - A PASSION FOR POWER - Herren&#039;s Uhr","robots":{"index":"index","follow":"follow","max-snippet":"max-snippet:-1","max-image-preview":"max-image-preview:large","max-video-preview":"max-video-preview:-1"},"canonical":"https:\/\/gentlemenswatch.com\/de\/shop\/autobuch\/porsche-eine-leidenschaft-fur-kraft\/","og_locale":"de_DE","og_type":"article","og_title":"PORSCHE - A PASSION FOR POWER - Gentlemen&#039;s Watch","og_description":"DETAILS Een prachtig koffietafelboek ter ere van het 75-jarig jubileum van Porsche sportauto&#8217;s. De zilverfolie cover met zijn glanzende uitstraling maakt het een indrukwekkend cadeau. Een nieuwe auto fotoboek van sterfotograaf Ren\u00e9 Staud. Ren\u00e9 Staud is de grootheid in de automotive fotografie. Hij brak door in 1985 met de ontwikkeling van de Magicflash\u00ae, een verlichtingssysteem","og_url":"https:\/\/gentlemenswatch.com\/de\/shop\/autobuch\/porsche-eine-leidenschaft-fur-kraft\/","og_site_name":"Gentlemen&#039;s Watch","article_publisher":"https:\/\/www.facebook.com\/GentlemensWATCH","article_modified_time":"2024-01-10T12:05:39+00:00","og_image":[{"width":691,"height":848,"url":"https:\/\/gentlemenswatch.com\/wp-content\/uploads\/2024\/01\/9783961715220.jpg","type":"image\/jpeg"}],"twitter_card":"summary_large_image","twitter_misc":{"Gesch\u00e4tzte Lesezeit":"2\u00a0Minuten"},"schema":{"@context":"https:\/\/schema.org","@graph":[{"@type":"WebPage","@id":"https:\/\/gentlemenswatch.com\/en\/shop\/autoboek\/porsche-a-passion-for-power\/","url":"https:\/\/gentlemenswatch.com\/en\/shop\/autoboek\/porsche-a-passion-for-power\/","name":"PORSCHE - A PASSION FOR POWER - Herren&#039;s Uhr","isPartOf":{"@id":"https:\/\/gentlemenswatch.com\/#website"},"primaryImageOfPage":{"@id":"https:\/\/gentlemenswatch.com\/en\/shop\/autoboek\/porsche-a-passion-for-power\/#primaryimage"},"image":{"@id":"https:\/\/gentlemenswatch.com\/en\/shop\/autoboek\/porsche-a-passion-for-power\/#primaryimage"},"thumbnailUrl":"https:\/\/gentlemenswatch.com\/wp-content\/uploads\/2024\/01\/9783961715220.jpg","datePublished":"2024-01-10T11:59:27+00:00","dateModified":"2024-01-10T12:05:39+00:00","breadcrumb":{"@id":"https:\/\/gentlemenswatch.com\/en\/shop\/autoboek\/porsche-a-passion-for-power\/#breadcrumb"},"inLanguage":"de","potentialAction":[{"@type":"ReadAction","target":["https:\/\/gentlemenswatch.com\/en\/shop\/autoboek\/porsche-a-passion-for-power\/"]}]},{"@type":"ImageObject","inLanguage":"de","@id":"https:\/\/gentlemenswatch.com\/en\/shop\/autoboek\/porsche-a-passion-for-power\/#primaryimage","url":"https:\/\/gentlemenswatch.com\/wp-content\/uploads\/2024\/01\/9783961715220.jpg","contentUrl":"https:\/\/gentlemenswatch.com\/wp-content\/uploads\/2024\/01\/9783961715220.jpg","width":691,"height":848},{"@type":"BreadcrumbList","@id":"https:\/\/gentlemenswatch.com\/en\/shop\/autoboek\/porsche-a-passion-for-power\/#breadcrumb","itemListElement":[{"@type":"ListItem","position":1,"name":"Home","item":"https:\/\/gentlemenswatch.com\/"},{"@type":"ListItem","position":2,"name":"Winkel","item":"https:\/\/gentlemenswatch.com\/winkel\/"},{"@type":"ListItem","position":3,"name":"PORSCHE &#8211; A PASSION FOR POWER"}]},{"@type":"WebSite","@id":"https:\/\/gentlemenswatch.com\/#website","url":"https:\/\/gentlemenswatch.com\/","name":"Gentlemen's Watch","description":"Ernsthaftigkeit im Stil","publisher":{"@id":"https:\/\/gentlemenswatch.com\/#organization"},"potentialAction":[{"@type":"SearchAction","target":{"@type":"EntryPoint","urlTemplate":"https:\/\/gentlemenswatch.com\/?s={search_term_string}"},"query-input":{"@type":"PropertyValueSpecification","valueRequired":true,"valueName":"search_term_string"}}],"inLanguage":"de"},{"@type":"Organization","@id":"https:\/\/gentlemenswatch.com\/#organization","name":"Gentlemen's Watch","url":"https:\/\/gentlemenswatch.com\/","logo":{"@type":"ImageObject","inLanguage":"de","@id":"https:\/\/gentlemenswatch.com\/#\/schema\/logo\/image\/","url":"https:\/\/gentlemenswatch.com\/wp-content\/uploads\/2025\/05\/GWlogo.png","contentUrl":"https:\/\/gentlemenswatch.com\/wp-content\/uploads\/2025\/05\/GWlogo.png","width":2956,"height":477,"caption":"Gentlemen's Watch"},"image":{"@id":"https:\/\/gentlemenswatch.com\/#\/schema\/logo\/image\/"},"sameAs":["https:\/\/www.facebook.com\/GentlemensWATCH","https:\/\/www.instagram.com\/gentlemenswatch\/"]}]}},"_links":{"self":[{"href":"https:\/\/gentlemenswatch.com\/de\/wp-json\/wp\/v2\/product\/17413","targetHints":{"allow":["GET"]}}],"collection":[{"href":"https:\/\/gentlemenswatch.com\/de\/wp-json\/wp\/v2\/product"}],"about":[{"href":"https:\/\/gentlemenswatch.com\/de\/wp-json\/wp\/v2\/types\/product"}],"replies":[{"embeddable":true,"href":"https:\/\/gentlemenswatch.com\/de\/wp-json\/wp\/v2\/comments?post=17413"}],"wp:featuredmedia":[{"embeddable":true,"href":"https:\/\/gentlemenswatch.com\/de\/wp-json\/wp\/v2\/media\/17414"}],"wp:attachment":[{"href":"https:\/\/gentlemenswatch.com\/de\/wp-json\/wp\/v2\/media?parent=17413"}],"wp:term":[{"taxonomy":"product_brand","embeddable":true,"href":"https:\/\/gentlemenswatch.com\/de\/wp-json\/wp\/v2\/product_brand?post=17413"},{"taxonomy":"product_cat","embeddable":true,"href":"https:\/\/gentlemenswatch.com\/de\/wp-json\/wp\/v2\/product_cat?post=17413"},{"taxonomy":"product_tag","embeddable":true,"href":"https:\/\/gentlemenswatch.com\/de\/wp-json\/wp\/v2\/product_tag?post=17413"}],"curies":[{"name":"wp","href":"https:\/\/api.w.org\/{rel}","templated":true}]}}