{"id":16588,"date":"2023-10-16T11:32:16","date_gmt":"2023-10-16T11:32:16","guid":{"rendered":"https:\/\/gentlemenswatch.com\/?post_type=product&#038;p=16588"},"modified":"2024-01-10T15:23:03","modified_gmt":"2024-01-10T15:23:03","slug":"watch-yearbook-2024-ab-sofort-bestellbar","status":"publish","type":"product","link":"https:\/\/gentlemenswatch.com\/de\/shop\/jahrbuch\/watch-yearbook-2024-ab-sofort-bestellbar\/","title":{"rendered":"DAS NEUE JAHRBUCH DER UHREN 2024 IST VERGRIFFEN."},"content":{"rendered":"<h1>WATCH Jahrbuch 2024<\/h1>\n<h1><em><strong>WATCH YEARBOOK 2024 IST AUSVERKAUFT!<\/strong><\/em><\/h1>\n<h1>Dies ist der einzige niederl\u00e4ndischsprachige Uhrenkatalog mit Informationen \u00fcber die wichtigsten Uhrenmarken im mittleren und oberen Segment. Mit mehr als 50 sch\u00f6nen Uhrenmarken und 600 Modellen mit Hintergrundinformationen, Fotos, technischen Daten und Richtpreisen. All dies macht den fast 200-seitigen WATCH Jaarboek zum Uhrenkatalog der Niederlande.<\/h1>\n<h3>Preis: 16,95 \u20ac. Der Versand kostet 2,95 \u20ac statt 4,50 \u20ac!<\/h3>\n<h3><\/h3>","protected":false},"excerpt":{"rendered":"<h3>Der WATCH Jaarboek ist der einzige niederl\u00e4ndischsprachige Uhrenkatalog mit Informationen zu den wichtigsten Uhrenmarken im mittleren und oberen Segment. Mit \u00fcber 50 Marken und mehr als 600 Modellen mit Hintergrundinformationen, technischen Daten und Richtpreisen ist der 200 Seiten starke WATCH Jaarboek der Uhrenkatalog der Niederlande.<\/h3>\n<p><strong>A. Lange und S\u00f6hne, Airain, Angelus, Arnold &amp; Son, Audemars Piguet, Baume et Mercier, Blancpain, Breguet, Breitling, Bvlgari, Carl F. Bucherer, Cartier, Casio, Chanel, Chopard, Christiaan van der Klaauw, Czapek, Elka Watch, Frederique Constant, Glashutte Original, Grand Seiko, Hamilton, Herm\u00e9s, Hublot, IWC, Jaeger-Lecoultre, Junghans, Laco 1925, Longines, Lebois &amp; Co, Maurice Lacroix, Meistersinger, Montblanc, Nivada, Nomos Glashutte, Omega, Oris, Panerai, Patek Philippe, Piaget, Rado, Richard Mille, Rolex, R.O. Watches, Seiko, Sinn, TAG Heuer, Tissot, Tudor, Ulysse Nardin, Vacheron Constantin, Vulcain, Zenith.<\/strong><\/p>","protected":false},"featured_media":16589,"comment_status":"closed","ping_status":"closed","template":"","meta":[],"product_brand":[],"product_cat":[325,324,690],"product_tag":[563,564,562,561,566,559,560],"class_list":{"0":"post-16588","1":"product","2":"type-product","3":"status-publish","4":"has-post-thumbnail","6":"product_cat-horlogeboek","7":"product_cat-jaarboek","8":"product_cat-koffietafelboek","9":"product_tag-belangrijkstehorlogeboek","10":"product_tag-gentlemenswatch","11":"product_tag-horlogeboek","12":"product_tag-horlogecatalogus","13":"product_tag-horloges","14":"product_tag-watchjaarboek","15":"product_tag-watchjaarboek2023","17":"first","18":"outofstock","19":"taxable","20":"shipping-taxable","21":"purchasable","22":"product-type-simple"},"yoast_head":"<!-- This site is optimized with the Yoast SEO plugin v26.5 - https:\/\/yoast.com\/wordpress\/plugins\/seo\/ -->\n<title>HET NIEUWE WATCH JAARBOEK 2024 IS UITVERKOCHT. - Gentlemen&#039;s Watch<\/title>\n<meta name=\"description\" content=\"Het WATCH Jaarboek is de \u00e9nige Nederlandstalige horlogecatalogus met informatie over de belangrijkste horlogemerken uit het midden- en topsegment.\" \/>\n<meta name=\"robots\" content=\"index, follow, max-snippet:-1, max-image-preview:large, max-video-preview:-1\" \/>\n<link rel=\"canonical\" href=\"https:\/\/gentlemenswatch.com\/de\/shop\/jahrbuch\/watch-yearbook-2024-ab-sofort-bestellbar\/\" \/>\n<meta property=\"og:locale\" content=\"de_DE\" \/>\n<meta property=\"og:type\" content=\"article\" \/>\n<meta property=\"og:title\" content=\"HET NIEUWE WATCH JAARBOEK 2024 IS UITVERKOCHT. - Gentlemen&#039;s Watch\" \/>\n<meta property=\"og:description\" content=\"Het WATCH Jaarboek is de \u00e9nige Nederlandstalige horlogecatalogus met informatie over de belangrijkste horlogemerken uit het midden- en topsegment.\" \/>\n<meta property=\"og:url\" content=\"https:\/\/gentlemenswatch.com\/de\/shop\/jahrbuch\/watch-yearbook-2024-ab-sofort-bestellbar\/\" \/>\n<meta property=\"og:site_name\" content=\"Gentlemen&#039;s Watch\" \/>\n<meta property=\"article:publisher\" content=\"https:\/\/www.facebook.com\/GentlemensWATCH\" \/>\n<meta property=\"article:modified_time\" content=\"2024-01-10T15:23:03+00:00\" \/>\n<meta property=\"og:image\" content=\"https:\/\/gentlemenswatch.com\/wp-content\/uploads\/2023\/10\/GWJB24-cover-scaled.jpg\" \/>\n\t<meta property=\"og:image:width\" content=\"1932\" \/>\n\t<meta property=\"og:image:height\" content=\"2560\" \/>\n\t<meta property=\"og:image:type\" content=\"image\/jpeg\" \/>\n<meta name=\"twitter:card\" content=\"summary_large_image\" \/>\n<meta name=\"twitter:label1\" content=\"Gesch\u00e4tzte Lesezeit\" \/>\n\t<meta name=\"twitter:data1\" content=\"1\u00a0Minute\" \/>\n<script type=\"application\/ld+json\" class=\"yoast-schema-graph\">{\"@context\":\"https:\/\/schema.org\",\"@graph\":[{\"@type\":\"WebPage\",\"@id\":\"https:\/\/gentlemenswatch.com\/shop\/jaarboek\/watch-jaarboek-2024-nu-te-bestellen\/\",\"url\":\"https:\/\/gentlemenswatch.com\/shop\/jaarboek\/watch-jaarboek-2024-nu-te-bestellen\/\",\"name\":\"HET NIEUWE WATCH JAARBOEK 2024 IS UITVERKOCHT. - Gentlemen&#039;s Watch\",\"isPartOf\":{\"@id\":\"https:\/\/gentlemenswatch.com\/#website\"},\"primaryImageOfPage\":{\"@id\":\"https:\/\/gentlemenswatch.com\/shop\/jaarboek\/watch-jaarboek-2024-nu-te-bestellen\/#primaryimage\"},\"image\":{\"@id\":\"https:\/\/gentlemenswatch.com\/shop\/jaarboek\/watch-jaarboek-2024-nu-te-bestellen\/#primaryimage\"},\"thumbnailUrl\":\"https:\/\/gentlemenswatch.com\/wp-content\/uploads\/2023\/10\/GWJB24-cover-scaled.jpg\",\"datePublished\":\"2023-10-16T11:32:16+00:00\",\"dateModified\":\"2024-01-10T15:23:03+00:00\",\"description\":\"Het WATCH Jaarboek is de \u00e9nige Nederlandstalige horlogecatalogus met informatie over de belangrijkste horlogemerken uit het midden- en topsegment.\",\"breadcrumb\":{\"@id\":\"https:\/\/gentlemenswatch.com\/shop\/jaarboek\/watch-jaarboek-2024-nu-te-bestellen\/#breadcrumb\"},\"inLanguage\":\"de\",\"potentialAction\":[{\"@type\":\"ReadAction\",\"target\":[\"https:\/\/gentlemenswatch.com\/shop\/jaarboek\/watch-jaarboek-2024-nu-te-bestellen\/\"]}]},{\"@type\":\"ImageObject\",\"inLanguage\":\"de\",\"@id\":\"https:\/\/gentlemenswatch.com\/shop\/jaarboek\/watch-jaarboek-2024-nu-te-bestellen\/#primaryimage\",\"url\":\"https:\/\/gentlemenswatch.com\/wp-content\/uploads\/2023\/10\/GWJB24-cover-scaled.jpg\",\"contentUrl\":\"https:\/\/gentlemenswatch.com\/wp-content\/uploads\/2023\/10\/GWJB24-cover-scaled.jpg\",\"width\":1932,\"height\":2560},{\"@type\":\"BreadcrumbList\",\"@id\":\"https:\/\/gentlemenswatch.com\/shop\/jaarboek\/watch-jaarboek-2024-nu-te-bestellen\/#breadcrumb\",\"itemListElement\":[{\"@type\":\"ListItem\",\"position\":1,\"name\":\"Home\",\"item\":\"https:\/\/gentlemenswatch.com\/\"},{\"@type\":\"ListItem\",\"position\":2,\"name\":\"Winkel\",\"item\":\"https:\/\/gentlemenswatch.com\/winkel\/\"},{\"@type\":\"ListItem\",\"position\":3,\"name\":\"HET NIEUWE WATCH JAARBOEK 2024 IS UITVERKOCHT.\"}]},{\"@type\":\"WebSite\",\"@id\":\"https:\/\/gentlemenswatch.com\/#website\",\"url\":\"https:\/\/gentlemenswatch.com\/\",\"name\":\"Gentlemen's Watch\",\"description\":\"Serious about style\",\"publisher\":{\"@id\":\"https:\/\/gentlemenswatch.com\/#organization\"},\"potentialAction\":[{\"@type\":\"SearchAction\",\"target\":{\"@type\":\"EntryPoint\",\"urlTemplate\":\"https:\/\/gentlemenswatch.com\/?s={search_term_string}\"},\"query-input\":{\"@type\":\"PropertyValueSpecification\",\"valueRequired\":true,\"valueName\":\"search_term_string\"}}],\"inLanguage\":\"de\"},{\"@type\":\"Organization\",\"@id\":\"https:\/\/gentlemenswatch.com\/#organization\",\"name\":\"Gentlemen's Watch\",\"url\":\"https:\/\/gentlemenswatch.com\/\",\"logo\":{\"@type\":\"ImageObject\",\"inLanguage\":\"de\",\"@id\":\"https:\/\/gentlemenswatch.com\/#\/schema\/logo\/image\/\",\"url\":\"https:\/\/gentlemenswatch.com\/wp-content\/uploads\/2025\/05\/GWlogo.png\",\"contentUrl\":\"https:\/\/gentlemenswatch.com\/wp-content\/uploads\/2025\/05\/GWlogo.png\",\"width\":2956,\"height\":477,\"caption\":\"Gentlemen's Watch\"},\"image\":{\"@id\":\"https:\/\/gentlemenswatch.com\/#\/schema\/logo\/image\/\"},\"sameAs\":[\"https:\/\/www.facebook.com\/GentlemensWATCH\",\"https:\/\/www.instagram.com\/gentlemenswatch\/\"]}]}<\/script>\n<!-- \/ Yoast SEO plugin. -->","yoast_head_json":{"title":"DAS NEUE JAHRBUCH DER UHREN 2024 IST AUSVERKAUFT. - Herren&#039;s Uhr","description":"Das WATCH Yearbook ist der einzige niederl\u00e4ndischsprachige Uhrenkatalog mit Informationen \u00fcber die wichtigsten Uhrenmarken im mittleren und oberen Segment.","robots":{"index":"index","follow":"follow","max-snippet":"max-snippet:-1","max-image-preview":"max-image-preview:large","max-video-preview":"max-video-preview:-1"},"canonical":"https:\/\/gentlemenswatch.com\/de\/shop\/jahrbuch\/watch-yearbook-2024-ab-sofort-bestellbar\/","og_locale":"de_DE","og_type":"article","og_title":"HET NIEUWE WATCH JAARBOEK 2024 IS UITVERKOCHT. - Gentlemen&#039;s Watch","og_description":"Het WATCH Jaarboek is de \u00e9nige Nederlandstalige horlogecatalogus met informatie over de belangrijkste horlogemerken uit het midden- en topsegment.","og_url":"https:\/\/gentlemenswatch.com\/de\/shop\/jahrbuch\/watch-yearbook-2024-ab-sofort-bestellbar\/","og_site_name":"Gentlemen&#039;s Watch","article_publisher":"https:\/\/www.facebook.com\/GentlemensWATCH","article_modified_time":"2024-01-10T15:23:03+00:00","og_image":[{"width":1932,"height":2560,"url":"https:\/\/gentlemenswatch.com\/wp-content\/uploads\/2023\/10\/GWJB24-cover-scaled.jpg","type":"image\/jpeg"}],"twitter_card":"summary_large_image","twitter_misc":{"Gesch\u00e4tzte Lesezeit":"1\u00a0Minute"},"schema":{"@context":"https:\/\/schema.org","@graph":[{"@type":"WebPage","@id":"https:\/\/gentlemenswatch.com\/shop\/jaarboek\/watch-jaarboek-2024-nu-te-bestellen\/","url":"https:\/\/gentlemenswatch.com\/shop\/jaarboek\/watch-jaarboek-2024-nu-te-bestellen\/","name":"DAS NEUE JAHRBUCH DER UHREN 2024 IST AUSVERKAUFT. - Herren&#039;s Uhr","isPartOf":{"@id":"https:\/\/gentlemenswatch.com\/#website"},"primaryImageOfPage":{"@id":"https:\/\/gentlemenswatch.com\/shop\/jaarboek\/watch-jaarboek-2024-nu-te-bestellen\/#primaryimage"},"image":{"@id":"https:\/\/gentlemenswatch.com\/shop\/jaarboek\/watch-jaarboek-2024-nu-te-bestellen\/#primaryimage"},"thumbnailUrl":"https:\/\/gentlemenswatch.com\/wp-content\/uploads\/2023\/10\/GWJB24-cover-scaled.jpg","datePublished":"2023-10-16T11:32:16+00:00","dateModified":"2024-01-10T15:23:03+00:00","description":"Das WATCH Yearbook ist der einzige niederl\u00e4ndischsprachige Uhrenkatalog mit Informationen \u00fcber die wichtigsten Uhrenmarken im mittleren und oberen Segment.","breadcrumb":{"@id":"https:\/\/gentlemenswatch.com\/shop\/jaarboek\/watch-jaarboek-2024-nu-te-bestellen\/#breadcrumb"},"inLanguage":"de","potentialAction":[{"@type":"ReadAction","target":["https:\/\/gentlemenswatch.com\/shop\/jaarboek\/watch-jaarboek-2024-nu-te-bestellen\/"]}]},{"@type":"ImageObject","inLanguage":"de","@id":"https:\/\/gentlemenswatch.com\/shop\/jaarboek\/watch-jaarboek-2024-nu-te-bestellen\/#primaryimage","url":"https:\/\/gentlemenswatch.com\/wp-content\/uploads\/2023\/10\/GWJB24-cover-scaled.jpg","contentUrl":"https:\/\/gentlemenswatch.com\/wp-content\/uploads\/2023\/10\/GWJB24-cover-scaled.jpg","width":1932,"height":2560},{"@type":"BreadcrumbList","@id":"https:\/\/gentlemenswatch.com\/shop\/jaarboek\/watch-jaarboek-2024-nu-te-bestellen\/#breadcrumb","itemListElement":[{"@type":"ListItem","position":1,"name":"Home","item":"https:\/\/gentlemenswatch.com\/"},{"@type":"ListItem","position":2,"name":"Winkel","item":"https:\/\/gentlemenswatch.com\/winkel\/"},{"@type":"ListItem","position":3,"name":"HET NIEUWE WATCH JAARBOEK 2024 IS UITVERKOCHT."}]},{"@type":"WebSite","@id":"https:\/\/gentlemenswatch.com\/#website","url":"https:\/\/gentlemenswatch.com\/","name":"Gentlemen's Watch","description":"Ernsthaftigkeit im Stil","publisher":{"@id":"https:\/\/gentlemenswatch.com\/#organization"},"potentialAction":[{"@type":"SearchAction","target":{"@type":"EntryPoint","urlTemplate":"https:\/\/gentlemenswatch.com\/?s={search_term_string}"},"query-input":{"@type":"PropertyValueSpecification","valueRequired":true,"valueName":"search_term_string"}}],"inLanguage":"de"},{"@type":"Organization","@id":"https:\/\/gentlemenswatch.com\/#organization","name":"Gentlemen's Watch","url":"https:\/\/gentlemenswatch.com\/","logo":{"@type":"ImageObject","inLanguage":"de","@id":"https:\/\/gentlemenswatch.com\/#\/schema\/logo\/image\/","url":"https:\/\/gentlemenswatch.com\/wp-content\/uploads\/2025\/05\/GWlogo.png","contentUrl":"https:\/\/gentlemenswatch.com\/wp-content\/uploads\/2025\/05\/GWlogo.png","width":2956,"height":477,"caption":"Gentlemen's Watch"},"image":{"@id":"https:\/\/gentlemenswatch.com\/#\/schema\/logo\/image\/"},"sameAs":["https:\/\/www.facebook.com\/GentlemensWATCH","https:\/\/www.instagram.com\/gentlemenswatch\/"]}]}},"_links":{"self":[{"href":"https:\/\/gentlemenswatch.com\/de\/wp-json\/wp\/v2\/product\/16588","targetHints":{"allow":["GET"]}}],"collection":[{"href":"https:\/\/gentlemenswatch.com\/de\/wp-json\/wp\/v2\/product"}],"about":[{"href":"https:\/\/gentlemenswatch.com\/de\/wp-json\/wp\/v2\/types\/product"}],"replies":[{"embeddable":true,"href":"https:\/\/gentlemenswatch.com\/de\/wp-json\/wp\/v2\/comments?post=16588"}],"wp:featuredmedia":[{"embeddable":true,"href":"https:\/\/gentlemenswatch.com\/de\/wp-json\/wp\/v2\/media\/16589"}],"wp:attachment":[{"href":"https:\/\/gentlemenswatch.com\/de\/wp-json\/wp\/v2\/media?parent=16588"}],"wp:term":[{"taxonomy":"product_brand","embeddable":true,"href":"https:\/\/gentlemenswatch.com\/de\/wp-json\/wp\/v2\/product_brand?post=16588"},{"taxonomy":"product_cat","embeddable":true,"href":"https:\/\/gentlemenswatch.com\/de\/wp-json\/wp\/v2\/product_cat?post=16588"},{"taxonomy":"product_tag","embeddable":true,"href":"https:\/\/gentlemenswatch.com\/de\/wp-json\/wp\/v2\/product_tag?post=16588"}],"curies":[{"name":"wp","href":"https:\/\/api.w.org\/{rel}","templated":true}]}}