{"id":16103,"date":"2023-05-19T13:00:58","date_gmt":"2023-05-19T13:00:58","guid":{"rendered":"https:\/\/gentlemenswatch.com\/?post_type=product&#038;p=16103"},"modified":"2023-07-24T14:13:23","modified_gmt":"2023-07-24T14:13:23","slug":"die-teuersten-uhren-der-welt","status":"publish","type":"product","link":"https:\/\/gentlemenswatch.com\/de\/shop\/uhrenbuch\/die-teuersten-uhren-der-welt\/","title":{"rendered":"Die teuersten Uhren der Welt"},"content":{"rendered":"<h2>Die teuersten Uhren der Welt<\/h2>\n<p>Egal, ob Sie ein Wissenschaftler, ein Prominenter oder ein Gentleman wie Sie und ich sind: Was Sie an Ihrem Handgelenk tragen, sagt viel dar\u00fcber aus, wer Sie sind.<\/p>\n<p>Dieses Buch stellt einige der extravagantesten, kompliziertesten, dekadentesten oder einfach nur interessantesten modernen Uhren im Premiumsegment vor. Angefangen bei einem Einstiegspreis von rund 200.000 Euro bis hin zu Preisen von 5 Millionen Euro und mehr. Hinzu kommt eine Auswahl bemerkenswerter Uhren, die auf Auktionen extrem hohe Preise erzielten - viele davon sind historisch relevant.<\/p>\n<p>Eine wunderbare \u00dcbersicht, die sowohl informativ als auch unterhaltsam ist; mit detaillierten Beschreibungen der einzelnen Uhren und Gegenst\u00e4nde, die das Preisschild bis zu einem gewissen Grad mit einer Erkl\u00e4rung der Handwerkskunst und der Komplexit\u00e4t des Designs sowie der Bedeutung von Exklusivit\u00e4t und Prestige erkl\u00e4ren.<\/p>\n<p>Anzahl der Seiten: 400<\/p>\n<p>Anzahl der Abbildungen: 500+<\/p>\n<p>Sprache: Englisch<\/p>","protected":false},"excerpt":{"rendered":"<p>Egal, ob Sie ein Wissenschaftler, ein Prominenter oder ein Gentleman wie Sie und ich sind: Was Sie an Ihrem Handgelenk tragen, sagt viel dar\u00fcber aus, wer Sie sind.<\/p>\n<p>Dieses Buch stellt einige der extravagantesten, kompliziertesten, dekadentesten oder einfach nur interessantesten modernen Uhren im Premiumsegment vor. Angefangen bei einem Einstiegspreis von rund 200.000 Euro bis hin zu Preisen von 5 Millionen Euro und mehr. Hinzu kommt eine Auswahl bemerkenswerter Uhren, die auf Auktionen extrem hohe Preise erzielten - viele davon sind historisch relevant.<\/p>\n<p>Eine wunderbare \u00dcbersicht, die sowohl informativ als auch unterhaltsam ist; mit detaillierten Beschreibungen der einzelnen Uhren und Gegenst\u00e4nde, die das Preisschild bis zu einem gewissen Grad mit einer Erkl\u00e4rung der Handwerkskunst und der Komplexit\u00e4t des Designs sowie der Bedeutung von Exklusivit\u00e4t und Prestige erkl\u00e4ren.<\/p>\n<p style=\"background: white;\"><span style=\"font-size: 14px; color: var(--c-contrast-800);\">Anzahl der Seiten: 400<\/span><\/p>\n<p>Anzahl der Abbildungen: 500+<\/p>\n<p>Sprache: Englisch<\/p>","protected":false},"featured_media":16105,"comment_status":"closed","ping_status":"closed","template":"","meta":[],"product_brand":[],"product_cat":[325],"product_tag":[657,658],"class_list":{"0":"post-16103","1":"product","2":"type-product","3":"status-publish","4":"has-post-thumbnail","6":"product_cat-horlogeboek","7":"product_tag-exspensivewatches","8":"product_tag-kostbarehorloges","10":"first","11":"instock","12":"taxable","13":"shipping-taxable","14":"purchasable","15":"product-type-simple"},"yoast_head":"<!-- This site is optimized with the Yoast SEO plugin v26.5 - https:\/\/yoast.com\/wordpress\/plugins\/seo\/ -->\n<title>The World&#039;s Most Expensive Watches - Gentlemen&#039;s Watch<\/title>\n<meta name=\"description\" content=\"Of je nu een wetenschapper of beroemdheid bent, of een gentleman zoals jij en ik: wat je om je pols draagt, spreekt boekdelen over wie je bent.\" \/>\n<meta name=\"robots\" content=\"index, follow, max-snippet:-1, max-image-preview:large, max-video-preview:-1\" \/>\n<link rel=\"canonical\" href=\"https:\/\/gentlemenswatch.com\/de\/shop\/uhrenbuch\/die-teuersten-uhren-der-welt\/\" \/>\n<meta property=\"og:locale\" content=\"de_DE\" \/>\n<meta property=\"og:type\" content=\"article\" \/>\n<meta property=\"og:title\" content=\"The World&#039;s Most Expensive Watches - Gentlemen&#039;s Watch\" \/>\n<meta property=\"og:description\" content=\"Of je nu een wetenschapper of beroemdheid bent, of een gentleman zoals jij en ik: wat je om je pols draagt, spreekt boekdelen over wie je bent.\" \/>\n<meta property=\"og:url\" content=\"https:\/\/gentlemenswatch.com\/de\/shop\/uhrenbuch\/die-teuersten-uhren-der-welt\/\" \/>\n<meta property=\"og:site_name\" content=\"Gentlemen&#039;s Watch\" \/>\n<meta property=\"article:publisher\" content=\"https:\/\/www.facebook.com\/GentlemensWATCH\" \/>\n<meta property=\"article:modified_time\" content=\"2023-07-24T14:13:23+00:00\" \/>\n<meta property=\"og:image\" content=\"https:\/\/gentlemenswatch.com\/wp-content\/uploads\/2023\/05\/the-world-s-most-expensive-watches.jpg\" \/>\n\t<meta property=\"og:image:width\" content=\"771\" \/>\n\t<meta property=\"og:image:height\" content=\"1000\" \/>\n\t<meta property=\"og:image:type\" content=\"image\/jpeg\" \/>\n<meta name=\"twitter:card\" content=\"summary_large_image\" \/>\n<meta name=\"twitter:label1\" content=\"Gesch\u00e4tzte Lesezeit\" \/>\n\t<meta name=\"twitter:data1\" content=\"1\u00a0Minute\" \/>\n<script type=\"application\/ld+json\" class=\"yoast-schema-graph\">{\"@context\":\"https:\/\/schema.org\",\"@graph\":[{\"@type\":\"WebPage\",\"@id\":\"https:\/\/gentlemenswatch.com\/shop\/horlogeboek\/the-worlds-most-expensive-watches\/\",\"url\":\"https:\/\/gentlemenswatch.com\/shop\/horlogeboek\/the-worlds-most-expensive-watches\/\",\"name\":\"The World's Most Expensive Watches - Gentlemen&#039;s Watch\",\"isPartOf\":{\"@id\":\"https:\/\/gentlemenswatch.com\/#website\"},\"primaryImageOfPage\":{\"@id\":\"https:\/\/gentlemenswatch.com\/shop\/horlogeboek\/the-worlds-most-expensive-watches\/#primaryimage\"},\"image\":{\"@id\":\"https:\/\/gentlemenswatch.com\/shop\/horlogeboek\/the-worlds-most-expensive-watches\/#primaryimage\"},\"thumbnailUrl\":\"https:\/\/gentlemenswatch.com\/wp-content\/uploads\/2023\/05\/the-world-s-most-expensive-watches.jpg\",\"datePublished\":\"2023-05-19T13:00:58+00:00\",\"dateModified\":\"2023-07-24T14:13:23+00:00\",\"description\":\"Of je nu een wetenschapper of beroemdheid bent, of een gentleman zoals jij en ik: wat je om je pols draagt, spreekt boekdelen over wie je bent.\",\"breadcrumb\":{\"@id\":\"https:\/\/gentlemenswatch.com\/shop\/horlogeboek\/the-worlds-most-expensive-watches\/#breadcrumb\"},\"inLanguage\":\"de\",\"potentialAction\":[{\"@type\":\"ReadAction\",\"target\":[\"https:\/\/gentlemenswatch.com\/shop\/horlogeboek\/the-worlds-most-expensive-watches\/\"]}]},{\"@type\":\"ImageObject\",\"inLanguage\":\"de\",\"@id\":\"https:\/\/gentlemenswatch.com\/shop\/horlogeboek\/the-worlds-most-expensive-watches\/#primaryimage\",\"url\":\"https:\/\/gentlemenswatch.com\/wp-content\/uploads\/2023\/05\/the-world-s-most-expensive-watches.jpg\",\"contentUrl\":\"https:\/\/gentlemenswatch.com\/wp-content\/uploads\/2023\/05\/the-world-s-most-expensive-watches.jpg\",\"width\":771,\"height\":1000},{\"@type\":\"BreadcrumbList\",\"@id\":\"https:\/\/gentlemenswatch.com\/shop\/horlogeboek\/the-worlds-most-expensive-watches\/#breadcrumb\",\"itemListElement\":[{\"@type\":\"ListItem\",\"position\":1,\"name\":\"Home\",\"item\":\"https:\/\/gentlemenswatch.com\/\"},{\"@type\":\"ListItem\",\"position\":2,\"name\":\"Winkel\",\"item\":\"https:\/\/gentlemenswatch.com\/winkel\/\"},{\"@type\":\"ListItem\",\"position\":3,\"name\":\"The World&#8217;s Most Expensive Watches\"}]},{\"@type\":\"WebSite\",\"@id\":\"https:\/\/gentlemenswatch.com\/#website\",\"url\":\"https:\/\/gentlemenswatch.com\/\",\"name\":\"Gentlemen's Watch\",\"description\":\"Serious about style\",\"publisher\":{\"@id\":\"https:\/\/gentlemenswatch.com\/#organization\"},\"potentialAction\":[{\"@type\":\"SearchAction\",\"target\":{\"@type\":\"EntryPoint\",\"urlTemplate\":\"https:\/\/gentlemenswatch.com\/?s={search_term_string}\"},\"query-input\":{\"@type\":\"PropertyValueSpecification\",\"valueRequired\":true,\"valueName\":\"search_term_string\"}}],\"inLanguage\":\"de\"},{\"@type\":\"Organization\",\"@id\":\"https:\/\/gentlemenswatch.com\/#organization\",\"name\":\"Gentlemen's Watch\",\"url\":\"https:\/\/gentlemenswatch.com\/\",\"logo\":{\"@type\":\"ImageObject\",\"inLanguage\":\"de\",\"@id\":\"https:\/\/gentlemenswatch.com\/#\/schema\/logo\/image\/\",\"url\":\"https:\/\/gentlemenswatch.com\/wp-content\/uploads\/2025\/05\/GWlogo.png\",\"contentUrl\":\"https:\/\/gentlemenswatch.com\/wp-content\/uploads\/2025\/05\/GWlogo.png\",\"width\":2956,\"height\":477,\"caption\":\"Gentlemen's Watch\"},\"image\":{\"@id\":\"https:\/\/gentlemenswatch.com\/#\/schema\/logo\/image\/\"},\"sameAs\":[\"https:\/\/www.facebook.com\/GentlemensWATCH\",\"https:\/\/www.instagram.com\/gentlemenswatch\/\"]}]}<\/script>\n<!-- \/ Yoast SEO plugin. -->","yoast_head_json":{"title":"Die teuersten Uhren der Welt - Gentlemen&#039;s Watch","description":"Egal, ob Sie ein Wissenschaftler, ein Prominenter oder ein Gentleman wie Sie und ich sind: Was Sie an Ihrem Handgelenk tragen, sagt viel dar\u00fcber aus, wer Sie sind.","robots":{"index":"index","follow":"follow","max-snippet":"max-snippet:-1","max-image-preview":"max-image-preview:large","max-video-preview":"max-video-preview:-1"},"canonical":"https:\/\/gentlemenswatch.com\/de\/shop\/uhrenbuch\/die-teuersten-uhren-der-welt\/","og_locale":"de_DE","og_type":"article","og_title":"The World's Most Expensive Watches - Gentlemen&#039;s Watch","og_description":"Of je nu een wetenschapper of beroemdheid bent, of een gentleman zoals jij en ik: wat je om je pols draagt, spreekt boekdelen over wie je bent.","og_url":"https:\/\/gentlemenswatch.com\/de\/shop\/uhrenbuch\/die-teuersten-uhren-der-welt\/","og_site_name":"Gentlemen&#039;s Watch","article_publisher":"https:\/\/www.facebook.com\/GentlemensWATCH","article_modified_time":"2023-07-24T14:13:23+00:00","og_image":[{"width":771,"height":1000,"url":"https:\/\/gentlemenswatch.com\/wp-content\/uploads\/2023\/05\/the-world-s-most-expensive-watches.jpg","type":"image\/jpeg"}],"twitter_card":"summary_large_image","twitter_misc":{"Gesch\u00e4tzte Lesezeit":"1\u00a0Minute"},"schema":{"@context":"https:\/\/schema.org","@graph":[{"@type":"WebPage","@id":"https:\/\/gentlemenswatch.com\/shop\/horlogeboek\/the-worlds-most-expensive-watches\/","url":"https:\/\/gentlemenswatch.com\/shop\/horlogeboek\/the-worlds-most-expensive-watches\/","name":"Die teuersten Uhren der Welt - Gentlemen&#039;s Watch","isPartOf":{"@id":"https:\/\/gentlemenswatch.com\/#website"},"primaryImageOfPage":{"@id":"https:\/\/gentlemenswatch.com\/shop\/horlogeboek\/the-worlds-most-expensive-watches\/#primaryimage"},"image":{"@id":"https:\/\/gentlemenswatch.com\/shop\/horlogeboek\/the-worlds-most-expensive-watches\/#primaryimage"},"thumbnailUrl":"https:\/\/gentlemenswatch.com\/wp-content\/uploads\/2023\/05\/the-world-s-most-expensive-watches.jpg","datePublished":"2023-05-19T13:00:58+00:00","dateModified":"2023-07-24T14:13:23+00:00","description":"Egal, ob Sie ein Wissenschaftler, ein Prominenter oder ein Gentleman wie Sie und ich sind: Was Sie an Ihrem Handgelenk tragen, sagt viel dar\u00fcber aus, wer Sie sind.","breadcrumb":{"@id":"https:\/\/gentlemenswatch.com\/shop\/horlogeboek\/the-worlds-most-expensive-watches\/#breadcrumb"},"inLanguage":"de","potentialAction":[{"@type":"ReadAction","target":["https:\/\/gentlemenswatch.com\/shop\/horlogeboek\/the-worlds-most-expensive-watches\/"]}]},{"@type":"ImageObject","inLanguage":"de","@id":"https:\/\/gentlemenswatch.com\/shop\/horlogeboek\/the-worlds-most-expensive-watches\/#primaryimage","url":"https:\/\/gentlemenswatch.com\/wp-content\/uploads\/2023\/05\/the-world-s-most-expensive-watches.jpg","contentUrl":"https:\/\/gentlemenswatch.com\/wp-content\/uploads\/2023\/05\/the-world-s-most-expensive-watches.jpg","width":771,"height":1000},{"@type":"BreadcrumbList","@id":"https:\/\/gentlemenswatch.com\/shop\/horlogeboek\/the-worlds-most-expensive-watches\/#breadcrumb","itemListElement":[{"@type":"ListItem","position":1,"name":"Home","item":"https:\/\/gentlemenswatch.com\/"},{"@type":"ListItem","position":2,"name":"Winkel","item":"https:\/\/gentlemenswatch.com\/winkel\/"},{"@type":"ListItem","position":3,"name":"The World&#8217;s Most Expensive Watches"}]},{"@type":"WebSite","@id":"https:\/\/gentlemenswatch.com\/#website","url":"https:\/\/gentlemenswatch.com\/","name":"Gentlemen's Watch","description":"Ernsthaftigkeit im Stil","publisher":{"@id":"https:\/\/gentlemenswatch.com\/#organization"},"potentialAction":[{"@type":"SearchAction","target":{"@type":"EntryPoint","urlTemplate":"https:\/\/gentlemenswatch.com\/?s={search_term_string}"},"query-input":{"@type":"PropertyValueSpecification","valueRequired":true,"valueName":"search_term_string"}}],"inLanguage":"de"},{"@type":"Organization","@id":"https:\/\/gentlemenswatch.com\/#organization","name":"Gentlemen's Watch","url":"https:\/\/gentlemenswatch.com\/","logo":{"@type":"ImageObject","inLanguage":"de","@id":"https:\/\/gentlemenswatch.com\/#\/schema\/logo\/image\/","url":"https:\/\/gentlemenswatch.com\/wp-content\/uploads\/2025\/05\/GWlogo.png","contentUrl":"https:\/\/gentlemenswatch.com\/wp-content\/uploads\/2025\/05\/GWlogo.png","width":2956,"height":477,"caption":"Gentlemen's Watch"},"image":{"@id":"https:\/\/gentlemenswatch.com\/#\/schema\/logo\/image\/"},"sameAs":["https:\/\/www.facebook.com\/GentlemensWATCH","https:\/\/www.instagram.com\/gentlemenswatch\/"]}]}},"_links":{"self":[{"href":"https:\/\/gentlemenswatch.com\/de\/wp-json\/wp\/v2\/product\/16103","targetHints":{"allow":["GET"]}}],"collection":[{"href":"https:\/\/gentlemenswatch.com\/de\/wp-json\/wp\/v2\/product"}],"about":[{"href":"https:\/\/gentlemenswatch.com\/de\/wp-json\/wp\/v2\/types\/product"}],"replies":[{"embeddable":true,"href":"https:\/\/gentlemenswatch.com\/de\/wp-json\/wp\/v2\/comments?post=16103"}],"wp:featuredmedia":[{"embeddable":true,"href":"https:\/\/gentlemenswatch.com\/de\/wp-json\/wp\/v2\/media\/16105"}],"wp:attachment":[{"href":"https:\/\/gentlemenswatch.com\/de\/wp-json\/wp\/v2\/media?parent=16103"}],"wp:term":[{"taxonomy":"product_brand","embeddable":true,"href":"https:\/\/gentlemenswatch.com\/de\/wp-json\/wp\/v2\/product_brand?post=16103"},{"taxonomy":"product_cat","embeddable":true,"href":"https:\/\/gentlemenswatch.com\/de\/wp-json\/wp\/v2\/product_cat?post=16103"},{"taxonomy":"product_tag","embeddable":true,"href":"https:\/\/gentlemenswatch.com\/de\/wp-json\/wp\/v2\/product_tag?post=16103"}],"curies":[{"name":"wp","href":"https:\/\/api.w.org\/{rel}","templated":true}]}}