{"id":16095,"date":"2023-05-19T11:29:45","date_gmt":"2023-05-19T11:29:45","guid":{"rendered":"https:\/\/gentlemenswatch.com\/?post_type=product&#038;p=16095"},"modified":"2025-08-21T14:48:14","modified_gmt":"2025-08-21T12:48:14","slug":"royal-oak-vom-ikonoklasten-zur-ikone","status":"publish","type":"product","link":"https:\/\/gentlemenswatch.com\/de\/shop\/uhrenbuch\/royal-oak-vom-ikonoklasten-zur-ikone\/","title":{"rendered":"Royal Oak: Vom Ikonoklast zur Ikone"},"content":{"rendered":"<p style=\"background: white;\"><span style=\"font-size: 10.5pt; font-family: Montserrat; color: black; letter-spacing: .6pt;\">Dieses Buch zeigt, wie die Royal Oak von Audemars Piguet bei ihrer Einf\u00fchrung im Jahr 1972 f\u00fcr Aufsehen sorgte. Ihr Panzer aus handgefertigtem Edelstahl umh\u00fcllte das d\u00fcnnste mechanische Uhrwerk seiner Zeit und erstrahlte in den folgenden Jahrzehnten in aller Welt. Zum ersten Mal wurde Stahl mit dem gleichen Stellenwert wie Gold veredelt. Inspiriert von den tiefgreifenden kulturellen, k\u00fcnstlerischen und industriellen Ver\u00e4nderungen der 1960er und fr\u00fchen 1970er Jahre nahm dieser zukunftsweisende Zeitmesser einen aktiveren, aber l\u00e4ssigeren Lebensstil vorweg, w\u00e4hrend die Marke eine neue \u00c4ra hochwertiger Zeitmesser einl\u00e4utete, die Sportlichkeit und Raffinesse miteinander verbanden.<\/span><\/p>\n<p>Anzahl der Seiten: 292<\/p>\n<p>Anzahl der Bilder: 400<\/p>\n<p>Sprache: Englisch<\/p>\n<p><strong>SEHR BEGRENZTER BESTAND!<\/strong><\/p>","protected":false},"excerpt":{"rendered":"<p style=\"background: white;\"><span style=\"font-size: 10.5pt; font-family: Montserrat; color: black; letter-spacing: .6pt;\">Das Buch erz\u00e4hlt, wie die Royal Oak von Audemars Piguet bei ihrer Einf\u00fchrung im Jahr 1972 f\u00fcr Aufsehen sorgte. Ihr Panzer aus handgefertigtem Edelstahl umh\u00fcllte das d\u00fcnnste mechanische Uhrwerk seiner Zeit und erstrahlte in den folgenden Jahrzehnten auf der ganzen Welt. Zum ersten Mal wurde Stahl mit dem gleichen Stellenwert wie Gold veredelt. Inspiriert von den tiefgreifenden kulturellen, k\u00fcnstlerischen und industriellen Ver\u00e4nderungen der 1960er und fr\u00fchen 1970er Jahre nahm dieser zukunftsweisende Zeitmesser einen aktiveren, aber l\u00e4ssigeren Lebensstil vorweg, w\u00e4hrend die Marke eine neue \u00c4ra hochwertiger Zeitmesser einl\u00e4utete, die Sportlichkeit und Raffinesse miteinander verbanden.<\/span><\/p>\n<p style=\"background: white;\"><span style=\"font-size: 10.5pt; font-family: Montserrat; color: black; letter-spacing: .6pt;\">Obwohl die Royal Oak bei ihrer Geburt ein Ausrei\u00dfer war, fand sie schon bald ein Publikum unter der freigeistigen Jugend, die die k\u00fchne Mischung aus technologischem Fortschritt und Handwerkskunst der Uhr erkannte. Seitdem ist die Royal Oak eine Leinwand der Innovation und steht im Dialog mit Kunst, Musik, Architektur und Sport. Heute ist die Royal Oak, ein Kulturgut, das \u00fcber die Uhrmacherei hinausgeht, ein Objekt der Best\u00e4ndigkeit in einer Welt des Alterns und verk\u00f6rpert die kreative Freiheit und den jugendlichen Geist derer, die an ihrer Geschichte mitgeschrieben haben.<\/span><\/p>\n<p style=\"margin: 0cm; background: white;\"><span style=\"font-size: 10.5pt; font-family: Montserrat; color: black; letter-spacing: .6pt;\">Das Buch stellt die Geschichte der Royal Oak aus einer breiteren kulturellen Perspektive dar und beleuchtet dabei neues Archivmaterial, das von der Heritage-Abteilung von Audemars Piguet entdeckt wurde, zusammen mit exklusiven Berichten von alten Freunden der Marke.<\/span><\/p>\n<p><strong>SEHR BEGRENZTER BESTAND!<\/strong><\/p>","protected":false},"featured_media":16097,"comment_status":"closed","ping_status":"closed","template":"","meta":[],"product_brand":[],"product_cat":[325,690],"product_tag":[655,656],"class_list":{"0":"post-16095","1":"product","2":"type-product","3":"status-publish","4":"has-post-thumbnail","6":"product_cat-horlogeboek","7":"product_cat-koffietafelboek","8":"product_tag-royaloakbook","9":"product_tag-royaloakiconic","11":"first","12":"instock","13":"taxable","14":"shipping-taxable","15":"purchasable","16":"product-type-simple"},"yoast_head":"<!-- This site is optimized with the Yoast SEO plugin v26.5 - https:\/\/yoast.com\/wordpress\/plugins\/seo\/ -->\n<title>Royal Oak: From Iconoclast to Icon - Gentlemen&#039;s Watch<\/title>\n<meta name=\"description\" content=\"Dit boek vertelt hoe de Royal Oak van Audemars Piguet voor opschudding zorgde bij de release in 1972, door staal te verheffen tot dezelfde status als goud.\" \/>\n<meta name=\"robots\" content=\"index, follow, max-snippet:-1, max-image-preview:large, max-video-preview:-1\" \/>\n<link rel=\"canonical\" href=\"https:\/\/gentlemenswatch.com\/de\/shop\/uhrenbuch\/royal-oak-vom-ikonoklasten-zur-ikone\/\" \/>\n<meta property=\"og:locale\" content=\"de_DE\" \/>\n<meta property=\"og:type\" content=\"article\" \/>\n<meta property=\"og:title\" content=\"Royal Oak: From Iconoclast to Icon - Gentlemen&#039;s Watch\" \/>\n<meta property=\"og:description\" content=\"Dit boek vertelt hoe de Royal Oak van Audemars Piguet voor opschudding zorgde bij de release in 1972, door staal te verheffen tot dezelfde status als goud.\" \/>\n<meta property=\"og:url\" content=\"https:\/\/gentlemenswatch.com\/de\/shop\/uhrenbuch\/royal-oak-vom-ikonoklasten-zur-ikone\/\" \/>\n<meta property=\"og:site_name\" content=\"Gentlemen&#039;s Watch\" \/>\n<meta property=\"article:publisher\" content=\"https:\/\/www.facebook.com\/GentlemensWATCH\" \/>\n<meta property=\"article:modified_time\" content=\"2025-08-21T12:48:14+00:00\" \/>\n<meta property=\"og:image\" content=\"https:\/\/gentlemenswatch.com\/wp-content\/uploads\/2023\/05\/royal-oak-from-iconoclast-to-icon.jpg\" \/>\n\t<meta property=\"og:image:width\" content=\"771\" \/>\n\t<meta property=\"og:image:height\" content=\"1000\" \/>\n\t<meta property=\"og:image:type\" content=\"image\/jpeg\" \/>\n<meta name=\"twitter:card\" content=\"summary_large_image\" \/>\n<meta name=\"twitter:label1\" content=\"Gesch\u00e4tzte Lesezeit\" \/>\n\t<meta name=\"twitter:data1\" content=\"1\u00a0Minute\" \/>\n<script type=\"application\/ld+json\" class=\"yoast-schema-graph\">{\"@context\":\"https:\/\/schema.org\",\"@graph\":[{\"@type\":\"WebPage\",\"@id\":\"https:\/\/gentlemenswatch.com\/shop\/horlogeboek\/royal-oak-from-iconoclast-to-icon\/\",\"url\":\"https:\/\/gentlemenswatch.com\/shop\/horlogeboek\/royal-oak-from-iconoclast-to-icon\/\",\"name\":\"Royal Oak: From Iconoclast to Icon - Gentlemen&#039;s Watch\",\"isPartOf\":{\"@id\":\"https:\/\/gentlemenswatch.com\/#website\"},\"primaryImageOfPage\":{\"@id\":\"https:\/\/gentlemenswatch.com\/shop\/horlogeboek\/royal-oak-from-iconoclast-to-icon\/#primaryimage\"},\"image\":{\"@id\":\"https:\/\/gentlemenswatch.com\/shop\/horlogeboek\/royal-oak-from-iconoclast-to-icon\/#primaryimage\"},\"thumbnailUrl\":\"https:\/\/gentlemenswatch.com\/wp-content\/uploads\/2023\/05\/royal-oak-from-iconoclast-to-icon.jpg\",\"datePublished\":\"2023-05-19T11:29:45+00:00\",\"dateModified\":\"2025-08-21T12:48:14+00:00\",\"description\":\"Dit boek vertelt hoe de Royal Oak van Audemars Piguet voor opschudding zorgde bij de release in 1972, door staal te verheffen tot dezelfde status als goud.\",\"breadcrumb\":{\"@id\":\"https:\/\/gentlemenswatch.com\/shop\/horlogeboek\/royal-oak-from-iconoclast-to-icon\/#breadcrumb\"},\"inLanguage\":\"de\",\"potentialAction\":[{\"@type\":\"ReadAction\",\"target\":[\"https:\/\/gentlemenswatch.com\/shop\/horlogeboek\/royal-oak-from-iconoclast-to-icon\/\"]}]},{\"@type\":\"ImageObject\",\"inLanguage\":\"de\",\"@id\":\"https:\/\/gentlemenswatch.com\/shop\/horlogeboek\/royal-oak-from-iconoclast-to-icon\/#primaryimage\",\"url\":\"https:\/\/gentlemenswatch.com\/wp-content\/uploads\/2023\/05\/royal-oak-from-iconoclast-to-icon.jpg\",\"contentUrl\":\"https:\/\/gentlemenswatch.com\/wp-content\/uploads\/2023\/05\/royal-oak-from-iconoclast-to-icon.jpg\",\"width\":771,\"height\":1000},{\"@type\":\"BreadcrumbList\",\"@id\":\"https:\/\/gentlemenswatch.com\/shop\/horlogeboek\/royal-oak-from-iconoclast-to-icon\/#breadcrumb\",\"itemListElement\":[{\"@type\":\"ListItem\",\"position\":1,\"name\":\"Home\",\"item\":\"https:\/\/gentlemenswatch.com\/\"},{\"@type\":\"ListItem\",\"position\":2,\"name\":\"Winkel\",\"item\":\"https:\/\/gentlemenswatch.com\/winkel\/\"},{\"@type\":\"ListItem\",\"position\":3,\"name\":\"Royal Oak: From Iconoclast to Icon\"}]},{\"@type\":\"WebSite\",\"@id\":\"https:\/\/gentlemenswatch.com\/#website\",\"url\":\"https:\/\/gentlemenswatch.com\/\",\"name\":\"Gentlemen's Watch\",\"description\":\"Serious about style\",\"publisher\":{\"@id\":\"https:\/\/gentlemenswatch.com\/#organization\"},\"potentialAction\":[{\"@type\":\"SearchAction\",\"target\":{\"@type\":\"EntryPoint\",\"urlTemplate\":\"https:\/\/gentlemenswatch.com\/?s={search_term_string}\"},\"query-input\":{\"@type\":\"PropertyValueSpecification\",\"valueRequired\":true,\"valueName\":\"search_term_string\"}}],\"inLanguage\":\"de\"},{\"@type\":\"Organization\",\"@id\":\"https:\/\/gentlemenswatch.com\/#organization\",\"name\":\"Gentlemen's Watch\",\"url\":\"https:\/\/gentlemenswatch.com\/\",\"logo\":{\"@type\":\"ImageObject\",\"inLanguage\":\"de\",\"@id\":\"https:\/\/gentlemenswatch.com\/#\/schema\/logo\/image\/\",\"url\":\"https:\/\/gentlemenswatch.com\/wp-content\/uploads\/2025\/05\/GWlogo.png\",\"contentUrl\":\"https:\/\/gentlemenswatch.com\/wp-content\/uploads\/2025\/05\/GWlogo.png\",\"width\":2956,\"height\":477,\"caption\":\"Gentlemen's Watch\"},\"image\":{\"@id\":\"https:\/\/gentlemenswatch.com\/#\/schema\/logo\/image\/\"},\"sameAs\":[\"https:\/\/www.facebook.com\/GentlemensWATCH\",\"https:\/\/www.instagram.com\/gentlemenswatch\/\"]}]}<\/script>\n<!-- \/ Yoast SEO plugin. -->","yoast_head_json":{"title":"Royal Oak: Vom Ikonoklast zur Ikone - Herren&#039;uhr","description":"Dieses Buch erz\u00e4hlt, wie die Royal Oak von Audemars Piguet bei ihrer Einf\u00fchrung im Jahr 1972 f\u00fcr Aufsehen sorgte, indem sie Stahl auf den gleichen Status wie Gold erhob.","robots":{"index":"index","follow":"follow","max-snippet":"max-snippet:-1","max-image-preview":"max-image-preview:large","max-video-preview":"max-video-preview:-1"},"canonical":"https:\/\/gentlemenswatch.com\/de\/shop\/uhrenbuch\/royal-oak-vom-ikonoklasten-zur-ikone\/","og_locale":"de_DE","og_type":"article","og_title":"Royal Oak: From Iconoclast to Icon - Gentlemen&#039;s Watch","og_description":"Dit boek vertelt hoe de Royal Oak van Audemars Piguet voor opschudding zorgde bij de release in 1972, door staal te verheffen tot dezelfde status als goud.","og_url":"https:\/\/gentlemenswatch.com\/de\/shop\/uhrenbuch\/royal-oak-vom-ikonoklasten-zur-ikone\/","og_site_name":"Gentlemen&#039;s Watch","article_publisher":"https:\/\/www.facebook.com\/GentlemensWATCH","article_modified_time":"2025-08-21T12:48:14+00:00","og_image":[{"width":771,"height":1000,"url":"https:\/\/gentlemenswatch.com\/wp-content\/uploads\/2023\/05\/royal-oak-from-iconoclast-to-icon.jpg","type":"image\/jpeg"}],"twitter_card":"summary_large_image","twitter_misc":{"Gesch\u00e4tzte Lesezeit":"1\u00a0Minute"},"schema":{"@context":"https:\/\/schema.org","@graph":[{"@type":"WebPage","@id":"https:\/\/gentlemenswatch.com\/shop\/horlogeboek\/royal-oak-from-iconoclast-to-icon\/","url":"https:\/\/gentlemenswatch.com\/shop\/horlogeboek\/royal-oak-from-iconoclast-to-icon\/","name":"Royal Oak: Vom Ikonoklast zur Ikone - Herren&#039;uhr","isPartOf":{"@id":"https:\/\/gentlemenswatch.com\/#website"},"primaryImageOfPage":{"@id":"https:\/\/gentlemenswatch.com\/shop\/horlogeboek\/royal-oak-from-iconoclast-to-icon\/#primaryimage"},"image":{"@id":"https:\/\/gentlemenswatch.com\/shop\/horlogeboek\/royal-oak-from-iconoclast-to-icon\/#primaryimage"},"thumbnailUrl":"https:\/\/gentlemenswatch.com\/wp-content\/uploads\/2023\/05\/royal-oak-from-iconoclast-to-icon.jpg","datePublished":"2023-05-19T11:29:45+00:00","dateModified":"2025-08-21T12:48:14+00:00","description":"Dieses Buch erz\u00e4hlt, wie die Royal Oak von Audemars Piguet bei ihrer Einf\u00fchrung im Jahr 1972 f\u00fcr Aufsehen sorgte, indem sie Stahl auf den gleichen Status wie Gold erhob.","breadcrumb":{"@id":"https:\/\/gentlemenswatch.com\/shop\/horlogeboek\/royal-oak-from-iconoclast-to-icon\/#breadcrumb"},"inLanguage":"de","potentialAction":[{"@type":"ReadAction","target":["https:\/\/gentlemenswatch.com\/shop\/horlogeboek\/royal-oak-from-iconoclast-to-icon\/"]}]},{"@type":"ImageObject","inLanguage":"de","@id":"https:\/\/gentlemenswatch.com\/shop\/horlogeboek\/royal-oak-from-iconoclast-to-icon\/#primaryimage","url":"https:\/\/gentlemenswatch.com\/wp-content\/uploads\/2023\/05\/royal-oak-from-iconoclast-to-icon.jpg","contentUrl":"https:\/\/gentlemenswatch.com\/wp-content\/uploads\/2023\/05\/royal-oak-from-iconoclast-to-icon.jpg","width":771,"height":1000},{"@type":"BreadcrumbList","@id":"https:\/\/gentlemenswatch.com\/shop\/horlogeboek\/royal-oak-from-iconoclast-to-icon\/#breadcrumb","itemListElement":[{"@type":"ListItem","position":1,"name":"Home","item":"https:\/\/gentlemenswatch.com\/"},{"@type":"ListItem","position":2,"name":"Winkel","item":"https:\/\/gentlemenswatch.com\/winkel\/"},{"@type":"ListItem","position":3,"name":"Royal Oak: From Iconoclast to Icon"}]},{"@type":"WebSite","@id":"https:\/\/gentlemenswatch.com\/#website","url":"https:\/\/gentlemenswatch.com\/","name":"Gentlemen's Watch","description":"Ernsthaftigkeit im Stil","publisher":{"@id":"https:\/\/gentlemenswatch.com\/#organization"},"potentialAction":[{"@type":"SearchAction","target":{"@type":"EntryPoint","urlTemplate":"https:\/\/gentlemenswatch.com\/?s={search_term_string}"},"query-input":{"@type":"PropertyValueSpecification","valueRequired":true,"valueName":"search_term_string"}}],"inLanguage":"de"},{"@type":"Organization","@id":"https:\/\/gentlemenswatch.com\/#organization","name":"Gentlemen's Watch","url":"https:\/\/gentlemenswatch.com\/","logo":{"@type":"ImageObject","inLanguage":"de","@id":"https:\/\/gentlemenswatch.com\/#\/schema\/logo\/image\/","url":"https:\/\/gentlemenswatch.com\/wp-content\/uploads\/2025\/05\/GWlogo.png","contentUrl":"https:\/\/gentlemenswatch.com\/wp-content\/uploads\/2025\/05\/GWlogo.png","width":2956,"height":477,"caption":"Gentlemen's Watch"},"image":{"@id":"https:\/\/gentlemenswatch.com\/#\/schema\/logo\/image\/"},"sameAs":["https:\/\/www.facebook.com\/GentlemensWATCH","https:\/\/www.instagram.com\/gentlemenswatch\/"]}]}},"_links":{"self":[{"href":"https:\/\/gentlemenswatch.com\/de\/wp-json\/wp\/v2\/product\/16095","targetHints":{"allow":["GET"]}}],"collection":[{"href":"https:\/\/gentlemenswatch.com\/de\/wp-json\/wp\/v2\/product"}],"about":[{"href":"https:\/\/gentlemenswatch.com\/de\/wp-json\/wp\/v2\/types\/product"}],"replies":[{"embeddable":true,"href":"https:\/\/gentlemenswatch.com\/de\/wp-json\/wp\/v2\/comments?post=16095"}],"wp:featuredmedia":[{"embeddable":true,"href":"https:\/\/gentlemenswatch.com\/de\/wp-json\/wp\/v2\/media\/16097"}],"wp:attachment":[{"href":"https:\/\/gentlemenswatch.com\/de\/wp-json\/wp\/v2\/media?parent=16095"}],"wp:term":[{"taxonomy":"product_brand","embeddable":true,"href":"https:\/\/gentlemenswatch.com\/de\/wp-json\/wp\/v2\/product_brand?post=16095"},{"taxonomy":"product_cat","embeddable":true,"href":"https:\/\/gentlemenswatch.com\/de\/wp-json\/wp\/v2\/product_cat?post=16095"},{"taxonomy":"product_tag","embeddable":true,"href":"https:\/\/gentlemenswatch.com\/de\/wp-json\/wp\/v2\/product_tag?post=16095"}],"curies":[{"name":"wp","href":"https:\/\/api.w.org\/{rel}","templated":true}]}}