{"id":16090,"date":"2023-05-19T11:19:37","date_gmt":"2023-05-19T11:19:37","guid":{"rendered":"https:\/\/gentlemenswatch.com\/?post_type=product&#038;p=16090"},"modified":"2023-07-24T14:33:01","modified_gmt":"2023-07-24T14:33:01","slug":"16090","status":"publish","type":"product","link":"https:\/\/gentlemenswatch.com\/de\/shop\/uhrenbuch\/16090\/","title":{"rendered":"WATCHES Ein Identifikationshandbuch f\u00fcr zeitgen\u00f6ssische Uhren und Sammlerst\u00fccke"},"content":{"rendered":"<p style=\"background: white;\">Der Kauf einer gebrauchten Uhr kann eine riskante Angelegenheit sein. Gef\u00e4lschte Uhren gibt es \u00fcberall im Internet, und skrupellose Verk\u00e4ufer nutzen diesen Markt zunehmend, um Ihnen ihren Schrott zu verkaufen. Dieses Buch zeigt Ihnen, wie Sie die Spreu vom Weizen trennen und Fehlk\u00e4ufe vermeiden k\u00f6nnen.<\/p>\n<p>Anzahl der Seiten: 296<\/p>\n<p>Anzahl der Abbildungen: 294<\/p>\n<p>Sprache: Englisch<\/p>","protected":false},"excerpt":{"rendered":"<p style=\"background: white;\">Der Kauf einer \"getragenen\" Uhr kann ein riskanter Kauf sein. Gef\u00e4lschte Uhren sind im Internet allgegenw\u00e4rtig und skrupellose Verk\u00e4ufer nutzen diesen Markt zunehmend, um Ihnen ihren Schrott zu verkaufen.<\/p>\n<p style=\"background: white;\">Wie kann man also eine echte Uhr von einer gef\u00e4lschten Uhr unterscheiden? Diese Informationen finden Sie in diesem dritten Teil \u00fcber die bekanntesten Uhrenmarken und vor allem \u00fcber die Welt des F\u00e4lschungsmarktes, der sich st\u00e4ndig anpasst und auf der Suche nach der perfekten gef\u00e4lschten Uhr ist.<\/p>\n<p>Anzahl der Seiten: 296<\/p>\n<p>Anzahl der Abbildungen: 294<\/p>\n<p>Sprache: Englisch<\/p>","protected":false},"featured_media":16092,"comment_status":"closed","ping_status":"closed","template":"","meta":[],"product_brand":[],"product_cat":[325],"product_tag":[654],"class_list":{"0":"post-16090","1":"product","2":"type-product","3":"status-publish","4":"has-post-thumbnail","6":"product_cat-horlogeboek","7":"product_tag-watches-identification","9":"first","10":"instock","11":"taxable","12":"shipping-taxable","13":"purchasable","14":"product-type-simple"},"yoast_head":"<!-- This site is optimized with the Yoast SEO plugin v26.5 - https:\/\/yoast.com\/wordpress\/plugins\/seo\/ -->\n<title>WATCHES An Identification Manual for Contemporary and Collector\u2019s Pieces - Gentlemen&#039;s Watch<\/title>\n<meta name=\"description\" content=\"Fake horloges zijn overal te vinden en gewetenloze verkopers proberen hun troep aan jou te verkopen. Dit boek laat zien hoe je echt van nep onderscheidt.\" \/>\n<meta name=\"robots\" content=\"index, follow, max-snippet:-1, max-image-preview:large, max-video-preview:-1\" \/>\n<link rel=\"canonical\" href=\"https:\/\/gentlemenswatch.com\/de\/shop\/uhrenbuch\/16090\/\" \/>\n<meta property=\"og:locale\" content=\"de_DE\" \/>\n<meta property=\"og:type\" content=\"article\" \/>\n<meta property=\"og:title\" content=\"WATCHES An Identification Manual for Contemporary and Collector\u2019s Pieces - Gentlemen&#039;s Watch\" \/>\n<meta property=\"og:description\" content=\"Fake horloges zijn overal te vinden en gewetenloze verkopers proberen hun troep aan jou te verkopen. Dit boek laat zien hoe je echt van nep onderscheidt.\" \/>\n<meta property=\"og:url\" content=\"https:\/\/gentlemenswatch.com\/de\/shop\/uhrenbuch\/16090\/\" \/>\n<meta property=\"og:site_name\" content=\"Gentlemen&#039;s Watch\" \/>\n<meta property=\"article:publisher\" content=\"https:\/\/www.facebook.com\/GentlemensWATCH\" \/>\n<meta property=\"article:modified_time\" content=\"2023-07-24T14:33:01+00:00\" \/>\n<meta property=\"og:image\" content=\"https:\/\/gentlemenswatch.com\/wp-content\/uploads\/2023\/05\/watches-an-identification-manual-for-contemporary-and-collectors-pieces.jpg\" \/>\n\t<meta property=\"og:image:width\" content=\"771\" \/>\n\t<meta property=\"og:image:height\" content=\"1000\" \/>\n\t<meta property=\"og:image:type\" content=\"image\/jpeg\" \/>\n<meta name=\"twitter:card\" content=\"summary_large_image\" \/>\n<meta name=\"twitter:label1\" content=\"Gesch\u00e4tzte Lesezeit\" \/>\n\t<meta name=\"twitter:data1\" content=\"1\u00a0Minute\" \/>\n<script type=\"application\/ld+json\" class=\"yoast-schema-graph\">{\"@context\":\"https:\/\/schema.org\",\"@graph\":[{\"@type\":\"WebPage\",\"@id\":\"https:\/\/gentlemenswatch.com\/shop\/horlogeboek\/16090\/\",\"url\":\"https:\/\/gentlemenswatch.com\/shop\/horlogeboek\/16090\/\",\"name\":\"WATCHES An Identification Manual for Contemporary and Collector\u2019s Pieces - Gentlemen&#039;s Watch\",\"isPartOf\":{\"@id\":\"https:\/\/gentlemenswatch.com\/#website\"},\"primaryImageOfPage\":{\"@id\":\"https:\/\/gentlemenswatch.com\/shop\/horlogeboek\/16090\/#primaryimage\"},\"image\":{\"@id\":\"https:\/\/gentlemenswatch.com\/shop\/horlogeboek\/16090\/#primaryimage\"},\"thumbnailUrl\":\"https:\/\/gentlemenswatch.com\/wp-content\/uploads\/2023\/05\/watches-an-identification-manual-for-contemporary-and-collectors-pieces.jpg\",\"datePublished\":\"2023-05-19T11:19:37+00:00\",\"dateModified\":\"2023-07-24T14:33:01+00:00\",\"description\":\"Fake horloges zijn overal te vinden en gewetenloze verkopers proberen hun troep aan jou te verkopen. Dit boek laat zien hoe je echt van nep onderscheidt.\",\"breadcrumb\":{\"@id\":\"https:\/\/gentlemenswatch.com\/shop\/horlogeboek\/16090\/#breadcrumb\"},\"inLanguage\":\"de\",\"potentialAction\":[{\"@type\":\"ReadAction\",\"target\":[\"https:\/\/gentlemenswatch.com\/shop\/horlogeboek\/16090\/\"]}]},{\"@type\":\"ImageObject\",\"inLanguage\":\"de\",\"@id\":\"https:\/\/gentlemenswatch.com\/shop\/horlogeboek\/16090\/#primaryimage\",\"url\":\"https:\/\/gentlemenswatch.com\/wp-content\/uploads\/2023\/05\/watches-an-identification-manual-for-contemporary-and-collectors-pieces.jpg\",\"contentUrl\":\"https:\/\/gentlemenswatch.com\/wp-content\/uploads\/2023\/05\/watches-an-identification-manual-for-contemporary-and-collectors-pieces.jpg\",\"width\":771,\"height\":1000},{\"@type\":\"BreadcrumbList\",\"@id\":\"https:\/\/gentlemenswatch.com\/shop\/horlogeboek\/16090\/#breadcrumb\",\"itemListElement\":[{\"@type\":\"ListItem\",\"position\":1,\"name\":\"Home\",\"item\":\"https:\/\/gentlemenswatch.com\/\"},{\"@type\":\"ListItem\",\"position\":2,\"name\":\"Winkel\",\"item\":\"https:\/\/gentlemenswatch.com\/winkel\/\"},{\"@type\":\"ListItem\",\"position\":3,\"name\":\"WATCHES An Identification Manual for Contemporary and Collector\u2019s Pieces\"}]},{\"@type\":\"WebSite\",\"@id\":\"https:\/\/gentlemenswatch.com\/#website\",\"url\":\"https:\/\/gentlemenswatch.com\/\",\"name\":\"Gentlemen's Watch\",\"description\":\"Serious about style\",\"publisher\":{\"@id\":\"https:\/\/gentlemenswatch.com\/#organization\"},\"potentialAction\":[{\"@type\":\"SearchAction\",\"target\":{\"@type\":\"EntryPoint\",\"urlTemplate\":\"https:\/\/gentlemenswatch.com\/?s={search_term_string}\"},\"query-input\":{\"@type\":\"PropertyValueSpecification\",\"valueRequired\":true,\"valueName\":\"search_term_string\"}}],\"inLanguage\":\"de\"},{\"@type\":\"Organization\",\"@id\":\"https:\/\/gentlemenswatch.com\/#organization\",\"name\":\"Gentlemen's Watch\",\"url\":\"https:\/\/gentlemenswatch.com\/\",\"logo\":{\"@type\":\"ImageObject\",\"inLanguage\":\"de\",\"@id\":\"https:\/\/gentlemenswatch.com\/#\/schema\/logo\/image\/\",\"url\":\"https:\/\/gentlemenswatch.com\/wp-content\/uploads\/2025\/05\/GWlogo.png\",\"contentUrl\":\"https:\/\/gentlemenswatch.com\/wp-content\/uploads\/2025\/05\/GWlogo.png\",\"width\":2956,\"height\":477,\"caption\":\"Gentlemen's Watch\"},\"image\":{\"@id\":\"https:\/\/gentlemenswatch.com\/#\/schema\/logo\/image\/\"},\"sameAs\":[\"https:\/\/www.facebook.com\/GentlemensWATCH\",\"https:\/\/www.instagram.com\/gentlemenswatch\/\"]}]}<\/script>\n<!-- \/ Yoast SEO plugin. -->","yoast_head_json":{"title":"WATCHES An Identification Manual for Contemporary and Collector's Pieces - Gentlemen&#039;s Watch","description":"Gef\u00e4lschte Uhren gibt es \u00fcberall und skrupellose Verk\u00e4ufer versuchen, Ihnen ihren Schrott zu verkaufen. Dieses Buch zeigt Ihnen, wie Sie echte von gef\u00e4lschten Uhren unterscheiden k\u00f6nnen.","robots":{"index":"index","follow":"follow","max-snippet":"max-snippet:-1","max-image-preview":"max-image-preview:large","max-video-preview":"max-video-preview:-1"},"canonical":"https:\/\/gentlemenswatch.com\/de\/shop\/uhrenbuch\/16090\/","og_locale":"de_DE","og_type":"article","og_title":"WATCHES An Identification Manual for Contemporary and Collector\u2019s Pieces - Gentlemen&#039;s Watch","og_description":"Fake horloges zijn overal te vinden en gewetenloze verkopers proberen hun troep aan jou te verkopen. Dit boek laat zien hoe je echt van nep onderscheidt.","og_url":"https:\/\/gentlemenswatch.com\/de\/shop\/uhrenbuch\/16090\/","og_site_name":"Gentlemen&#039;s Watch","article_publisher":"https:\/\/www.facebook.com\/GentlemensWATCH","article_modified_time":"2023-07-24T14:33:01+00:00","og_image":[{"width":771,"height":1000,"url":"https:\/\/gentlemenswatch.com\/wp-content\/uploads\/2023\/05\/watches-an-identification-manual-for-contemporary-and-collectors-pieces.jpg","type":"image\/jpeg"}],"twitter_card":"summary_large_image","twitter_misc":{"Gesch\u00e4tzte Lesezeit":"1\u00a0Minute"},"schema":{"@context":"https:\/\/schema.org","@graph":[{"@type":"WebPage","@id":"https:\/\/gentlemenswatch.com\/shop\/horlogeboek\/16090\/","url":"https:\/\/gentlemenswatch.com\/shop\/horlogeboek\/16090\/","name":"WATCHES An Identification Manual for Contemporary and Collector's Pieces - Gentlemen&#039;s Watch","isPartOf":{"@id":"https:\/\/gentlemenswatch.com\/#website"},"primaryImageOfPage":{"@id":"https:\/\/gentlemenswatch.com\/shop\/horlogeboek\/16090\/#primaryimage"},"image":{"@id":"https:\/\/gentlemenswatch.com\/shop\/horlogeboek\/16090\/#primaryimage"},"thumbnailUrl":"https:\/\/gentlemenswatch.com\/wp-content\/uploads\/2023\/05\/watches-an-identification-manual-for-contemporary-and-collectors-pieces.jpg","datePublished":"2023-05-19T11:19:37+00:00","dateModified":"2023-07-24T14:33:01+00:00","description":"Gef\u00e4lschte Uhren gibt es \u00fcberall und skrupellose Verk\u00e4ufer versuchen, Ihnen ihren Schrott zu verkaufen. Dieses Buch zeigt Ihnen, wie Sie echte von gef\u00e4lschten Uhren unterscheiden k\u00f6nnen.","breadcrumb":{"@id":"https:\/\/gentlemenswatch.com\/shop\/horlogeboek\/16090\/#breadcrumb"},"inLanguage":"de","potentialAction":[{"@type":"ReadAction","target":["https:\/\/gentlemenswatch.com\/shop\/horlogeboek\/16090\/"]}]},{"@type":"ImageObject","inLanguage":"de","@id":"https:\/\/gentlemenswatch.com\/shop\/horlogeboek\/16090\/#primaryimage","url":"https:\/\/gentlemenswatch.com\/wp-content\/uploads\/2023\/05\/watches-an-identification-manual-for-contemporary-and-collectors-pieces.jpg","contentUrl":"https:\/\/gentlemenswatch.com\/wp-content\/uploads\/2023\/05\/watches-an-identification-manual-for-contemporary-and-collectors-pieces.jpg","width":771,"height":1000},{"@type":"BreadcrumbList","@id":"https:\/\/gentlemenswatch.com\/shop\/horlogeboek\/16090\/#breadcrumb","itemListElement":[{"@type":"ListItem","position":1,"name":"Home","item":"https:\/\/gentlemenswatch.com\/"},{"@type":"ListItem","position":2,"name":"Winkel","item":"https:\/\/gentlemenswatch.com\/winkel\/"},{"@type":"ListItem","position":3,"name":"WATCHES An Identification Manual for Contemporary and Collector\u2019s Pieces"}]},{"@type":"WebSite","@id":"https:\/\/gentlemenswatch.com\/#website","url":"https:\/\/gentlemenswatch.com\/","name":"Gentlemen's Watch","description":"Ernsthaftigkeit im Stil","publisher":{"@id":"https:\/\/gentlemenswatch.com\/#organization"},"potentialAction":[{"@type":"SearchAction","target":{"@type":"EntryPoint","urlTemplate":"https:\/\/gentlemenswatch.com\/?s={search_term_string}"},"query-input":{"@type":"PropertyValueSpecification","valueRequired":true,"valueName":"search_term_string"}}],"inLanguage":"de"},{"@type":"Organization","@id":"https:\/\/gentlemenswatch.com\/#organization","name":"Gentlemen's Watch","url":"https:\/\/gentlemenswatch.com\/","logo":{"@type":"ImageObject","inLanguage":"de","@id":"https:\/\/gentlemenswatch.com\/#\/schema\/logo\/image\/","url":"https:\/\/gentlemenswatch.com\/wp-content\/uploads\/2025\/05\/GWlogo.png","contentUrl":"https:\/\/gentlemenswatch.com\/wp-content\/uploads\/2025\/05\/GWlogo.png","width":2956,"height":477,"caption":"Gentlemen's Watch"},"image":{"@id":"https:\/\/gentlemenswatch.com\/#\/schema\/logo\/image\/"},"sameAs":["https:\/\/www.facebook.com\/GentlemensWATCH","https:\/\/www.instagram.com\/gentlemenswatch\/"]}]}},"_links":{"self":[{"href":"https:\/\/gentlemenswatch.com\/de\/wp-json\/wp\/v2\/product\/16090","targetHints":{"allow":["GET"]}}],"collection":[{"href":"https:\/\/gentlemenswatch.com\/de\/wp-json\/wp\/v2\/product"}],"about":[{"href":"https:\/\/gentlemenswatch.com\/de\/wp-json\/wp\/v2\/types\/product"}],"replies":[{"embeddable":true,"href":"https:\/\/gentlemenswatch.com\/de\/wp-json\/wp\/v2\/comments?post=16090"}],"wp:featuredmedia":[{"embeddable":true,"href":"https:\/\/gentlemenswatch.com\/de\/wp-json\/wp\/v2\/media\/16092"}],"wp:attachment":[{"href":"https:\/\/gentlemenswatch.com\/de\/wp-json\/wp\/v2\/media?parent=16090"}],"wp:term":[{"taxonomy":"product_brand","embeddable":true,"href":"https:\/\/gentlemenswatch.com\/de\/wp-json\/wp\/v2\/product_brand?post=16090"},{"taxonomy":"product_cat","embeddable":true,"href":"https:\/\/gentlemenswatch.com\/de\/wp-json\/wp\/v2\/product_cat?post=16090"},{"taxonomy":"product_tag","embeddable":true,"href":"https:\/\/gentlemenswatch.com\/de\/wp-json\/wp\/v2\/product_tag?post=16090"}],"curies":[{"name":"wp","href":"https:\/\/api.w.org\/{rel}","templated":true}]}}