{"id":16076,"date":"2023-05-19T10:24:28","date_gmt":"2023-05-19T10:24:28","guid":{"rendered":"https:\/\/gentlemenswatch.com\/?post_type=product&#038;p=16076"},"modified":"2024-01-07T16:53:40","modified_gmt":"2024-01-07T16:53:40","slug":"tag-heuer-150-jahre-das-buch","status":"publish","type":"product","link":"https:\/\/gentlemenswatch.com\/de\/shop\/uhrenbuch\/tag-heuer-150-jahre-das-buch\/","title":{"rendered":"Tag Heuer - 150 Jahre - Das Buch"},"content":{"rendered":"<p><span style=\"font-size: 14px; color: var(--c-contrast-800);\"><em>Dieses Buch erz\u00e4hlt die Geschichte der Geschwindigkeit, der Jagd nach Geschwindigkeit, dem Einfangen der Zeit, der Beherrschung der Zeit. Dies ist die Geschichte von TAG Heuer, der legend\u00e4ren Marke der \"Zeit\". Jede Geschichte beginnt mit einem Mann und einer Leidenschaft. Edouard Heuer, der Gr\u00fcnder, hatte eine Vision von Zeit. <\/em><\/span><\/p>\n<p><span style=\"font-size: 14px; color: var(--c-contrast-800);\"><em>Aus dem Mann wurde ein Team, ein leidenschaftliches Team. Und die Stra\u00dfe wurde zu einer Rennstrecke mit legend\u00e4ren Wettbewerben, die die m\u00e4chtigsten M\u00e4nner von heute, die Helden unserer Zeit, in einem \"Parcours contre la montre\" verbindet. Die Zeit einzufangen war auch unser Design, denn unsere Wurzeln liegen darin; unsere Identit\u00e4t wurde immer von den gr\u00f6\u00dften Namen der Architektur, der Kunst und den avantgardistischen Industriedesignern jeder Generation beeinflusst.<\/em><\/span><\/p>\n<p><span style=\"font-size: 14px; color: var(--c-contrast-800);\">Anzahl der Seiten: 216<\/span><\/p>\n<p>Sprache: Englisch<\/p>","protected":false},"excerpt":{"rendered":"<p><span style=\"font-size: 14px; color: var(--c-contrast-800);\"><em>Dieses Buch erz\u00e4hlt die Geschichte der Geschwindigkeit, der Jagd nach Geschwindigkeit, dem Einfangen der Zeit, der Beherrschung der Zeit. Dies ist die Geschichte von TAG Heuer, der legend\u00e4ren Marke der \"Zeit\". Jede Geschichte beginnt mit einem Mann und einer Leidenschaft. Edouard Heuer, der Gr\u00fcnder, hatte eine Vision von Zeit.<\/em><\/span><\/p>","protected":false},"featured_media":16077,"comment_status":"closed","ping_status":"closed","template":"","meta":[],"product_brand":[],"product_cat":[572,325],"product_tag":[645,644],"class_list":{"0":"post-16076","1":"product","2":"type-product","3":"status-publish","4":"has-post-thumbnail","6":"product_cat-autoboek","7":"product_cat-horlogeboek","8":"product_tag-tagheuer150years","9":"product_tag-tagheuerbook","11":"first","12":"instock","13":"taxable","14":"shipping-taxable","15":"purchasable","16":"product-type-simple"},"yoast_head":"<!-- This site is optimized with the Yoast SEO plugin v26.5 - https:\/\/yoast.com\/wordpress\/plugins\/seo\/ -->\n<title>Tag Heuer - 150 Years - The book - Gentlemen&#039;s Watch<\/title>\n<meta name=\"description\" content=\"This book brings you to the story of speed, the hunt for speed, catching time, mastering time. This is the story of TAG Heuer, the legendary brand of &quot;Time&quot;. Every story starts with a man and a passion. Edouard Heuer, the founder, had a vision of time.\" \/>\n<meta name=\"robots\" content=\"index, follow, max-snippet:-1, max-image-preview:large, max-video-preview:-1\" \/>\n<link rel=\"canonical\" href=\"https:\/\/gentlemenswatch.com\/de\/shop\/uhrenbuch\/tag-heuer-150-jahre-das-buch\/\" \/>\n<meta property=\"og:locale\" content=\"de_DE\" \/>\n<meta property=\"og:type\" content=\"article\" \/>\n<meta property=\"og:title\" content=\"Tag Heuer - 150 Years - The book - Gentlemen&#039;s Watch\" \/>\n<meta property=\"og:description\" content=\"This book brings you to the story of speed, the hunt for speed, catching time, mastering time. This is the story of TAG Heuer, the legendary brand of &quot;Time&quot;. Every story starts with a man and a passion. Edouard Heuer, the founder, had a vision of time.\" \/>\n<meta property=\"og:url\" content=\"https:\/\/gentlemenswatch.com\/de\/shop\/uhrenbuch\/tag-heuer-150-jahre-das-buch\/\" \/>\n<meta property=\"og:site_name\" content=\"Gentlemen&#039;s Watch\" \/>\n<meta property=\"article:publisher\" content=\"https:\/\/www.facebook.com\/GentlemensWATCH\" \/>\n<meta property=\"article:modified_time\" content=\"2024-01-07T16:53:40+00:00\" \/>\n<meta property=\"og:image\" content=\"https:\/\/gentlemenswatch.com\/wp-content\/uploads\/2023\/05\/tag-heuer-150-years-the-book-version-anglaise.jpg\" \/>\n\t<meta property=\"og:image:width\" content=\"771\" \/>\n\t<meta property=\"og:image:height\" content=\"1000\" \/>\n\t<meta property=\"og:image:type\" content=\"image\/jpeg\" \/>\n<meta name=\"twitter:card\" content=\"summary_large_image\" \/>\n<meta name=\"twitter:label1\" content=\"Gesch\u00e4tzte Lesezeit\" \/>\n\t<meta name=\"twitter:data1\" content=\"1\u00a0Minute\" \/>\n<script type=\"application\/ld+json\" class=\"yoast-schema-graph\">{\"@context\":\"https:\/\/schema.org\",\"@graph\":[{\"@type\":\"WebPage\",\"@id\":\"https:\/\/gentlemenswatch.com\/shop\/horlogeboek\/tag-heuer-150-years-the-book\/\",\"url\":\"https:\/\/gentlemenswatch.com\/shop\/horlogeboek\/tag-heuer-150-years-the-book\/\",\"name\":\"Tag Heuer - 150 Years - The book - Gentlemen&#039;s Watch\",\"isPartOf\":{\"@id\":\"https:\/\/gentlemenswatch.com\/#website\"},\"primaryImageOfPage\":{\"@id\":\"https:\/\/gentlemenswatch.com\/shop\/horlogeboek\/tag-heuer-150-years-the-book\/#primaryimage\"},\"image\":{\"@id\":\"https:\/\/gentlemenswatch.com\/shop\/horlogeboek\/tag-heuer-150-years-the-book\/#primaryimage\"},\"thumbnailUrl\":\"https:\/\/gentlemenswatch.com\/wp-content\/uploads\/2023\/05\/tag-heuer-150-years-the-book-version-anglaise.jpg\",\"datePublished\":\"2023-05-19T10:24:28+00:00\",\"dateModified\":\"2024-01-07T16:53:40+00:00\",\"description\":\"This book brings you to the story of speed, the hunt for speed, catching time, mastering time. This is the story of TAG Heuer, the legendary brand of \\\"Time\\\". Every story starts with a man and a passion. Edouard Heuer, the founder, had a vision of time.\",\"breadcrumb\":{\"@id\":\"https:\/\/gentlemenswatch.com\/shop\/horlogeboek\/tag-heuer-150-years-the-book\/#breadcrumb\"},\"inLanguage\":\"de\",\"potentialAction\":[{\"@type\":\"ReadAction\",\"target\":[\"https:\/\/gentlemenswatch.com\/shop\/horlogeboek\/tag-heuer-150-years-the-book\/\"]}]},{\"@type\":\"ImageObject\",\"inLanguage\":\"de\",\"@id\":\"https:\/\/gentlemenswatch.com\/shop\/horlogeboek\/tag-heuer-150-years-the-book\/#primaryimage\",\"url\":\"https:\/\/gentlemenswatch.com\/wp-content\/uploads\/2023\/05\/tag-heuer-150-years-the-book-version-anglaise.jpg\",\"contentUrl\":\"https:\/\/gentlemenswatch.com\/wp-content\/uploads\/2023\/05\/tag-heuer-150-years-the-book-version-anglaise.jpg\",\"width\":771,\"height\":1000},{\"@type\":\"BreadcrumbList\",\"@id\":\"https:\/\/gentlemenswatch.com\/shop\/horlogeboek\/tag-heuer-150-years-the-book\/#breadcrumb\",\"itemListElement\":[{\"@type\":\"ListItem\",\"position\":1,\"name\":\"Home\",\"item\":\"https:\/\/gentlemenswatch.com\/\"},{\"@type\":\"ListItem\",\"position\":2,\"name\":\"Winkel\",\"item\":\"https:\/\/gentlemenswatch.com\/winkel\/\"},{\"@type\":\"ListItem\",\"position\":3,\"name\":\"Tag Heuer &#8211; 150 Years &#8211; The book\"}]},{\"@type\":\"WebSite\",\"@id\":\"https:\/\/gentlemenswatch.com\/#website\",\"url\":\"https:\/\/gentlemenswatch.com\/\",\"name\":\"Gentlemen's Watch\",\"description\":\"Serious about style\",\"publisher\":{\"@id\":\"https:\/\/gentlemenswatch.com\/#organization\"},\"potentialAction\":[{\"@type\":\"SearchAction\",\"target\":{\"@type\":\"EntryPoint\",\"urlTemplate\":\"https:\/\/gentlemenswatch.com\/?s={search_term_string}\"},\"query-input\":{\"@type\":\"PropertyValueSpecification\",\"valueRequired\":true,\"valueName\":\"search_term_string\"}}],\"inLanguage\":\"de\"},{\"@type\":\"Organization\",\"@id\":\"https:\/\/gentlemenswatch.com\/#organization\",\"name\":\"Gentlemen's Watch\",\"url\":\"https:\/\/gentlemenswatch.com\/\",\"logo\":{\"@type\":\"ImageObject\",\"inLanguage\":\"de\",\"@id\":\"https:\/\/gentlemenswatch.com\/#\/schema\/logo\/image\/\",\"url\":\"https:\/\/gentlemenswatch.com\/wp-content\/uploads\/2025\/05\/GWlogo.png\",\"contentUrl\":\"https:\/\/gentlemenswatch.com\/wp-content\/uploads\/2025\/05\/GWlogo.png\",\"width\":2956,\"height\":477,\"caption\":\"Gentlemen's Watch\"},\"image\":{\"@id\":\"https:\/\/gentlemenswatch.com\/#\/schema\/logo\/image\/\"},\"sameAs\":[\"https:\/\/www.facebook.com\/GentlemensWATCH\",\"https:\/\/www.instagram.com\/gentlemenswatch\/\"]}]}<\/script>\n<!-- \/ Yoast SEO plugin. -->","yoast_head_json":{"title":"Tag Heuer - 150 Jahre - Das Buch - Gentlemen&#039;s Watch","description":"Dieses Buch erz\u00e4hlt die Geschichte der Geschwindigkeit, der Jagd nach Geschwindigkeit, dem Einfangen der Zeit, der Beherrschung der Zeit. Dies ist die Geschichte von TAG Heuer, der legend\u00e4ren Marke der \"Zeit\". Jede Geschichte beginnt mit einem Mann und einer Leidenschaft. Edouard Heuer, der Gr\u00fcnder, hatte eine Vision von Zeit.","robots":{"index":"index","follow":"follow","max-snippet":"max-snippet:-1","max-image-preview":"max-image-preview:large","max-video-preview":"max-video-preview:-1"},"canonical":"https:\/\/gentlemenswatch.com\/de\/shop\/uhrenbuch\/tag-heuer-150-jahre-das-buch\/","og_locale":"de_DE","og_type":"article","og_title":"Tag Heuer - 150 Years - The book - Gentlemen&#039;s Watch","og_description":"This book brings you to the story of speed, the hunt for speed, catching time, mastering time. This is the story of TAG Heuer, the legendary brand of \"Time\". Every story starts with a man and a passion. Edouard Heuer, the founder, had a vision of time.","og_url":"https:\/\/gentlemenswatch.com\/de\/shop\/uhrenbuch\/tag-heuer-150-jahre-das-buch\/","og_site_name":"Gentlemen&#039;s Watch","article_publisher":"https:\/\/www.facebook.com\/GentlemensWATCH","article_modified_time":"2024-01-07T16:53:40+00:00","og_image":[{"width":771,"height":1000,"url":"https:\/\/gentlemenswatch.com\/wp-content\/uploads\/2023\/05\/tag-heuer-150-years-the-book-version-anglaise.jpg","type":"image\/jpeg"}],"twitter_card":"summary_large_image","twitter_misc":{"Gesch\u00e4tzte Lesezeit":"1\u00a0Minute"},"schema":{"@context":"https:\/\/schema.org","@graph":[{"@type":"WebPage","@id":"https:\/\/gentlemenswatch.com\/shop\/horlogeboek\/tag-heuer-150-years-the-book\/","url":"https:\/\/gentlemenswatch.com\/shop\/horlogeboek\/tag-heuer-150-years-the-book\/","name":"Tag Heuer - 150 Jahre - Das Buch - Gentlemen&#039;s Watch","isPartOf":{"@id":"https:\/\/gentlemenswatch.com\/#website"},"primaryImageOfPage":{"@id":"https:\/\/gentlemenswatch.com\/shop\/horlogeboek\/tag-heuer-150-years-the-book\/#primaryimage"},"image":{"@id":"https:\/\/gentlemenswatch.com\/shop\/horlogeboek\/tag-heuer-150-years-the-book\/#primaryimage"},"thumbnailUrl":"https:\/\/gentlemenswatch.com\/wp-content\/uploads\/2023\/05\/tag-heuer-150-years-the-book-version-anglaise.jpg","datePublished":"2023-05-19T10:24:28+00:00","dateModified":"2024-01-07T16:53:40+00:00","description":"Dieses Buch erz\u00e4hlt die Geschichte der Geschwindigkeit, der Jagd nach Geschwindigkeit, dem Einfangen der Zeit, der Beherrschung der Zeit. Dies ist die Geschichte von TAG Heuer, der legend\u00e4ren Marke der \"Zeit\". Jede Geschichte beginnt mit einem Mann und einer Leidenschaft. Edouard Heuer, der Gr\u00fcnder, hatte eine Vision von Zeit.","breadcrumb":{"@id":"https:\/\/gentlemenswatch.com\/shop\/horlogeboek\/tag-heuer-150-years-the-book\/#breadcrumb"},"inLanguage":"de","potentialAction":[{"@type":"ReadAction","target":["https:\/\/gentlemenswatch.com\/shop\/horlogeboek\/tag-heuer-150-years-the-book\/"]}]},{"@type":"ImageObject","inLanguage":"de","@id":"https:\/\/gentlemenswatch.com\/shop\/horlogeboek\/tag-heuer-150-years-the-book\/#primaryimage","url":"https:\/\/gentlemenswatch.com\/wp-content\/uploads\/2023\/05\/tag-heuer-150-years-the-book-version-anglaise.jpg","contentUrl":"https:\/\/gentlemenswatch.com\/wp-content\/uploads\/2023\/05\/tag-heuer-150-years-the-book-version-anglaise.jpg","width":771,"height":1000},{"@type":"BreadcrumbList","@id":"https:\/\/gentlemenswatch.com\/shop\/horlogeboek\/tag-heuer-150-years-the-book\/#breadcrumb","itemListElement":[{"@type":"ListItem","position":1,"name":"Home","item":"https:\/\/gentlemenswatch.com\/"},{"@type":"ListItem","position":2,"name":"Winkel","item":"https:\/\/gentlemenswatch.com\/winkel\/"},{"@type":"ListItem","position":3,"name":"Tag Heuer &#8211; 150 Years &#8211; The book"}]},{"@type":"WebSite","@id":"https:\/\/gentlemenswatch.com\/#website","url":"https:\/\/gentlemenswatch.com\/","name":"Gentlemen's Watch","description":"Ernsthaftigkeit im Stil","publisher":{"@id":"https:\/\/gentlemenswatch.com\/#organization"},"potentialAction":[{"@type":"SearchAction","target":{"@type":"EntryPoint","urlTemplate":"https:\/\/gentlemenswatch.com\/?s={search_term_string}"},"query-input":{"@type":"PropertyValueSpecification","valueRequired":true,"valueName":"search_term_string"}}],"inLanguage":"de"},{"@type":"Organization","@id":"https:\/\/gentlemenswatch.com\/#organization","name":"Gentlemen's Watch","url":"https:\/\/gentlemenswatch.com\/","logo":{"@type":"ImageObject","inLanguage":"de","@id":"https:\/\/gentlemenswatch.com\/#\/schema\/logo\/image\/","url":"https:\/\/gentlemenswatch.com\/wp-content\/uploads\/2025\/05\/GWlogo.png","contentUrl":"https:\/\/gentlemenswatch.com\/wp-content\/uploads\/2025\/05\/GWlogo.png","width":2956,"height":477,"caption":"Gentlemen's Watch"},"image":{"@id":"https:\/\/gentlemenswatch.com\/#\/schema\/logo\/image\/"},"sameAs":["https:\/\/www.facebook.com\/GentlemensWATCH","https:\/\/www.instagram.com\/gentlemenswatch\/"]}]}},"_links":{"self":[{"href":"https:\/\/gentlemenswatch.com\/de\/wp-json\/wp\/v2\/product\/16076","targetHints":{"allow":["GET"]}}],"collection":[{"href":"https:\/\/gentlemenswatch.com\/de\/wp-json\/wp\/v2\/product"}],"about":[{"href":"https:\/\/gentlemenswatch.com\/de\/wp-json\/wp\/v2\/types\/product"}],"replies":[{"embeddable":true,"href":"https:\/\/gentlemenswatch.com\/de\/wp-json\/wp\/v2\/comments?post=16076"}],"wp:featuredmedia":[{"embeddable":true,"href":"https:\/\/gentlemenswatch.com\/de\/wp-json\/wp\/v2\/media\/16077"}],"wp:attachment":[{"href":"https:\/\/gentlemenswatch.com\/de\/wp-json\/wp\/v2\/media?parent=16076"}],"wp:term":[{"taxonomy":"product_brand","embeddable":true,"href":"https:\/\/gentlemenswatch.com\/de\/wp-json\/wp\/v2\/product_brand?post=16076"},{"taxonomy":"product_cat","embeddable":true,"href":"https:\/\/gentlemenswatch.com\/de\/wp-json\/wp\/v2\/product_cat?post=16076"},{"taxonomy":"product_tag","embeddable":true,"href":"https:\/\/gentlemenswatch.com\/de\/wp-json\/wp\/v2\/product_tag?post=16076"}],"curies":[{"name":"wp","href":"https:\/\/api.w.org\/{rel}","templated":true}]}}