{"id":16071,"date":"2023-05-19T10:10:27","date_gmt":"2023-05-19T10:10:27","guid":{"rendered":"https:\/\/gentlemenswatch.com\/?post_type=product&#038;p=16071"},"modified":"2023-07-26T14:57:54","modified_gmt":"2023-07-26T14:57:54","slug":"moonwatch-nur-der-ultimative-omega-speedmaster-fuhrer-neueste-ausgabe","status":"publish","type":"product","link":"https:\/\/gentlemenswatch.com\/de\/shop\/keine-kategorie\/moonwatch-nur-der-ultimative-omega-speedmaster-fuhrer-neueste-ausgabe\/","title":{"rendered":"Moonwatch Only: Der ultimative OMEGA Speedmaster-F\u00fchrer. Neueste Ausgabe!"},"content":{"rendered":"<p>Die Speedmaster ist eine zeitlose Ikone, die sich seit ihrer Einf\u00fchrung im Jahr 1957 erheblich weiterentwickelt hat. Auch wenn das nicht jeder von au\u00dfen erkennen mag. Nach mehrj\u00e4hrigen Recherchen haben die Autoren ein technisches und vor allem attraktives Buch geschaffen, das als Nachschlagewerk speziell f\u00fcr dieses legend\u00e4re Modell gedacht ist.<\/p>\n<p>&nbsp;<\/p>","protected":false},"excerpt":{"rendered":"<p>Die Speedmaster ist eine zeitlose Ikone, die sich seit ihrer Einf\u00fchrung im Jahr 1957 erheblich weiterentwickelt hat. Auch wenn das nicht jeder von au\u00dfen erkennen mag. Nach mehrj\u00e4hrigen Recherchen haben die Autoren ein technisches und vor allem attraktives Buch geschaffen, das als Nachschlagewerk speziell f\u00fcr dieses legend\u00e4re Modell gedacht ist.<\/p>\n<p>Der Schwerpunkt dieses Buches liegt auf der Identifizierung historischer Speedmaster-Modelle aus der Serienproduktion.<\/p>\n<p>Anzahl der Seiten: 598<\/p>\n<p>Anzahl der Abbildungen: 1000+<\/p>\n<p>Sprache: Englisch<\/p>","protected":false},"featured_media":16327,"comment_status":"closed","ping_status":"closed","template":"","meta":[],"product_brand":[],"product_cat":[32,325],"product_tag":[642,643,641],"class_list":{"0":"post-16071","1":"product","2":"type-product","3":"status-publish","4":"has-post-thumbnail","6":"product_cat-geen-categorie","7":"product_cat-horlogeboek","8":"product_tag-moonwatch","9":"product_tag-moonwatch1957","10":"product_tag-omegamoonwatch","12":"first","13":"instock","14":"taxable","15":"shipping-taxable","16":"purchasable","17":"product-type-simple"},"yoast_head":"<!-- This site is optimized with the Yoast SEO plugin v26.5 - https:\/\/yoast.com\/wordpress\/plugins\/seo\/ -->\n<title>Moonwatch Only: The Ultimate OMEGA Speedmaster Guide. Nieuwste editie! - Gentlemen&#039;s Watch<\/title>\n<meta name=\"description\" content=\"De Speedmaster is een tijdloos icoon dat aanzienlijk is ge\u00ebvolueerd sinds de introductie in 1957. Al is dat aan de buitenkant niet door iedereen te herkennen. Na meerdere jaren van onderzoek, hebben de auteurs een technisch en vooral aantrekkelijk boek gemaakt dat bedoeld is als naslagwerk, specifiek voor dit legendarische model.\" \/>\n<meta name=\"robots\" content=\"index, follow, max-snippet:-1, max-image-preview:large, max-video-preview:-1\" \/>\n<link rel=\"canonical\" href=\"https:\/\/gentlemenswatch.com\/de\/shop\/keine-kategorie\/moonwatch-nur-der-ultimative-omega-speedmaster-fuhrer-neueste-ausgabe\/\" \/>\n<meta property=\"og:locale\" content=\"de_DE\" \/>\n<meta property=\"og:type\" content=\"article\" \/>\n<meta property=\"og:title\" content=\"Moonwatch Only: The Ultimate OMEGA Speedmaster Guide. Nieuwste editie! - Gentlemen&#039;s Watch\" \/>\n<meta property=\"og:description\" content=\"De Speedmaster is een tijdloos icoon dat aanzienlijk is ge\u00ebvolueerd sinds de introductie in 1957. Al is dat aan de buitenkant niet door iedereen te herkennen. Na meerdere jaren van onderzoek, hebben de auteurs een technisch en vooral aantrekkelijk boek gemaakt dat bedoeld is als naslagwerk, specifiek voor dit legendarische model.\" \/>\n<meta property=\"og:url\" content=\"https:\/\/gentlemenswatch.com\/de\/shop\/keine-kategorie\/moonwatch-nur-der-ultimative-omega-speedmaster-fuhrer-neueste-ausgabe\/\" \/>\n<meta property=\"og:site_name\" content=\"Gentlemen&#039;s Watch\" \/>\n<meta property=\"article:publisher\" content=\"https:\/\/www.facebook.com\/GentlemensWATCH\" \/>\n<meta property=\"article:modified_time\" content=\"2023-07-26T14:57:54+00:00\" \/>\n<meta property=\"og:image\" content=\"https:\/\/gentlemenswatch.com\/wp-content\/uploads\/2023\/05\/moonwatch-only-ultimate-book3ed.png\" \/>\n\t<meta property=\"og:image:width\" content=\"1280\" \/>\n\t<meta property=\"og:image:height\" content=\"1124\" \/>\n\t<meta property=\"og:image:type\" content=\"image\/png\" \/>\n<meta name=\"twitter:card\" content=\"summary_large_image\" \/>\n<meta name=\"twitter:label1\" content=\"Gesch\u00e4tzte Lesezeit\" \/>\n\t<meta name=\"twitter:data1\" content=\"1\u00a0Minute\" \/>\n<script type=\"application\/ld+json\" class=\"yoast-schema-graph\">{\"@context\":\"https:\/\/schema.org\",\"@graph\":[{\"@type\":\"WebPage\",\"@id\":\"https:\/\/gentlemenswatch.com\/shop\/geen-categorie\/moonwatch-only-the-ultimate-omega-speedmaster-guide-nieuwste-editie\/\",\"url\":\"https:\/\/gentlemenswatch.com\/shop\/geen-categorie\/moonwatch-only-the-ultimate-omega-speedmaster-guide-nieuwste-editie\/\",\"name\":\"Moonwatch Only: The Ultimate OMEGA Speedmaster Guide. Nieuwste editie! - Gentlemen&#039;s Watch\",\"isPartOf\":{\"@id\":\"https:\/\/gentlemenswatch.com\/#website\"},\"primaryImageOfPage\":{\"@id\":\"https:\/\/gentlemenswatch.com\/shop\/geen-categorie\/moonwatch-only-the-ultimate-omega-speedmaster-guide-nieuwste-editie\/#primaryimage\"},\"image\":{\"@id\":\"https:\/\/gentlemenswatch.com\/shop\/geen-categorie\/moonwatch-only-the-ultimate-omega-speedmaster-guide-nieuwste-editie\/#primaryimage\"},\"thumbnailUrl\":\"https:\/\/gentlemenswatch.com\/wp-content\/uploads\/2023\/05\/moonwatch-only-ultimate-book3ed.png\",\"datePublished\":\"2023-05-19T10:10:27+00:00\",\"dateModified\":\"2023-07-26T14:57:54+00:00\",\"description\":\"De Speedmaster is een tijdloos icoon dat aanzienlijk is ge\u00ebvolueerd sinds de introductie in 1957. Al is dat aan de buitenkant niet door iedereen te herkennen. Na meerdere jaren van onderzoek, hebben de auteurs een technisch en vooral aantrekkelijk boek gemaakt dat bedoeld is als naslagwerk, specifiek voor dit legendarische model.\",\"breadcrumb\":{\"@id\":\"https:\/\/gentlemenswatch.com\/shop\/geen-categorie\/moonwatch-only-the-ultimate-omega-speedmaster-guide-nieuwste-editie\/#breadcrumb\"},\"inLanguage\":\"de\",\"potentialAction\":[{\"@type\":\"ReadAction\",\"target\":[\"https:\/\/gentlemenswatch.com\/shop\/geen-categorie\/moonwatch-only-the-ultimate-omega-speedmaster-guide-nieuwste-editie\/\"]}]},{\"@type\":\"ImageObject\",\"inLanguage\":\"de\",\"@id\":\"https:\/\/gentlemenswatch.com\/shop\/geen-categorie\/moonwatch-only-the-ultimate-omega-speedmaster-guide-nieuwste-editie\/#primaryimage\",\"url\":\"https:\/\/gentlemenswatch.com\/wp-content\/uploads\/2023\/05\/moonwatch-only-ultimate-book3ed.png\",\"contentUrl\":\"https:\/\/gentlemenswatch.com\/wp-content\/uploads\/2023\/05\/moonwatch-only-ultimate-book3ed.png\",\"width\":1280,\"height\":1124},{\"@type\":\"BreadcrumbList\",\"@id\":\"https:\/\/gentlemenswatch.com\/shop\/geen-categorie\/moonwatch-only-the-ultimate-omega-speedmaster-guide-nieuwste-editie\/#breadcrumb\",\"itemListElement\":[{\"@type\":\"ListItem\",\"position\":1,\"name\":\"Home\",\"item\":\"https:\/\/gentlemenswatch.com\/\"},{\"@type\":\"ListItem\",\"position\":2,\"name\":\"Winkel\",\"item\":\"https:\/\/gentlemenswatch.com\/winkel\/\"},{\"@type\":\"ListItem\",\"position\":3,\"name\":\"Moonwatch Only: The Ultimate OMEGA Speedmaster Guide. Nieuwste editie!\"}]},{\"@type\":\"WebSite\",\"@id\":\"https:\/\/gentlemenswatch.com\/#website\",\"url\":\"https:\/\/gentlemenswatch.com\/\",\"name\":\"Gentlemen's Watch\",\"description\":\"Serious about style\",\"publisher\":{\"@id\":\"https:\/\/gentlemenswatch.com\/#organization\"},\"potentialAction\":[{\"@type\":\"SearchAction\",\"target\":{\"@type\":\"EntryPoint\",\"urlTemplate\":\"https:\/\/gentlemenswatch.com\/?s={search_term_string}\"},\"query-input\":{\"@type\":\"PropertyValueSpecification\",\"valueRequired\":true,\"valueName\":\"search_term_string\"}}],\"inLanguage\":\"de\"},{\"@type\":\"Organization\",\"@id\":\"https:\/\/gentlemenswatch.com\/#organization\",\"name\":\"Gentlemen's Watch\",\"url\":\"https:\/\/gentlemenswatch.com\/\",\"logo\":{\"@type\":\"ImageObject\",\"inLanguage\":\"de\",\"@id\":\"https:\/\/gentlemenswatch.com\/#\/schema\/logo\/image\/\",\"url\":\"https:\/\/gentlemenswatch.com\/wp-content\/uploads\/2025\/05\/GWlogo.png\",\"contentUrl\":\"https:\/\/gentlemenswatch.com\/wp-content\/uploads\/2025\/05\/GWlogo.png\",\"width\":2956,\"height\":477,\"caption\":\"Gentlemen's Watch\"},\"image\":{\"@id\":\"https:\/\/gentlemenswatch.com\/#\/schema\/logo\/image\/\"},\"sameAs\":[\"https:\/\/www.facebook.com\/GentlemensWATCH\",\"https:\/\/www.instagram.com\/gentlemenswatch\/\"]}]}<\/script>\n<!-- \/ Yoast SEO plugin. -->","yoast_head_json":{"title":"Moonwatch Only: Der ultimative OMEGA Speedmaster F\u00fchrer. Neuste Ausgabe! - Gentlemen&#039;s Watch","description":"Die Speedmaster ist eine zeitlose Ikone, die sich seit ihrer Einf\u00fchrung im Jahr 1957 erheblich weiterentwickelt hat. Auch wenn das nicht jeder von au\u00dfen erkennen mag. Nach mehrj\u00e4hrigen Recherchen haben die Autoren ein technisches und vor allem attraktives Buch geschaffen, das als Nachschlagewerk speziell f\u00fcr dieses legend\u00e4re Modell gedacht ist.","robots":{"index":"index","follow":"follow","max-snippet":"max-snippet:-1","max-image-preview":"max-image-preview:large","max-video-preview":"max-video-preview:-1"},"canonical":"https:\/\/gentlemenswatch.com\/de\/shop\/keine-kategorie\/moonwatch-nur-der-ultimative-omega-speedmaster-fuhrer-neueste-ausgabe\/","og_locale":"de_DE","og_type":"article","og_title":"Moonwatch Only: The Ultimate OMEGA Speedmaster Guide. Nieuwste editie! - Gentlemen&#039;s Watch","og_description":"De Speedmaster is een tijdloos icoon dat aanzienlijk is ge\u00ebvolueerd sinds de introductie in 1957. Al is dat aan de buitenkant niet door iedereen te herkennen. Na meerdere jaren van onderzoek, hebben de auteurs een technisch en vooral aantrekkelijk boek gemaakt dat bedoeld is als naslagwerk, specifiek voor dit legendarische model.","og_url":"https:\/\/gentlemenswatch.com\/de\/shop\/keine-kategorie\/moonwatch-nur-der-ultimative-omega-speedmaster-fuhrer-neueste-ausgabe\/","og_site_name":"Gentlemen&#039;s Watch","article_publisher":"https:\/\/www.facebook.com\/GentlemensWATCH","article_modified_time":"2023-07-26T14:57:54+00:00","og_image":[{"width":1280,"height":1124,"url":"https:\/\/gentlemenswatch.com\/wp-content\/uploads\/2023\/05\/moonwatch-only-ultimate-book3ed.png","type":"image\/png"}],"twitter_card":"summary_large_image","twitter_misc":{"Gesch\u00e4tzte Lesezeit":"1\u00a0Minute"},"schema":{"@context":"https:\/\/schema.org","@graph":[{"@type":"WebPage","@id":"https:\/\/gentlemenswatch.com\/shop\/geen-categorie\/moonwatch-only-the-ultimate-omega-speedmaster-guide-nieuwste-editie\/","url":"https:\/\/gentlemenswatch.com\/shop\/geen-categorie\/moonwatch-only-the-ultimate-omega-speedmaster-guide-nieuwste-editie\/","name":"Moonwatch Only: Der ultimative OMEGA Speedmaster F\u00fchrer. Neuste Ausgabe! - Gentlemen&#039;s Watch","isPartOf":{"@id":"https:\/\/gentlemenswatch.com\/#website"},"primaryImageOfPage":{"@id":"https:\/\/gentlemenswatch.com\/shop\/geen-categorie\/moonwatch-only-the-ultimate-omega-speedmaster-guide-nieuwste-editie\/#primaryimage"},"image":{"@id":"https:\/\/gentlemenswatch.com\/shop\/geen-categorie\/moonwatch-only-the-ultimate-omega-speedmaster-guide-nieuwste-editie\/#primaryimage"},"thumbnailUrl":"https:\/\/gentlemenswatch.com\/wp-content\/uploads\/2023\/05\/moonwatch-only-ultimate-book3ed.png","datePublished":"2023-05-19T10:10:27+00:00","dateModified":"2023-07-26T14:57:54+00:00","description":"Die Speedmaster ist eine zeitlose Ikone, die sich seit ihrer Einf\u00fchrung im Jahr 1957 erheblich weiterentwickelt hat. Auch wenn das nicht jeder von au\u00dfen erkennen mag. Nach mehrj\u00e4hrigen Recherchen haben die Autoren ein technisches und vor allem attraktives Buch geschaffen, das als Nachschlagewerk speziell f\u00fcr dieses legend\u00e4re Modell gedacht ist.","breadcrumb":{"@id":"https:\/\/gentlemenswatch.com\/shop\/geen-categorie\/moonwatch-only-the-ultimate-omega-speedmaster-guide-nieuwste-editie\/#breadcrumb"},"inLanguage":"de","potentialAction":[{"@type":"ReadAction","target":["https:\/\/gentlemenswatch.com\/shop\/geen-categorie\/moonwatch-only-the-ultimate-omega-speedmaster-guide-nieuwste-editie\/"]}]},{"@type":"ImageObject","inLanguage":"de","@id":"https:\/\/gentlemenswatch.com\/shop\/geen-categorie\/moonwatch-only-the-ultimate-omega-speedmaster-guide-nieuwste-editie\/#primaryimage","url":"https:\/\/gentlemenswatch.com\/wp-content\/uploads\/2023\/05\/moonwatch-only-ultimate-book3ed.png","contentUrl":"https:\/\/gentlemenswatch.com\/wp-content\/uploads\/2023\/05\/moonwatch-only-ultimate-book3ed.png","width":1280,"height":1124},{"@type":"BreadcrumbList","@id":"https:\/\/gentlemenswatch.com\/shop\/geen-categorie\/moonwatch-only-the-ultimate-omega-speedmaster-guide-nieuwste-editie\/#breadcrumb","itemListElement":[{"@type":"ListItem","position":1,"name":"Home","item":"https:\/\/gentlemenswatch.com\/"},{"@type":"ListItem","position":2,"name":"Winkel","item":"https:\/\/gentlemenswatch.com\/winkel\/"},{"@type":"ListItem","position":3,"name":"Moonwatch Only: The Ultimate OMEGA Speedmaster Guide. Nieuwste editie!"}]},{"@type":"WebSite","@id":"https:\/\/gentlemenswatch.com\/#website","url":"https:\/\/gentlemenswatch.com\/","name":"Gentlemen's Watch","description":"Ernsthaftigkeit im Stil","publisher":{"@id":"https:\/\/gentlemenswatch.com\/#organization"},"potentialAction":[{"@type":"SearchAction","target":{"@type":"EntryPoint","urlTemplate":"https:\/\/gentlemenswatch.com\/?s={search_term_string}"},"query-input":{"@type":"PropertyValueSpecification","valueRequired":true,"valueName":"search_term_string"}}],"inLanguage":"de"},{"@type":"Organization","@id":"https:\/\/gentlemenswatch.com\/#organization","name":"Gentlemen's Watch","url":"https:\/\/gentlemenswatch.com\/","logo":{"@type":"ImageObject","inLanguage":"de","@id":"https:\/\/gentlemenswatch.com\/#\/schema\/logo\/image\/","url":"https:\/\/gentlemenswatch.com\/wp-content\/uploads\/2025\/05\/GWlogo.png","contentUrl":"https:\/\/gentlemenswatch.com\/wp-content\/uploads\/2025\/05\/GWlogo.png","width":2956,"height":477,"caption":"Gentlemen's Watch"},"image":{"@id":"https:\/\/gentlemenswatch.com\/#\/schema\/logo\/image\/"},"sameAs":["https:\/\/www.facebook.com\/GentlemensWATCH","https:\/\/www.instagram.com\/gentlemenswatch\/"]}]}},"_links":{"self":[{"href":"https:\/\/gentlemenswatch.com\/de\/wp-json\/wp\/v2\/product\/16071","targetHints":{"allow":["GET"]}}],"collection":[{"href":"https:\/\/gentlemenswatch.com\/de\/wp-json\/wp\/v2\/product"}],"about":[{"href":"https:\/\/gentlemenswatch.com\/de\/wp-json\/wp\/v2\/types\/product"}],"replies":[{"embeddable":true,"href":"https:\/\/gentlemenswatch.com\/de\/wp-json\/wp\/v2\/comments?post=16071"}],"wp:featuredmedia":[{"embeddable":true,"href":"https:\/\/gentlemenswatch.com\/de\/wp-json\/wp\/v2\/media\/16327"}],"wp:attachment":[{"href":"https:\/\/gentlemenswatch.com\/de\/wp-json\/wp\/v2\/media?parent=16071"}],"wp:term":[{"taxonomy":"product_brand","embeddable":true,"href":"https:\/\/gentlemenswatch.com\/de\/wp-json\/wp\/v2\/product_brand?post=16071"},{"taxonomy":"product_cat","embeddable":true,"href":"https:\/\/gentlemenswatch.com\/de\/wp-json\/wp\/v2\/product_cat?post=16071"},{"taxonomy":"product_tag","embeddable":true,"href":"https:\/\/gentlemenswatch.com\/de\/wp-json\/wp\/v2\/product_tag?post=16071"}],"curies":[{"name":"wp","href":"https:\/\/api.w.org\/{rel}","templated":true}]}}