{"id":16066,"date":"2023-05-19T09:49:20","date_gmt":"2023-05-19T09:49:20","guid":{"rendered":"https:\/\/gentlemenswatch.com\/?post_type=product&#038;p=16066"},"modified":"2024-01-10T14:50:40","modified_gmt":"2024-01-10T14:50:40","slug":"zeit-um-uhren-zu-rennen-und-geschichten-von-menschen-und-maschinen-zu-erzahlen","status":"publish","type":"product","link":"https:\/\/gentlemenswatch.com\/de\/shop\/uhrenbuch\/zeit-um-uhren-zu-rennen-und-geschichten-von-menschen-und-maschinen-zu-erzahlen\/","title":{"rendered":"Zeit zum Rennen. Uhren und Geschwindigkeit. Geschichten von Menschen und Maschinen"},"content":{"rendered":"<p>&nbsp;<\/p>\n<p>Time to Race ist das Buch \u00fcber eine Reise durch einen Zeitraum von \u00fcber 100 Jahren mit Fahrern, legend\u00e4ren Strecken und <strong>Uhren<\/strong> als Protagonisten. Eine Geschichte, um die engen Verbindungen zu verstehen, die zwei oft vereinte Welten wie Autorennen und Uhren charakterisieren.<\/p>\n<p>Anzahl der Seiten: 496<\/p>\n<p>Anzahl der Abbildungen: 1500<\/p>\n<p>Sprache: Englisch<\/p>","protected":false},"excerpt":{"rendered":"<p>Time to Race ist das Buch \u00fcber eine Reise durch einen Zeitraum von \u00fcber 100 Jahren mit Fahrern, legend\u00e4ren Strecken und <strong>Uhren<\/strong> als Protagonisten. Eine Geschichte, um die engen Verbindungen zu verstehen, die zwei oft vereinte Welten wie Autorennen und Uhren charakterisieren.<\/p>\n<p>Die Uhren von Mike Hawthorn, Stirling Moss und Carroll Shelby. Die pers\u00f6nlichen Uhren von Enzo Ferrari. Die Geschichte der Uhren, die beim 24-Stunden-Rennen von Le Mans die Zeit anzeigen. Die pers\u00f6nliche Uhrensammlung von Alex Zanardi. Die pers\u00f6nlichen Uhren von Ayrton Senna. Fast 90 Pers\u00f6nlichkeiten des Rennsports und ihre Uhren.<\/p>\n<p>Die gro\u00dfen Rennstrecken und die ihnen gewidmeten Uhren. Die gro\u00dfen Zeitmesser und die Geschichte der Uhrenhersteller, die direkt an den Rennen beteiligt waren. Zahlreiche Exemplare, die dank sorgf\u00e4ltiger Recherchen und in Zusammenarbeit mit einigen der renommiertesten Sammler der Welt in die Vergangenheit zur\u00fcckversetzt und fotografiert wurden, um die Merkmale des Uhrwerks, des Geh\u00e4uses und des Zifferblatts eines jeden Exemplars bestm\u00f6glich darzustellen.<\/p>\n<p>Time to Race ist das vollst\u00e4ndige Werk \u00fcber den langen Weg, den Rennen und Uhren gemeinsam zur\u00fcckgelegt haben. Geschrieben von Cesare Maria Mannucci und John Goldberger. Vorworte von Piero Ferrari und TK Mak.<\/p>\n<p>&nbsp;<\/p>","protected":false},"featured_media":16067,"comment_status":"closed","ping_status":"closed","template":"","meta":[],"product_brand":[],"product_cat":[572,325],"product_tag":[631,633,632,630],"class_list":{"0":"post-16066","1":"product","2":"type-product","3":"status-publish","4":"has-post-thumbnail","6":"product_cat-autoboek","7":"product_cat-horlogeboek","8":"product_tag-racebook","9":"product_tag-sportwatch","10":"product_tag-sportwatches","11":"product_tag-timetorace","13":"first","14":"instock","15":"taxable","16":"shipping-taxable","17":"purchasable","18":"product-type-simple"},"yoast_head":"<!-- This site is optimized with the Yoast SEO plugin v26.5 - https:\/\/yoast.com\/wordpress\/plugins\/seo\/ -->\n<title>Time to Race. Watches and Speed. Stories of Men and Machines - Gentlemen&#039;s Watch<\/title>\n<meta name=\"description\" content=\"Time to Race is h\u00e9t boek over een reis door een periode van ruim honderd jaar met coureurs, \u00a0legendarische circuits en horloges als hoofdrolspelers. Een verhaal om de nauwe banden te begrijpen die kenmerkend zijn geweest voor twee vaak verenigde werelden, zoals autoraces en horloges.\" \/>\n<meta name=\"robots\" content=\"index, follow, max-snippet:-1, max-image-preview:large, max-video-preview:-1\" \/>\n<link rel=\"canonical\" href=\"https:\/\/gentlemenswatch.com\/de\/shop\/uhrenbuch\/zeit-um-uhren-zu-rennen-und-geschichten-von-menschen-und-maschinen-zu-erzahlen\/\" \/>\n<meta property=\"og:locale\" content=\"de_DE\" \/>\n<meta property=\"og:type\" content=\"article\" \/>\n<meta property=\"og:title\" content=\"Time to Race. Watches and Speed. Stories of Men and Machines - Gentlemen&#039;s Watch\" \/>\n<meta property=\"og:description\" content=\"Time to Race is h\u00e9t boek over een reis door een periode van ruim honderd jaar met coureurs, \u00a0legendarische circuits en horloges als hoofdrolspelers. Een verhaal om de nauwe banden te begrijpen die kenmerkend zijn geweest voor twee vaak verenigde werelden, zoals autoraces en horloges.\" \/>\n<meta property=\"og:url\" content=\"https:\/\/gentlemenswatch.com\/de\/shop\/uhrenbuch\/zeit-um-uhren-zu-rennen-und-geschichten-von-menschen-und-maschinen-zu-erzahlen\/\" \/>\n<meta property=\"og:site_name\" content=\"Gentlemen&#039;s Watch\" \/>\n<meta property=\"article:publisher\" content=\"https:\/\/www.facebook.com\/GentlemensWATCH\" \/>\n<meta property=\"article:modified_time\" content=\"2024-01-10T14:50:40+00:00\" \/>\n<meta property=\"og:image\" content=\"https:\/\/gentlemenswatch.com\/wp-content\/uploads\/2023\/05\/time-to-race-watches-and-speed-stories-of-men-and-machines.jpg\" \/>\n\t<meta property=\"og:image:width\" content=\"771\" \/>\n\t<meta property=\"og:image:height\" content=\"1000\" \/>\n\t<meta property=\"og:image:type\" content=\"image\/jpeg\" \/>\n<meta name=\"twitter:card\" content=\"summary_large_image\" \/>\n<meta name=\"twitter:label1\" content=\"Gesch\u00e4tzte Lesezeit\" \/>\n\t<meta name=\"twitter:data1\" content=\"1\u00a0Minute\" \/>\n<script type=\"application\/ld+json\" class=\"yoast-schema-graph\">{\"@context\":\"https:\/\/schema.org\",\"@graph\":[{\"@type\":\"WebPage\",\"@id\":\"https:\/\/gentlemenswatch.com\/de\/shop\/horlogeboek\/time-to-race-watches-and-speed-stories-of-men-and-machines\/\",\"url\":\"https:\/\/gentlemenswatch.com\/de\/shop\/horlogeboek\/time-to-race-watches-and-speed-stories-of-men-and-machines\/\",\"name\":\"Time to Race. Watches and Speed. Stories of Men and Machines - Gentlemen&#039;s Watch\",\"isPartOf\":{\"@id\":\"https:\/\/gentlemenswatch.com\/#website\"},\"primaryImageOfPage\":{\"@id\":\"https:\/\/gentlemenswatch.com\/de\/shop\/horlogeboek\/time-to-race-watches-and-speed-stories-of-men-and-machines\/#primaryimage\"},\"image\":{\"@id\":\"https:\/\/gentlemenswatch.com\/de\/shop\/horlogeboek\/time-to-race-watches-and-speed-stories-of-men-and-machines\/#primaryimage\"},\"thumbnailUrl\":\"https:\/\/gentlemenswatch.com\/wp-content\/uploads\/2023\/05\/time-to-race-watches-and-speed-stories-of-men-and-machines.jpg\",\"datePublished\":\"2023-05-19T09:49:20+00:00\",\"dateModified\":\"2024-01-10T14:50:40+00:00\",\"description\":\"Time to Race is h\u00e9t boek over een reis door een periode van ruim honderd jaar met coureurs, \u00a0legendarische circuits en horloges als hoofdrolspelers. Een verhaal om de nauwe banden te begrijpen die kenmerkend zijn geweest voor twee vaak verenigde werelden, zoals autoraces en horloges.\",\"breadcrumb\":{\"@id\":\"https:\/\/gentlemenswatch.com\/de\/shop\/horlogeboek\/time-to-race-watches-and-speed-stories-of-men-and-machines\/#breadcrumb\"},\"inLanguage\":\"de\",\"potentialAction\":[{\"@type\":\"ReadAction\",\"target\":[\"https:\/\/gentlemenswatch.com\/de\/shop\/horlogeboek\/time-to-race-watches-and-speed-stories-of-men-and-machines\/\"]}]},{\"@type\":\"ImageObject\",\"inLanguage\":\"de\",\"@id\":\"https:\/\/gentlemenswatch.com\/de\/shop\/horlogeboek\/time-to-race-watches-and-speed-stories-of-men-and-machines\/#primaryimage\",\"url\":\"https:\/\/gentlemenswatch.com\/wp-content\/uploads\/2023\/05\/time-to-race-watches-and-speed-stories-of-men-and-machines.jpg\",\"contentUrl\":\"https:\/\/gentlemenswatch.com\/wp-content\/uploads\/2023\/05\/time-to-race-watches-and-speed-stories-of-men-and-machines.jpg\",\"width\":771,\"height\":1000},{\"@type\":\"BreadcrumbList\",\"@id\":\"https:\/\/gentlemenswatch.com\/de\/shop\/horlogeboek\/time-to-race-watches-and-speed-stories-of-men-and-machines\/#breadcrumb\",\"itemListElement\":[{\"@type\":\"ListItem\",\"position\":1,\"name\":\"Home\",\"item\":\"https:\/\/gentlemenswatch.com\/\"},{\"@type\":\"ListItem\",\"position\":2,\"name\":\"Winkel\",\"item\":\"https:\/\/gentlemenswatch.com\/winkel\/\"},{\"@type\":\"ListItem\",\"position\":3,\"name\":\"Time to Race. Watches and Speed. Stories of Men and Machines\"}]},{\"@type\":\"WebSite\",\"@id\":\"https:\/\/gentlemenswatch.com\/#website\",\"url\":\"https:\/\/gentlemenswatch.com\/\",\"name\":\"Gentlemen's Watch\",\"description\":\"Serious about style\",\"publisher\":{\"@id\":\"https:\/\/gentlemenswatch.com\/#organization\"},\"potentialAction\":[{\"@type\":\"SearchAction\",\"target\":{\"@type\":\"EntryPoint\",\"urlTemplate\":\"https:\/\/gentlemenswatch.com\/?s={search_term_string}\"},\"query-input\":{\"@type\":\"PropertyValueSpecification\",\"valueRequired\":true,\"valueName\":\"search_term_string\"}}],\"inLanguage\":\"de\"},{\"@type\":\"Organization\",\"@id\":\"https:\/\/gentlemenswatch.com\/#organization\",\"name\":\"Gentlemen's Watch\",\"url\":\"https:\/\/gentlemenswatch.com\/\",\"logo\":{\"@type\":\"ImageObject\",\"inLanguage\":\"de\",\"@id\":\"https:\/\/gentlemenswatch.com\/#\/schema\/logo\/image\/\",\"url\":\"https:\/\/gentlemenswatch.com\/wp-content\/uploads\/2025\/05\/GWlogo.png\",\"contentUrl\":\"https:\/\/gentlemenswatch.com\/wp-content\/uploads\/2025\/05\/GWlogo.png\",\"width\":2956,\"height\":477,\"caption\":\"Gentlemen's Watch\"},\"image\":{\"@id\":\"https:\/\/gentlemenswatch.com\/#\/schema\/logo\/image\/\"},\"sameAs\":[\"https:\/\/www.facebook.com\/GentlemensWATCH\",\"https:\/\/www.instagram.com\/gentlemenswatch\/\"]}]}<\/script>\n<!-- \/ Yoast SEO plugin. -->","yoast_head_json":{"title":"Zeit zum Rennen. Uhren und Geschwindigkeit. Geschichten von Menschen und Maschinen - Gentlemen&#039;s Watch","description":"Time to Race ist ein Buch \u00fcber eine Reise durch einen Zeitraum von mehr als hundert Jahren mit Fahrern, legend\u00e4ren Rennstrecken und Uhren als Protagonisten. Eine Geschichte, um die engen Verbindungen zu verstehen, die zwei oft vereinte Welten wie den Rennsport und die Uhren charakterisiert haben.","robots":{"index":"index","follow":"follow","max-snippet":"max-snippet:-1","max-image-preview":"max-image-preview:large","max-video-preview":"max-video-preview:-1"},"canonical":"https:\/\/gentlemenswatch.com\/de\/shop\/uhrenbuch\/zeit-um-uhren-zu-rennen-und-geschichten-von-menschen-und-maschinen-zu-erzahlen\/","og_locale":"de_DE","og_type":"article","og_title":"Time to Race. Watches and Speed. Stories of Men and Machines - Gentlemen&#039;s Watch","og_description":"Time to Race is h\u00e9t boek over een reis door een periode van ruim honderd jaar met coureurs, \u00a0legendarische circuits en horloges als hoofdrolspelers. Een verhaal om de nauwe banden te begrijpen die kenmerkend zijn geweest voor twee vaak verenigde werelden, zoals autoraces en horloges.","og_url":"https:\/\/gentlemenswatch.com\/de\/shop\/uhrenbuch\/zeit-um-uhren-zu-rennen-und-geschichten-von-menschen-und-maschinen-zu-erzahlen\/","og_site_name":"Gentlemen&#039;s Watch","article_publisher":"https:\/\/www.facebook.com\/GentlemensWATCH","article_modified_time":"2024-01-10T14:50:40+00:00","og_image":[{"width":771,"height":1000,"url":"https:\/\/gentlemenswatch.com\/wp-content\/uploads\/2023\/05\/time-to-race-watches-and-speed-stories-of-men-and-machines.jpg","type":"image\/jpeg"}],"twitter_card":"summary_large_image","twitter_misc":{"Gesch\u00e4tzte Lesezeit":"1\u00a0Minute"},"schema":{"@context":"https:\/\/schema.org","@graph":[{"@type":"WebPage","@id":"https:\/\/gentlemenswatch.com\/de\/shop\/horlogeboek\/time-to-race-watches-and-speed-stories-of-men-and-machines\/","url":"https:\/\/gentlemenswatch.com\/de\/shop\/horlogeboek\/time-to-race-watches-and-speed-stories-of-men-and-machines\/","name":"Zeit zum Rennen. Uhren und Geschwindigkeit. Geschichten von Menschen und Maschinen - Gentlemen&#039;s Watch","isPartOf":{"@id":"https:\/\/gentlemenswatch.com\/#website"},"primaryImageOfPage":{"@id":"https:\/\/gentlemenswatch.com\/de\/shop\/horlogeboek\/time-to-race-watches-and-speed-stories-of-men-and-machines\/#primaryimage"},"image":{"@id":"https:\/\/gentlemenswatch.com\/de\/shop\/horlogeboek\/time-to-race-watches-and-speed-stories-of-men-and-machines\/#primaryimage"},"thumbnailUrl":"https:\/\/gentlemenswatch.com\/wp-content\/uploads\/2023\/05\/time-to-race-watches-and-speed-stories-of-men-and-machines.jpg","datePublished":"2023-05-19T09:49:20+00:00","dateModified":"2024-01-10T14:50:40+00:00","description":"Time to Race ist ein Buch \u00fcber eine Reise durch einen Zeitraum von mehr als hundert Jahren mit Fahrern, legend\u00e4ren Rennstrecken und Uhren als Protagonisten. Eine Geschichte, um die engen Verbindungen zu verstehen, die zwei oft vereinte Welten wie den Rennsport und die Uhren charakterisiert haben.","breadcrumb":{"@id":"https:\/\/gentlemenswatch.com\/de\/shop\/horlogeboek\/time-to-race-watches-and-speed-stories-of-men-and-machines\/#breadcrumb"},"inLanguage":"de","potentialAction":[{"@type":"ReadAction","target":["https:\/\/gentlemenswatch.com\/de\/shop\/horlogeboek\/time-to-race-watches-and-speed-stories-of-men-and-machines\/"]}]},{"@type":"ImageObject","inLanguage":"de","@id":"https:\/\/gentlemenswatch.com\/de\/shop\/horlogeboek\/time-to-race-watches-and-speed-stories-of-men-and-machines\/#primaryimage","url":"https:\/\/gentlemenswatch.com\/wp-content\/uploads\/2023\/05\/time-to-race-watches-and-speed-stories-of-men-and-machines.jpg","contentUrl":"https:\/\/gentlemenswatch.com\/wp-content\/uploads\/2023\/05\/time-to-race-watches-and-speed-stories-of-men-and-machines.jpg","width":771,"height":1000},{"@type":"BreadcrumbList","@id":"https:\/\/gentlemenswatch.com\/de\/shop\/horlogeboek\/time-to-race-watches-and-speed-stories-of-men-and-machines\/#breadcrumb","itemListElement":[{"@type":"ListItem","position":1,"name":"Home","item":"https:\/\/gentlemenswatch.com\/"},{"@type":"ListItem","position":2,"name":"Winkel","item":"https:\/\/gentlemenswatch.com\/winkel\/"},{"@type":"ListItem","position":3,"name":"Time to Race. Watches and Speed. Stories of Men and Machines"}]},{"@type":"WebSite","@id":"https:\/\/gentlemenswatch.com\/#website","url":"https:\/\/gentlemenswatch.com\/","name":"Gentlemen's Watch","description":"Ernsthaftigkeit im Stil","publisher":{"@id":"https:\/\/gentlemenswatch.com\/#organization"},"potentialAction":[{"@type":"SearchAction","target":{"@type":"EntryPoint","urlTemplate":"https:\/\/gentlemenswatch.com\/?s={search_term_string}"},"query-input":{"@type":"PropertyValueSpecification","valueRequired":true,"valueName":"search_term_string"}}],"inLanguage":"de"},{"@type":"Organization","@id":"https:\/\/gentlemenswatch.com\/#organization","name":"Gentlemen's Watch","url":"https:\/\/gentlemenswatch.com\/","logo":{"@type":"ImageObject","inLanguage":"de","@id":"https:\/\/gentlemenswatch.com\/#\/schema\/logo\/image\/","url":"https:\/\/gentlemenswatch.com\/wp-content\/uploads\/2025\/05\/GWlogo.png","contentUrl":"https:\/\/gentlemenswatch.com\/wp-content\/uploads\/2025\/05\/GWlogo.png","width":2956,"height":477,"caption":"Gentlemen's Watch"},"image":{"@id":"https:\/\/gentlemenswatch.com\/#\/schema\/logo\/image\/"},"sameAs":["https:\/\/www.facebook.com\/GentlemensWATCH","https:\/\/www.instagram.com\/gentlemenswatch\/"]}]}},"_links":{"self":[{"href":"https:\/\/gentlemenswatch.com\/de\/wp-json\/wp\/v2\/product\/16066","targetHints":{"allow":["GET"]}}],"collection":[{"href":"https:\/\/gentlemenswatch.com\/de\/wp-json\/wp\/v2\/product"}],"about":[{"href":"https:\/\/gentlemenswatch.com\/de\/wp-json\/wp\/v2\/types\/product"}],"replies":[{"embeddable":true,"href":"https:\/\/gentlemenswatch.com\/de\/wp-json\/wp\/v2\/comments?post=16066"}],"wp:featuredmedia":[{"embeddable":true,"href":"https:\/\/gentlemenswatch.com\/de\/wp-json\/wp\/v2\/media\/16067"}],"wp:attachment":[{"href":"https:\/\/gentlemenswatch.com\/de\/wp-json\/wp\/v2\/media?parent=16066"}],"wp:term":[{"taxonomy":"product_brand","embeddable":true,"href":"https:\/\/gentlemenswatch.com\/de\/wp-json\/wp\/v2\/product_brand?post=16066"},{"taxonomy":"product_cat","embeddable":true,"href":"https:\/\/gentlemenswatch.com\/de\/wp-json\/wp\/v2\/product_cat?post=16066"},{"taxonomy":"product_tag","embeddable":true,"href":"https:\/\/gentlemenswatch.com\/de\/wp-json\/wp\/v2\/product_tag?post=16066"}],"curies":[{"name":"wp","href":"https:\/\/api.w.org\/{rel}","templated":true}]}}