{"id":14985,"date":"2022-11-08T10:25:17","date_gmt":"2022-11-08T10:25:17","guid":{"rendered":"https:\/\/gentlemenswatch.com\/?post_type=product&#038;p=14985"},"modified":"2022-11-08T10:32:54","modified_gmt":"2022-11-08T10:32:54","slug":"das-ferrari-buch","status":"publish","type":"product","link":"https:\/\/gentlemenswatch.com\/de\/shop\/autobuch\/das-ferrari-buch\/","title":{"rendered":"DAS FERRARI-BUCH"},"content":{"rendered":"<p>Der Erfolg beruht nicht auf Wundern, sondern ist fast immer das Ergebnis eines klaren Konzepts - der Inbegriff einer ehrgeizigen, ja geradezu innovativen Idee. Die Aura von Ferrari n\u00e4hert sich dem Wunderbaren. Was steckt hinter diesem Ph\u00e4nomen? Woher kommt die Faszination f\u00fcr eine Marke, deren kreative Entw\u00fcrfe international anerkannt und begeistert aufgenommen werden? Zun\u00e4chst einmal ist das Wunder von Ferrari auch heute - 70 Jahre nach der Gr\u00fcndung des Unternehmens - zu einem gro\u00dfen Teil auf die Pers\u00f6nlichkeit von Il Commendatore Enzo Ferrari zur\u00fcckzuf\u00fchren. Geduld, Leidenschaft und H\u00e4rte gegen\u00fcber sich selbst und seinem Umfeld gaben der Marke unter dem Emblem des Cavallino Rampante die Kraft, das zu werden, was sie heute ist: Faszination auf vier R\u00e4dern pur. Zweitens ist die lange Liste der internationalen Rennsiege ebenso wichtig. Der wahre Wert einer Marke und ihrer Produkte misst sich in der W\u00e4hrung der leidenschaftlichen Hingabe. Dies ist das dritte und vielleicht wesentlichste Element, das das Wunder Ferrari best\u00e4tigt: Das Buch Ferrari - Passion for Design zeichnet die Entwicklung des Wunders in einem 416-seitigen Buch mit 250 Farb- und Schwarz-Wei\u00df-Fotos nach.<br \/>\nFEATURES<br \/>\nGr\u00f6\u00dfe: 29 x 37 cm<br \/>\nAnzahl der Seiten: 416 Seiten<br \/>\nAnzahl der Fotos: 250 Farb- und Schwarz-Wei\u00df-Fotos<br \/>\nAuflage: Hardcover<br \/>\nSprache: Eng, Ger, Fra, Ita<\/p>","protected":false},"excerpt":{"rendered":"<p>Der Erfolg beruht nicht auf Wundern, sondern ist fast immer das Ergebnis eines klaren Konzepts - der Inbegriff einer ehrgeizigen, ja geradezu innovativen Idee. Die Aura von Ferrari n\u00e4hert sich dem Wunderbaren. Was steckt hinter diesem Ph\u00e4nomen? Woher kommt die Faszination f\u00fcr eine Marke, deren kreative Entw\u00fcrfe international anerkannt und begeistert aufgenommen werden? Erstens: Auch heute noch - 70 Jahre nach der Gr\u00fcndung des Unternehmens - ist das Wunder von Ferrari zu einem gro\u00dfen Teil auf die Pers\u00f6nlichkeit von Il Commendatore Enzo Ferrari zur\u00fcckzuf\u00fchren.<\/p>","protected":false},"featured_media":14986,"comment_status":"open","ping_status":"closed","template":"","meta":[],"product_brand":[],"product_cat":[572],"product_tag":[567,571,569,568,570],"class_list":{"0":"post-14985","1":"product","2":"type-product","3":"status-publish","4":"has-post-thumbnail","6":"product_cat-autoboek","7":"product_tag-ferrari","8":"product_tag-ferrarisportscar","9":"product_tag-italianbeast","10":"product_tag-italianstyle","11":"product_tag-sportscar","13":"first","14":"instock","15":"taxable","16":"shipping-taxable","17":"purchasable","18":"product-type-simple"},"yoast_head":"<!-- This site is optimized with the Yoast SEO plugin v26.5 - https:\/\/yoast.com\/wordpress\/plugins\/seo\/ -->\n<title>THE FERRARI BOOK - Gentlemen&#039;s Watch<\/title>\n<meta name=\"description\" content=\"Succes is niet gebaseerd op wonderen, maar is bijna altijd het product van een duidelijk concept - het toppunt van een ambitieus, zelfs schril innovatief idee. De uitstraling van Ferrari benadert het wonderbaarlijke. Wat zit er achter dit fenomeen? Wat is de bron van fascinatie voor een merk waarvan de creatieve ontwerpen internationaal worden erkend en enthousiast worden ontvangen? Ten eerste, zelfs vandaag - 70 jaar nadat het bedrijf werd opgericht - is het wonder van Ferrari nog steeds grotendeels te danken aan de persoonlijkheid van Il Commendatore, Enzo Ferrari.\" \/>\n<meta name=\"robots\" content=\"index, follow, max-snippet:-1, max-image-preview:large, max-video-preview:-1\" \/>\n<link rel=\"canonical\" href=\"https:\/\/gentlemenswatch.com\/de\/shop\/autobuch\/das-ferrari-buch\/\" \/>\n<meta property=\"og:locale\" content=\"de_DE\" \/>\n<meta property=\"og:type\" content=\"article\" \/>\n<meta property=\"og:title\" content=\"THE FERRARI BOOK - Gentlemen&#039;s Watch\" \/>\n<meta property=\"og:description\" content=\"Succes is niet gebaseerd op wonderen, maar is bijna altijd het product van een duidelijk concept - het toppunt van een ambitieus, zelfs schril innovatief idee. De uitstraling van Ferrari benadert het wonderbaarlijke. Wat zit er achter dit fenomeen? Wat is de bron van fascinatie voor een merk waarvan de creatieve ontwerpen internationaal worden erkend en enthousiast worden ontvangen? Ten eerste, zelfs vandaag - 70 jaar nadat het bedrijf werd opgericht - is het wonder van Ferrari nog steeds grotendeels te danken aan de persoonlijkheid van Il Commendatore, Enzo Ferrari.\" \/>\n<meta property=\"og:url\" content=\"https:\/\/gentlemenswatch.com\/de\/shop\/autobuch\/das-ferrari-buch\/\" \/>\n<meta property=\"og:site_name\" content=\"Gentlemen&#039;s Watch\" \/>\n<meta property=\"article:publisher\" content=\"https:\/\/www.facebook.com\/GentlemensWATCH\" \/>\n<meta property=\"article:modified_time\" content=\"2022-11-08T10:32:54+00:00\" \/>\n<meta property=\"og:image\" content=\"https:\/\/gentlemenswatch.com\/wp-content\/uploads\/2022\/11\/Schermafbeelding_2019-07-10_om_14.40.46.png\" \/>\n\t<meta property=\"og:image:width\" content=\"550\" \/>\n\t<meta property=\"og:image:height\" content=\"650\" \/>\n\t<meta property=\"og:image:type\" content=\"image\/png\" \/>\n<meta name=\"twitter:card\" content=\"summary_large_image\" \/>\n<meta name=\"twitter:label1\" content=\"Gesch\u00e4tzte Lesezeit\" \/>\n\t<meta name=\"twitter:data1\" content=\"2\u00a0Minuten\" \/>\n<script type=\"application\/ld+json\" class=\"yoast-schema-graph\">{\"@context\":\"https:\/\/schema.org\",\"@graph\":[{\"@type\":\"WebPage\",\"@id\":\"https:\/\/gentlemenswatch.com\/shop\/autoboek\/the-ferrari-book\/\",\"url\":\"https:\/\/gentlemenswatch.com\/shop\/autoboek\/the-ferrari-book\/\",\"name\":\"THE FERRARI BOOK - Gentlemen&#039;s Watch\",\"isPartOf\":{\"@id\":\"https:\/\/gentlemenswatch.com\/#website\"},\"primaryImageOfPage\":{\"@id\":\"https:\/\/gentlemenswatch.com\/shop\/autoboek\/the-ferrari-book\/#primaryimage\"},\"image\":{\"@id\":\"https:\/\/gentlemenswatch.com\/shop\/autoboek\/the-ferrari-book\/#primaryimage\"},\"thumbnailUrl\":\"https:\/\/gentlemenswatch.com\/wp-content\/uploads\/2022\/11\/Schermafbeelding_2019-07-10_om_14.40.46.png\",\"datePublished\":\"2022-11-08T10:25:17+00:00\",\"dateModified\":\"2022-11-08T10:32:54+00:00\",\"description\":\"Succes is niet gebaseerd op wonderen, maar is bijna altijd het product van een duidelijk concept - het toppunt van een ambitieus, zelfs schril innovatief idee. De uitstraling van Ferrari benadert het wonderbaarlijke. Wat zit er achter dit fenomeen? Wat is de bron van fascinatie voor een merk waarvan de creatieve ontwerpen internationaal worden erkend en enthousiast worden ontvangen? Ten eerste, zelfs vandaag - 70 jaar nadat het bedrijf werd opgericht - is het wonder van Ferrari nog steeds grotendeels te danken aan de persoonlijkheid van Il Commendatore, Enzo Ferrari.\",\"breadcrumb\":{\"@id\":\"https:\/\/gentlemenswatch.com\/shop\/autoboek\/the-ferrari-book\/#breadcrumb\"},\"inLanguage\":\"de\",\"potentialAction\":[{\"@type\":\"ReadAction\",\"target\":[\"https:\/\/gentlemenswatch.com\/shop\/autoboek\/the-ferrari-book\/\"]}]},{\"@type\":\"ImageObject\",\"inLanguage\":\"de\",\"@id\":\"https:\/\/gentlemenswatch.com\/shop\/autoboek\/the-ferrari-book\/#primaryimage\",\"url\":\"https:\/\/gentlemenswatch.com\/wp-content\/uploads\/2022\/11\/Schermafbeelding_2019-07-10_om_14.40.46.png\",\"contentUrl\":\"https:\/\/gentlemenswatch.com\/wp-content\/uploads\/2022\/11\/Schermafbeelding_2019-07-10_om_14.40.46.png\",\"width\":550,\"height\":650},{\"@type\":\"BreadcrumbList\",\"@id\":\"https:\/\/gentlemenswatch.com\/shop\/autoboek\/the-ferrari-book\/#breadcrumb\",\"itemListElement\":[{\"@type\":\"ListItem\",\"position\":1,\"name\":\"Home\",\"item\":\"https:\/\/gentlemenswatch.com\/\"},{\"@type\":\"ListItem\",\"position\":2,\"name\":\"Winkel\",\"item\":\"https:\/\/gentlemenswatch.com\/winkel\/\"},{\"@type\":\"ListItem\",\"position\":3,\"name\":\"THE FERRARI BOOK\"}]},{\"@type\":\"WebSite\",\"@id\":\"https:\/\/gentlemenswatch.com\/#website\",\"url\":\"https:\/\/gentlemenswatch.com\/\",\"name\":\"Gentlemen's Watch\",\"description\":\"Serious about style\",\"publisher\":{\"@id\":\"https:\/\/gentlemenswatch.com\/#organization\"},\"potentialAction\":[{\"@type\":\"SearchAction\",\"target\":{\"@type\":\"EntryPoint\",\"urlTemplate\":\"https:\/\/gentlemenswatch.com\/?s={search_term_string}\"},\"query-input\":{\"@type\":\"PropertyValueSpecification\",\"valueRequired\":true,\"valueName\":\"search_term_string\"}}],\"inLanguage\":\"de\"},{\"@type\":\"Organization\",\"@id\":\"https:\/\/gentlemenswatch.com\/#organization\",\"name\":\"Gentlemen's Watch\",\"url\":\"https:\/\/gentlemenswatch.com\/\",\"logo\":{\"@type\":\"ImageObject\",\"inLanguage\":\"de\",\"@id\":\"https:\/\/gentlemenswatch.com\/#\/schema\/logo\/image\/\",\"url\":\"https:\/\/gentlemenswatch.com\/wp-content\/uploads\/2025\/05\/GWlogo.png\",\"contentUrl\":\"https:\/\/gentlemenswatch.com\/wp-content\/uploads\/2025\/05\/GWlogo.png\",\"width\":2956,\"height\":477,\"caption\":\"Gentlemen's Watch\"},\"image\":{\"@id\":\"https:\/\/gentlemenswatch.com\/#\/schema\/logo\/image\/\"},\"sameAs\":[\"https:\/\/www.facebook.com\/GentlemensWATCH\",\"https:\/\/www.instagram.com\/gentlemenswatch\/\"]}]}<\/script>\n<!-- \/ Yoast SEO plugin. -->","yoast_head_json":{"title":"THE FERRARI BOOK - Uhr f\u00fcr Herren","description":"Der Erfolg beruht nicht auf Wundern, sondern ist fast immer das Ergebnis eines klaren Konzepts - der Inbegriff einer ehrgeizigen, ja geradezu innovativen Idee. Die Aura von Ferrari n\u00e4hert sich dem Wunderbaren. Was steckt hinter diesem Ph\u00e4nomen? Woher kommt die Faszination f\u00fcr eine Marke, deren kreative Entw\u00fcrfe international anerkannt und begeistert aufgenommen werden? Erstens: Auch heute noch - 70 Jahre nach der Gr\u00fcndung des Unternehmens - ist das Wunder von Ferrari zu einem gro\u00dfen Teil auf die Pers\u00f6nlichkeit von Il Commendatore Enzo Ferrari zur\u00fcckzuf\u00fchren.","robots":{"index":"index","follow":"follow","max-snippet":"max-snippet:-1","max-image-preview":"max-image-preview:large","max-video-preview":"max-video-preview:-1"},"canonical":"https:\/\/gentlemenswatch.com\/de\/shop\/autobuch\/das-ferrari-buch\/","og_locale":"de_DE","og_type":"article","og_title":"THE FERRARI BOOK - Gentlemen&#039;s Watch","og_description":"Succes is niet gebaseerd op wonderen, maar is bijna altijd het product van een duidelijk concept - het toppunt van een ambitieus, zelfs schril innovatief idee. De uitstraling van Ferrari benadert het wonderbaarlijke. Wat zit er achter dit fenomeen? Wat is de bron van fascinatie voor een merk waarvan de creatieve ontwerpen internationaal worden erkend en enthousiast worden ontvangen? Ten eerste, zelfs vandaag - 70 jaar nadat het bedrijf werd opgericht - is het wonder van Ferrari nog steeds grotendeels te danken aan de persoonlijkheid van Il Commendatore, Enzo Ferrari.","og_url":"https:\/\/gentlemenswatch.com\/de\/shop\/autobuch\/das-ferrari-buch\/","og_site_name":"Gentlemen&#039;s Watch","article_publisher":"https:\/\/www.facebook.com\/GentlemensWATCH","article_modified_time":"2022-11-08T10:32:54+00:00","og_image":[{"width":550,"height":650,"url":"https:\/\/gentlemenswatch.com\/wp-content\/uploads\/2022\/11\/Schermafbeelding_2019-07-10_om_14.40.46.png","type":"image\/png"}],"twitter_card":"summary_large_image","twitter_misc":{"Gesch\u00e4tzte Lesezeit":"2\u00a0Minuten"},"schema":{"@context":"https:\/\/schema.org","@graph":[{"@type":"WebPage","@id":"https:\/\/gentlemenswatch.com\/shop\/autoboek\/the-ferrari-book\/","url":"https:\/\/gentlemenswatch.com\/shop\/autoboek\/the-ferrari-book\/","name":"THE FERRARI BOOK - Uhr f\u00fcr Herren","isPartOf":{"@id":"https:\/\/gentlemenswatch.com\/#website"},"primaryImageOfPage":{"@id":"https:\/\/gentlemenswatch.com\/shop\/autoboek\/the-ferrari-book\/#primaryimage"},"image":{"@id":"https:\/\/gentlemenswatch.com\/shop\/autoboek\/the-ferrari-book\/#primaryimage"},"thumbnailUrl":"https:\/\/gentlemenswatch.com\/wp-content\/uploads\/2022\/11\/Schermafbeelding_2019-07-10_om_14.40.46.png","datePublished":"2022-11-08T10:25:17+00:00","dateModified":"2022-11-08T10:32:54+00:00","description":"Der Erfolg beruht nicht auf Wundern, sondern ist fast immer das Ergebnis eines klaren Konzepts - der Inbegriff einer ehrgeizigen, ja geradezu innovativen Idee. Die Aura von Ferrari n\u00e4hert sich dem Wunderbaren. Was steckt hinter diesem Ph\u00e4nomen? Woher kommt die Faszination f\u00fcr eine Marke, deren kreative Entw\u00fcrfe international anerkannt und begeistert aufgenommen werden? Erstens: Auch heute noch - 70 Jahre nach der Gr\u00fcndung des Unternehmens - ist das Wunder von Ferrari zu einem gro\u00dfen Teil auf die Pers\u00f6nlichkeit von Il Commendatore Enzo Ferrari zur\u00fcckzuf\u00fchren.","breadcrumb":{"@id":"https:\/\/gentlemenswatch.com\/shop\/autoboek\/the-ferrari-book\/#breadcrumb"},"inLanguage":"de","potentialAction":[{"@type":"ReadAction","target":["https:\/\/gentlemenswatch.com\/shop\/autoboek\/the-ferrari-book\/"]}]},{"@type":"ImageObject","inLanguage":"de","@id":"https:\/\/gentlemenswatch.com\/shop\/autoboek\/the-ferrari-book\/#primaryimage","url":"https:\/\/gentlemenswatch.com\/wp-content\/uploads\/2022\/11\/Schermafbeelding_2019-07-10_om_14.40.46.png","contentUrl":"https:\/\/gentlemenswatch.com\/wp-content\/uploads\/2022\/11\/Schermafbeelding_2019-07-10_om_14.40.46.png","width":550,"height":650},{"@type":"BreadcrumbList","@id":"https:\/\/gentlemenswatch.com\/shop\/autoboek\/the-ferrari-book\/#breadcrumb","itemListElement":[{"@type":"ListItem","position":1,"name":"Home","item":"https:\/\/gentlemenswatch.com\/"},{"@type":"ListItem","position":2,"name":"Winkel","item":"https:\/\/gentlemenswatch.com\/winkel\/"},{"@type":"ListItem","position":3,"name":"THE FERRARI BOOK"}]},{"@type":"WebSite","@id":"https:\/\/gentlemenswatch.com\/#website","url":"https:\/\/gentlemenswatch.com\/","name":"Gentlemen's Watch","description":"Ernsthaftigkeit im Stil","publisher":{"@id":"https:\/\/gentlemenswatch.com\/#organization"},"potentialAction":[{"@type":"SearchAction","target":{"@type":"EntryPoint","urlTemplate":"https:\/\/gentlemenswatch.com\/?s={search_term_string}"},"query-input":{"@type":"PropertyValueSpecification","valueRequired":true,"valueName":"search_term_string"}}],"inLanguage":"de"},{"@type":"Organization","@id":"https:\/\/gentlemenswatch.com\/#organization","name":"Gentlemen's Watch","url":"https:\/\/gentlemenswatch.com\/","logo":{"@type":"ImageObject","inLanguage":"de","@id":"https:\/\/gentlemenswatch.com\/#\/schema\/logo\/image\/","url":"https:\/\/gentlemenswatch.com\/wp-content\/uploads\/2025\/05\/GWlogo.png","contentUrl":"https:\/\/gentlemenswatch.com\/wp-content\/uploads\/2025\/05\/GWlogo.png","width":2956,"height":477,"caption":"Gentlemen's Watch"},"image":{"@id":"https:\/\/gentlemenswatch.com\/#\/schema\/logo\/image\/"},"sameAs":["https:\/\/www.facebook.com\/GentlemensWATCH","https:\/\/www.instagram.com\/gentlemenswatch\/"]}]}},"_links":{"self":[{"href":"https:\/\/gentlemenswatch.com\/de\/wp-json\/wp\/v2\/product\/14985","targetHints":{"allow":["GET"]}}],"collection":[{"href":"https:\/\/gentlemenswatch.com\/de\/wp-json\/wp\/v2\/product"}],"about":[{"href":"https:\/\/gentlemenswatch.com\/de\/wp-json\/wp\/v2\/types\/product"}],"replies":[{"embeddable":true,"href":"https:\/\/gentlemenswatch.com\/de\/wp-json\/wp\/v2\/comments?post=14985"}],"wp:featuredmedia":[{"embeddable":true,"href":"https:\/\/gentlemenswatch.com\/de\/wp-json\/wp\/v2\/media\/14986"}],"wp:attachment":[{"href":"https:\/\/gentlemenswatch.com\/de\/wp-json\/wp\/v2\/media?parent=14985"}],"wp:term":[{"taxonomy":"product_brand","embeddable":true,"href":"https:\/\/gentlemenswatch.com\/de\/wp-json\/wp\/v2\/product_brand?post=14985"},{"taxonomy":"product_cat","embeddable":true,"href":"https:\/\/gentlemenswatch.com\/de\/wp-json\/wp\/v2\/product_cat?post=14985"},{"taxonomy":"product_tag","embeddable":true,"href":"https:\/\/gentlemenswatch.com\/de\/wp-json\/wp\/v2\/product_tag?post=14985"}],"curies":[{"name":"wp","href":"https:\/\/api.w.org\/{rel}","templated":true}]}}