{"id":12117,"date":"2021-10-09T10:20:45","date_gmt":"2021-10-09T10:20:45","guid":{"rendered":"https:\/\/testomgeving.gentlemenswatch.com\/?post_type=product&#038;p=12117"},"modified":"2023-02-09T15:01:33","modified_gmt":"2023-02-09T15:01:33","slug":"rolex-gmt-master","status":"publish","type":"product","link":"https:\/\/gentlemenswatch.com\/de\/shop\/uhrenbuch\/rolex-gmt-master\/","title":{"rendered":"ROLEX GMT-MASTER"},"content":{"rendered":"<h1>Rolex GMT-Master. <span style=\"color: #339966;\">AUF LAGER!<\/span><br \/>\nvon Lele Ravagnani<\/h1>\n<p>NEUESTE AUSGABE!<br \/>\nEin wesentlicher Leitfaden zum Sammeln und Investieren in Rolex GMT-Master<\/p>\n<p>Die GMT-Master wurde auf Wunsch der Pan American Airways entwickelt, um ihren Piloten eine Armbanduhr zur Verf\u00fcgung zu stellen, die gleichzeitig die Zeit zu Hause und die Zeit am Zielort anzeigt. Dieses brillante Buch soll die Leidenschaft und das internationale Interesse an dieser Uhr w\u00fcrdigen.<\/p>\n<p>Einige der Fragen, die sich ein Sammler heute stellt, sind:<br \/>\n- Sind die Aluminium-L\u00fcnetteneins\u00e4tze der Nr. 6542 original?<br \/>\n- Kann man irgendwie feststellen, ob die L\u00fcnette ausgetauscht worden ist?<br \/>\n- Ist die Ref. 1675 aus Edelstahl mit der M\u00f6glichkeit, zwei L\u00fcnetten anzubringen: rot\/blau und schwarz?<br \/>\nDie vorliegende Publikation tr\u00e4gt dank ihrer eingehenden Untersuchung dazu bei, solche Zweifel auszur\u00e4umen.<br \/>\nNur in diesem Buch ist es m\u00f6glich, sowohl die ersten Modelle aus den 1950er Jahren als auch die neuesten Uhren zu finden.<br \/>\nBesondere Aufmerksamkeit wurde den Variationen der L\u00fcnetten, Zifferbl\u00e4tter und Geh\u00e4use gewidmet - Faktoren, die den Wert der Uhr heute mitbestimmen.<\/p>\n<p>Diese Ausgabe enth\u00e4lt auch Referenzen, die von Liebhabern und Sammlern schon immer gesucht wurden, wie z.B. die Nummern. 6542, 1675, 16750 und viele andere.<\/p>\n<p>F\u00fcr jede Referenz wird ein detailliertes Datenblatt erstellt, das das Anfangs- und Endjahr der Produktion, das Kaliber und alle Merkmale der Uhr (Glas, L\u00fcnette, Armband, Geh\u00e4useboden, Aufzugskrone, Geh\u00e4usenummer mit Produktionsjahr, Zifferblatt, Uhrwerk, ...) enth\u00e4lt.<\/p>\n<p>In der Anlage finden Sie auch die aktualisierte Preisliste jeder Rolex GMT-Master sowie die chronologische Tabelle der Produktion ab 1953.<\/p>\n<p>320 Seiten - Farbabbildungen - Format: 25 cm x 31,5 cm.<br \/>\nPreis f\u00fcr Leser des GW-Magazins und von gentlemenswatch.com: \u20ac 620<\/p>","protected":false},"excerpt":{"rendered":"<p>Ein absolutes Muss f\u00fcr Rolex-Fans und -Sammler. Mit einzigartigen Hintergrundinformationen. LIMITIERTE AUFLAGE!<\/p>","protected":false},"featured_media":12110,"comment_status":"open","ping_status":"closed","template":"","meta":[],"product_brand":[],"product_cat":[325],"product_tag":[],"class_list":{"0":"post-12117","1":"product","2":"type-product","3":"status-publish","4":"has-post-thumbnail","6":"product_cat-horlogeboek","8":"first","9":"instock","10":"taxable","11":"shipping-taxable","12":"purchasable","13":"product-type-simple"},"yoast_head":"<!-- This site is optimized with the Yoast SEO plugin v26.5 - https:\/\/yoast.com\/wordpress\/plugins\/seo\/ -->\n<title>ROLEX GMT-MASTER - Gentlemen&#039;s Watch<\/title>\n<meta name=\"description\" content=\"Een uniek boek over de Rolex GMT-Master. Onmisbaar voor verzamelaars en iedereen die van plan is ooit zo&#039;n horloge te kopen!\" \/>\n<meta name=\"robots\" content=\"index, follow, max-snippet:-1, max-image-preview:large, max-video-preview:-1\" \/>\n<link rel=\"canonical\" href=\"https:\/\/gentlemenswatch.com\/de\/shop\/uhrenbuch\/rolex-gmt-master\/\" \/>\n<meta property=\"og:locale\" content=\"de_DE\" \/>\n<meta property=\"og:type\" content=\"article\" \/>\n<meta property=\"og:title\" content=\"ROLEX GMT-MASTER - Gentlemen&#039;s Watch\" \/>\n<meta property=\"og:description\" content=\"Een uniek boek over de Rolex GMT-Master. Onmisbaar voor verzamelaars en iedereen die van plan is ooit zo&#039;n horloge te kopen!\" \/>\n<meta property=\"og:url\" content=\"https:\/\/gentlemenswatch.com\/de\/shop\/uhrenbuch\/rolex-gmt-master\/\" \/>\n<meta property=\"og:site_name\" content=\"Gentlemen&#039;s Watch\" \/>\n<meta property=\"article:publisher\" content=\"https:\/\/www.facebook.com\/GentlemensWATCH\" \/>\n<meta property=\"article:modified_time\" content=\"2023-02-09T15:01:33+00:00\" \/>\n<meta property=\"og:image\" content=\"https:\/\/gentlemenswatch.com\/wp-content\/uploads\/2021\/10\/rolex-gmt-master.jpg\" \/>\n\t<meta property=\"og:image:width\" content=\"538\" \/>\n\t<meta property=\"og:image:height\" content=\"538\" \/>\n\t<meta property=\"og:image:type\" content=\"image\/jpeg\" \/>\n<meta name=\"twitter:card\" content=\"summary_large_image\" \/>\n<meta name=\"twitter:label1\" content=\"Gesch\u00e4tzte Lesezeit\" \/>\n\t<meta name=\"twitter:data1\" content=\"2\u00a0Minuten\" \/>\n<script type=\"application\/ld+json\" class=\"yoast-schema-graph\">{\"@context\":\"https:\/\/schema.org\",\"@graph\":[{\"@type\":\"WebPage\",\"@id\":\"https:\/\/gentlemenswatch.com\/shop\/horlogeboek\/rolex-gmt-master\/\",\"url\":\"https:\/\/gentlemenswatch.com\/shop\/horlogeboek\/rolex-gmt-master\/\",\"name\":\"ROLEX GMT-MASTER - Gentlemen&#039;s Watch\",\"isPartOf\":{\"@id\":\"https:\/\/gentlemenswatch.com\/#website\"},\"primaryImageOfPage\":{\"@id\":\"https:\/\/gentlemenswatch.com\/shop\/horlogeboek\/rolex-gmt-master\/#primaryimage\"},\"image\":{\"@id\":\"https:\/\/gentlemenswatch.com\/shop\/horlogeboek\/rolex-gmt-master\/#primaryimage\"},\"thumbnailUrl\":\"https:\/\/gentlemenswatch.com\/wp-content\/uploads\/2021\/10\/rolex-gmt-master.jpg\",\"datePublished\":\"2021-10-09T10:20:45+00:00\",\"dateModified\":\"2023-02-09T15:01:33+00:00\",\"description\":\"Een uniek boek over de Rolex GMT-Master. Onmisbaar voor verzamelaars en iedereen die van plan is ooit zo'n horloge te kopen!\",\"breadcrumb\":{\"@id\":\"https:\/\/gentlemenswatch.com\/shop\/horlogeboek\/rolex-gmt-master\/#breadcrumb\"},\"inLanguage\":\"de\",\"potentialAction\":[{\"@type\":\"ReadAction\",\"target\":[\"https:\/\/gentlemenswatch.com\/shop\/horlogeboek\/rolex-gmt-master\/\"]}]},{\"@type\":\"ImageObject\",\"inLanguage\":\"de\",\"@id\":\"https:\/\/gentlemenswatch.com\/shop\/horlogeboek\/rolex-gmt-master\/#primaryimage\",\"url\":\"https:\/\/gentlemenswatch.com\/wp-content\/uploads\/2021\/10\/rolex-gmt-master.jpg\",\"contentUrl\":\"https:\/\/gentlemenswatch.com\/wp-content\/uploads\/2021\/10\/rolex-gmt-master.jpg\",\"width\":538,\"height\":538},{\"@type\":\"BreadcrumbList\",\"@id\":\"https:\/\/gentlemenswatch.com\/shop\/horlogeboek\/rolex-gmt-master\/#breadcrumb\",\"itemListElement\":[{\"@type\":\"ListItem\",\"position\":1,\"name\":\"Home\",\"item\":\"https:\/\/gentlemenswatch.com\/\"},{\"@type\":\"ListItem\",\"position\":2,\"name\":\"Winkel\",\"item\":\"https:\/\/gentlemenswatch.com\/winkel\/\"},{\"@type\":\"ListItem\",\"position\":3,\"name\":\"ROLEX GMT-MASTER\"}]},{\"@type\":\"WebSite\",\"@id\":\"https:\/\/gentlemenswatch.com\/#website\",\"url\":\"https:\/\/gentlemenswatch.com\/\",\"name\":\"Gentlemen's Watch\",\"description\":\"Serious about style\",\"publisher\":{\"@id\":\"https:\/\/gentlemenswatch.com\/#organization\"},\"potentialAction\":[{\"@type\":\"SearchAction\",\"target\":{\"@type\":\"EntryPoint\",\"urlTemplate\":\"https:\/\/gentlemenswatch.com\/?s={search_term_string}\"},\"query-input\":{\"@type\":\"PropertyValueSpecification\",\"valueRequired\":true,\"valueName\":\"search_term_string\"}}],\"inLanguage\":\"de\"},{\"@type\":\"Organization\",\"@id\":\"https:\/\/gentlemenswatch.com\/#organization\",\"name\":\"Gentlemen's Watch\",\"url\":\"https:\/\/gentlemenswatch.com\/\",\"logo\":{\"@type\":\"ImageObject\",\"inLanguage\":\"de\",\"@id\":\"https:\/\/gentlemenswatch.com\/#\/schema\/logo\/image\/\",\"url\":\"https:\/\/gentlemenswatch.com\/wp-content\/uploads\/2025\/05\/GWlogo.png\",\"contentUrl\":\"https:\/\/gentlemenswatch.com\/wp-content\/uploads\/2025\/05\/GWlogo.png\",\"width\":2956,\"height\":477,\"caption\":\"Gentlemen's Watch\"},\"image\":{\"@id\":\"https:\/\/gentlemenswatch.com\/#\/schema\/logo\/image\/\"},\"sameAs\":[\"https:\/\/www.facebook.com\/GentlemensWATCH\",\"https:\/\/www.instagram.com\/gentlemenswatch\/\"]}]}<\/script>\n<!-- \/ Yoast SEO plugin. -->","yoast_head_json":{"title":"ROLEX GMT-MASTER - Herren&#039;s Uhr","description":"Ein einzigartiges Buch \u00fcber die Rolex GMT-Master. Unverzichtbar f\u00fcr Sammler und alle, die sich eines Tages eine solche Uhr zulegen wollen!","robots":{"index":"index","follow":"follow","max-snippet":"max-snippet:-1","max-image-preview":"max-image-preview:large","max-video-preview":"max-video-preview:-1"},"canonical":"https:\/\/gentlemenswatch.com\/de\/shop\/uhrenbuch\/rolex-gmt-master\/","og_locale":"de_DE","og_type":"article","og_title":"ROLEX GMT-MASTER - Gentlemen&#039;s Watch","og_description":"Een uniek boek over de Rolex GMT-Master. Onmisbaar voor verzamelaars en iedereen die van plan is ooit zo'n horloge te kopen!","og_url":"https:\/\/gentlemenswatch.com\/de\/shop\/uhrenbuch\/rolex-gmt-master\/","og_site_name":"Gentlemen&#039;s Watch","article_publisher":"https:\/\/www.facebook.com\/GentlemensWATCH","article_modified_time":"2023-02-09T15:01:33+00:00","og_image":[{"width":538,"height":538,"url":"https:\/\/gentlemenswatch.com\/wp-content\/uploads\/2021\/10\/rolex-gmt-master.jpg","type":"image\/jpeg"}],"twitter_card":"summary_large_image","twitter_misc":{"Gesch\u00e4tzte Lesezeit":"2\u00a0Minuten"},"schema":{"@context":"https:\/\/schema.org","@graph":[{"@type":"WebPage","@id":"https:\/\/gentlemenswatch.com\/shop\/horlogeboek\/rolex-gmt-master\/","url":"https:\/\/gentlemenswatch.com\/shop\/horlogeboek\/rolex-gmt-master\/","name":"ROLEX GMT-MASTER - Herren&#039;s Uhr","isPartOf":{"@id":"https:\/\/gentlemenswatch.com\/#website"},"primaryImageOfPage":{"@id":"https:\/\/gentlemenswatch.com\/shop\/horlogeboek\/rolex-gmt-master\/#primaryimage"},"image":{"@id":"https:\/\/gentlemenswatch.com\/shop\/horlogeboek\/rolex-gmt-master\/#primaryimage"},"thumbnailUrl":"https:\/\/gentlemenswatch.com\/wp-content\/uploads\/2021\/10\/rolex-gmt-master.jpg","datePublished":"2021-10-09T10:20:45+00:00","dateModified":"2023-02-09T15:01:33+00:00","description":"Ein einzigartiges Buch \u00fcber die Rolex GMT-Master. Unverzichtbar f\u00fcr Sammler und alle, die sich eines Tages eine solche Uhr zulegen wollen!","breadcrumb":{"@id":"https:\/\/gentlemenswatch.com\/shop\/horlogeboek\/rolex-gmt-master\/#breadcrumb"},"inLanguage":"de","potentialAction":[{"@type":"ReadAction","target":["https:\/\/gentlemenswatch.com\/shop\/horlogeboek\/rolex-gmt-master\/"]}]},{"@type":"ImageObject","inLanguage":"de","@id":"https:\/\/gentlemenswatch.com\/shop\/horlogeboek\/rolex-gmt-master\/#primaryimage","url":"https:\/\/gentlemenswatch.com\/wp-content\/uploads\/2021\/10\/rolex-gmt-master.jpg","contentUrl":"https:\/\/gentlemenswatch.com\/wp-content\/uploads\/2021\/10\/rolex-gmt-master.jpg","width":538,"height":538},{"@type":"BreadcrumbList","@id":"https:\/\/gentlemenswatch.com\/shop\/horlogeboek\/rolex-gmt-master\/#breadcrumb","itemListElement":[{"@type":"ListItem","position":1,"name":"Home","item":"https:\/\/gentlemenswatch.com\/"},{"@type":"ListItem","position":2,"name":"Winkel","item":"https:\/\/gentlemenswatch.com\/winkel\/"},{"@type":"ListItem","position":3,"name":"ROLEX GMT-MASTER"}]},{"@type":"WebSite","@id":"https:\/\/gentlemenswatch.com\/#website","url":"https:\/\/gentlemenswatch.com\/","name":"Gentlemen's Watch","description":"Ernsthaftigkeit im Stil","publisher":{"@id":"https:\/\/gentlemenswatch.com\/#organization"},"potentialAction":[{"@type":"SearchAction","target":{"@type":"EntryPoint","urlTemplate":"https:\/\/gentlemenswatch.com\/?s={search_term_string}"},"query-input":{"@type":"PropertyValueSpecification","valueRequired":true,"valueName":"search_term_string"}}],"inLanguage":"de"},{"@type":"Organization","@id":"https:\/\/gentlemenswatch.com\/#organization","name":"Gentlemen's Watch","url":"https:\/\/gentlemenswatch.com\/","logo":{"@type":"ImageObject","inLanguage":"de","@id":"https:\/\/gentlemenswatch.com\/#\/schema\/logo\/image\/","url":"https:\/\/gentlemenswatch.com\/wp-content\/uploads\/2025\/05\/GWlogo.png","contentUrl":"https:\/\/gentlemenswatch.com\/wp-content\/uploads\/2025\/05\/GWlogo.png","width":2956,"height":477,"caption":"Gentlemen's Watch"},"image":{"@id":"https:\/\/gentlemenswatch.com\/#\/schema\/logo\/image\/"},"sameAs":["https:\/\/www.facebook.com\/GentlemensWATCH","https:\/\/www.instagram.com\/gentlemenswatch\/"]}]}},"_links":{"self":[{"href":"https:\/\/gentlemenswatch.com\/de\/wp-json\/wp\/v2\/product\/12117","targetHints":{"allow":["GET"]}}],"collection":[{"href":"https:\/\/gentlemenswatch.com\/de\/wp-json\/wp\/v2\/product"}],"about":[{"href":"https:\/\/gentlemenswatch.com\/de\/wp-json\/wp\/v2\/types\/product"}],"replies":[{"embeddable":true,"href":"https:\/\/gentlemenswatch.com\/de\/wp-json\/wp\/v2\/comments?post=12117"}],"wp:featuredmedia":[{"embeddable":true,"href":"https:\/\/gentlemenswatch.com\/de\/wp-json\/wp\/v2\/media\/12110"}],"wp:attachment":[{"href":"https:\/\/gentlemenswatch.com\/de\/wp-json\/wp\/v2\/media?parent=12117"}],"wp:term":[{"taxonomy":"product_brand","embeddable":true,"href":"https:\/\/gentlemenswatch.com\/de\/wp-json\/wp\/v2\/product_brand?post=12117"},{"taxonomy":"product_cat","embeddable":true,"href":"https:\/\/gentlemenswatch.com\/de\/wp-json\/wp\/v2\/product_cat?post=12117"},{"taxonomy":"product_tag","embeddable":true,"href":"https:\/\/gentlemenswatch.com\/de\/wp-json\/wp\/v2\/product_tag?post=12117"}],"curies":[{"name":"wp","href":"https:\/\/api.w.org\/{rel}","templated":true}]}}