{"id":565,"date":"2021-01-17T11:50:11","date_gmt":"2021-01-17T11:50:11","guid":{"rendered":"https:\/\/smartmag.theme-sphere.com\/tech-2\/get-in-touch\/"},"modified":"2025-07-01T12:11:06","modified_gmt":"2025-07-01T10:11:06","slug":"sich-melden","status":"publish","type":"page","link":"https:\/\/gentlemenswatch.com\/de\/sich-melden\/","title":{"rendered":"Kontaktangaben"},"content":{"rendered":"<p>Fragen zu Ihrem <strong>Abonnement<\/strong>, <strong>Lieferung<\/strong> oder etwas anderes? Wenn ja, kontaktieren Sie bitte <strong>ABOLAND<\/strong>!<\/p>\r\n\r\n\r\n\r\n<p>PO Box 20 | 1910 AA | Uitgeest | NL<br \/>0251-257924<\/p>\r\n\r\n\r\n\r\n<p><strong>ABOLAND kann auch \u00fcber Twitter erreicht werden. <\/strong>Senden Sie einen Tweet an: @Aboland_Kunden<\/p>\r\n\r\n\r\n\r\n<p>&nbsp;<\/p>\r\n\r\n\r\n\r\n<p><strong>F\u00fcr Abonnenten in BELGIEN<\/strong><\/p>\r\n\r\n\r\n\r\n<p>Abonnementenland | Ambachtslaan 21 Einheit 2A | 3001 Heverlee | BE<\/p>\r\n\r\n\r\n\r\n<p>+32 (0)28 08 55 23<\/p>\r\n\r\n\r\n\r\n<p>&nbsp;<\/p>\r\n\r\n\r\n<hr class=\"wp-block-separator is-style-wide\" \/>\r\n\r\n\r\n<p><strong>REDAKTION<\/strong><\/p>\r\n<p>Gentlemen's Watch ist eine Ver\u00f6ffentlichung von <em>Yellow House Publishers BV<\/em><\/p>\r\n\r\n\r\n\r\n<p>Oeverhuyze 33 | 5221PS | 's-Hertogenbosch | NL<\/p>\r\n\r\n\r\n\r\n\r\n\r\n<p>info@gentlemenswatch.com<\/p>\r\n\r\n\r\n\r\n<p><strong>WERBUNG?<\/strong><\/p>\r\n\r\n\r\n\r\n<p>Wenden Sie sich an Leo van Klaveren, wenn Sie mehr \u00fcber die zahlreichen M\u00f6glichkeiten in den Bereichen Print, Online, Social oder einer Kombination davon erfahren m\u00f6chten.<\/p>\r\n\r\n\r\n\r\n<p>info@gentlemenswatch.com<\/p>\r\n\r\n\r\n\r\n<p>+31 653 33 34 36<\/p>\r\n\r\n\r\n\r\n<p>&nbsp;<\/p>","protected":false},"excerpt":{"rendered":"<p>Vragen over je abonnement, bezorging of iets anders? Neem dan contact op met ABOLAND! Postbus 20 | 1910 AA | Uitgeest | NL0251-257924 ABOLAND is ook bereikbaar via Twitter. Stuur een tweet naar: @Aboland_klanten &nbsp; Voor abonnees in BELGI\u00cb Abonnementenland | Ambachtslaan 21 Unit 2A | 3001 Heverlee | BE +32 (0)28 08 55 23<\/p>","protected":false},"author":1,"featured_media":0,"parent":0,"menu_order":0,"comment_status":"closed","ping_status":"closed","template":"","meta":{"footnotes":""},"class_list":["post-565","page","type-page","status-publish"],"yoast_head":"<!-- This site is optimized with the Yoast SEO plugin v26.5 - https:\/\/yoast.com\/wordpress\/plugins\/seo\/ -->\n<title>Contactgegevens - Gentlemen&#039;s Watch<\/title>\n<meta name=\"robots\" content=\"index, follow, max-snippet:-1, max-image-preview:large, max-video-preview:-1\" \/>\n<link rel=\"canonical\" href=\"https:\/\/gentlemenswatch.com\/de\/sich-melden\/\" \/>\n<meta property=\"og:locale\" content=\"de_DE\" \/>\n<meta property=\"og:type\" content=\"article\" \/>\n<meta property=\"og:title\" content=\"Contactgegevens - Gentlemen&#039;s Watch\" \/>\n<meta property=\"og:description\" content=\"Vragen over je abonnement, bezorging of iets anders? Neem dan contact op met ABOLAND! Postbus 20 | 1910 AA | Uitgeest | NL0251-257924 ABOLAND is ook bereikbaar via Twitter. Stuur een tweet naar: @Aboland_klanten &nbsp; Voor abonnees in BELGI\u00cb Abonnementenland | Ambachtslaan 21 Unit 2A | 3001 Heverlee | BE +32 (0)28 08 55 23\" \/>\n<meta property=\"og:url\" content=\"https:\/\/gentlemenswatch.com\/de\/sich-melden\/\" \/>\n<meta property=\"og:site_name\" content=\"Gentlemen&#039;s Watch\" \/>\n<meta property=\"article:publisher\" content=\"https:\/\/www.facebook.com\/GentlemensWATCH\" \/>\n<meta property=\"article:modified_time\" content=\"2025-07-01T10:11:06+00:00\" \/>\n<meta name=\"twitter:card\" content=\"summary_large_image\" \/>\n<meta name=\"twitter:label1\" content=\"Gesch\u00e4tzte Lesezeit\" \/>\n\t<meta name=\"twitter:data1\" content=\"1\u00a0Minute\" \/>\n<script type=\"application\/ld+json\" class=\"yoast-schema-graph\">{\"@context\":\"https:\/\/schema.org\",\"@graph\":[{\"@type\":\"WebPage\",\"@id\":\"https:\/\/gentlemenswatch.com\/get-in-touch\/\",\"url\":\"https:\/\/gentlemenswatch.com\/get-in-touch\/\",\"name\":\"Contactgegevens - Gentlemen&#039;s Watch\",\"isPartOf\":{\"@id\":\"https:\/\/gentlemenswatch.com\/#website\"},\"datePublished\":\"2021-01-17T11:50:11+00:00\",\"dateModified\":\"2025-07-01T10:11:06+00:00\",\"breadcrumb\":{\"@id\":\"https:\/\/gentlemenswatch.com\/get-in-touch\/#breadcrumb\"},\"inLanguage\":\"de\",\"potentialAction\":[{\"@type\":\"ReadAction\",\"target\":[\"https:\/\/gentlemenswatch.com\/get-in-touch\/\"]}]},{\"@type\":\"BreadcrumbList\",\"@id\":\"https:\/\/gentlemenswatch.com\/get-in-touch\/#breadcrumb\",\"itemListElement\":[{\"@type\":\"ListItem\",\"position\":1,\"name\":\"Home\",\"item\":\"https:\/\/gentlemenswatch.com\/\"},{\"@type\":\"ListItem\",\"position\":2,\"name\":\"Contactgegevens\"}]},{\"@type\":\"WebSite\",\"@id\":\"https:\/\/gentlemenswatch.com\/#website\",\"url\":\"https:\/\/gentlemenswatch.com\/\",\"name\":\"Gentlemen's Watch\",\"description\":\"Serious about style\",\"publisher\":{\"@id\":\"https:\/\/gentlemenswatch.com\/#organization\"},\"potentialAction\":[{\"@type\":\"SearchAction\",\"target\":{\"@type\":\"EntryPoint\",\"urlTemplate\":\"https:\/\/gentlemenswatch.com\/?s={search_term_string}\"},\"query-input\":{\"@type\":\"PropertyValueSpecification\",\"valueRequired\":true,\"valueName\":\"search_term_string\"}}],\"inLanguage\":\"de\"},{\"@type\":\"Organization\",\"@id\":\"https:\/\/gentlemenswatch.com\/#organization\",\"name\":\"Gentlemen's Watch\",\"url\":\"https:\/\/gentlemenswatch.com\/\",\"logo\":{\"@type\":\"ImageObject\",\"inLanguage\":\"de\",\"@id\":\"https:\/\/gentlemenswatch.com\/#\/schema\/logo\/image\/\",\"url\":\"https:\/\/gentlemenswatch.com\/wp-content\/uploads\/2025\/05\/GWlogo.png\",\"contentUrl\":\"https:\/\/gentlemenswatch.com\/wp-content\/uploads\/2025\/05\/GWlogo.png\",\"width\":2956,\"height\":477,\"caption\":\"Gentlemen's Watch\"},\"image\":{\"@id\":\"https:\/\/gentlemenswatch.com\/#\/schema\/logo\/image\/\"},\"sameAs\":[\"https:\/\/www.facebook.com\/GentlemensWATCH\",\"https:\/\/www.instagram.com\/gentlemenswatch\/\"]}]}<\/script>\n<!-- \/ Yoast SEO plugin. -->","yoast_head_json":{"title":"Kontaktdaten - Gentlemen&#039;s Watch","robots":{"index":"index","follow":"follow","max-snippet":"max-snippet:-1","max-image-preview":"max-image-preview:large","max-video-preview":"max-video-preview:-1"},"canonical":"https:\/\/gentlemenswatch.com\/de\/sich-melden\/","og_locale":"de_DE","og_type":"article","og_title":"Contactgegevens - Gentlemen&#039;s Watch","og_description":"Vragen over je abonnement, bezorging of iets anders? Neem dan contact op met ABOLAND! Postbus 20 | 1910 AA | Uitgeest | NL0251-257924 ABOLAND is ook bereikbaar via Twitter. Stuur een tweet naar: @Aboland_klanten &nbsp; Voor abonnees in BELGI\u00cb Abonnementenland | Ambachtslaan 21 Unit 2A | 3001 Heverlee | BE +32 (0)28 08 55 23","og_url":"https:\/\/gentlemenswatch.com\/de\/sich-melden\/","og_site_name":"Gentlemen&#039;s Watch","article_publisher":"https:\/\/www.facebook.com\/GentlemensWATCH","article_modified_time":"2025-07-01T10:11:06+00:00","twitter_card":"summary_large_image","twitter_misc":{"Gesch\u00e4tzte Lesezeit":"1\u00a0Minute"},"schema":{"@context":"https:\/\/schema.org","@graph":[{"@type":"WebPage","@id":"https:\/\/gentlemenswatch.com\/get-in-touch\/","url":"https:\/\/gentlemenswatch.com\/get-in-touch\/","name":"Kontaktdaten - Gentlemen&#039;s Watch","isPartOf":{"@id":"https:\/\/gentlemenswatch.com\/#website"},"datePublished":"2021-01-17T11:50:11+00:00","dateModified":"2025-07-01T10:11:06+00:00","breadcrumb":{"@id":"https:\/\/gentlemenswatch.com\/get-in-touch\/#breadcrumb"},"inLanguage":"de","potentialAction":[{"@type":"ReadAction","target":["https:\/\/gentlemenswatch.com\/get-in-touch\/"]}]},{"@type":"BreadcrumbList","@id":"https:\/\/gentlemenswatch.com\/get-in-touch\/#breadcrumb","itemListElement":[{"@type":"ListItem","position":1,"name":"Home","item":"https:\/\/gentlemenswatch.com\/"},{"@type":"ListItem","position":2,"name":"Contactgegevens"}]},{"@type":"WebSite","@id":"https:\/\/gentlemenswatch.com\/#website","url":"https:\/\/gentlemenswatch.com\/","name":"Gentlemen's Watch","description":"Ernsthaftigkeit im Stil","publisher":{"@id":"https:\/\/gentlemenswatch.com\/#organization"},"potentialAction":[{"@type":"SearchAction","target":{"@type":"EntryPoint","urlTemplate":"https:\/\/gentlemenswatch.com\/?s={search_term_string}"},"query-input":{"@type":"PropertyValueSpecification","valueRequired":true,"valueName":"search_term_string"}}],"inLanguage":"de"},{"@type":"Organization","@id":"https:\/\/gentlemenswatch.com\/#organization","name":"Gentlemen's Watch","url":"https:\/\/gentlemenswatch.com\/","logo":{"@type":"ImageObject","inLanguage":"de","@id":"https:\/\/gentlemenswatch.com\/#\/schema\/logo\/image\/","url":"https:\/\/gentlemenswatch.com\/wp-content\/uploads\/2025\/05\/GWlogo.png","contentUrl":"https:\/\/gentlemenswatch.com\/wp-content\/uploads\/2025\/05\/GWlogo.png","width":2956,"height":477,"caption":"Gentlemen's Watch"},"image":{"@id":"https:\/\/gentlemenswatch.com\/#\/schema\/logo\/image\/"},"sameAs":["https:\/\/www.facebook.com\/GentlemensWATCH","https:\/\/www.instagram.com\/gentlemenswatch\/"]}]}},"_links":{"self":[{"href":"https:\/\/gentlemenswatch.com\/de\/wp-json\/wp\/v2\/pages\/565","targetHints":{"allow":["GET"]}}],"collection":[{"href":"https:\/\/gentlemenswatch.com\/de\/wp-json\/wp\/v2\/pages"}],"about":[{"href":"https:\/\/gentlemenswatch.com\/de\/wp-json\/wp\/v2\/types\/page"}],"author":[{"embeddable":true,"href":"https:\/\/gentlemenswatch.com\/de\/wp-json\/wp\/v2\/users\/1"}],"replies":[{"embeddable":true,"href":"https:\/\/gentlemenswatch.com\/de\/wp-json\/wp\/v2\/comments?post=565"}],"version-history":[{"count":7,"href":"https:\/\/gentlemenswatch.com\/de\/wp-json\/wp\/v2\/pages\/565\/revisions"}],"predecessor-version":[{"id":19867,"href":"https:\/\/gentlemenswatch.com\/de\/wp-json\/wp\/v2\/pages\/565\/revisions\/19867"}],"wp:attachment":[{"href":"https:\/\/gentlemenswatch.com\/de\/wp-json\/wp\/v2\/media?parent=565"}],"curies":[{"name":"wp","href":"https:\/\/api.w.org\/{rel}","templated":true}]}}